{"id":5346,"date":"2026-03-25T08:49:50","date_gmt":"2026-03-25T08:49:50","guid":{"rendered":"https:\/\/istanbulstroller.com\/haeufig-gestellte-fragen-faq\/"},"modified":"2026-04-11T10:37:30","modified_gmt":"2026-04-11T10:37:30","slug":"haeufig-gestellte-fragen-faq","status":"publish","type":"page","link":"https:\/\/istanbulstroller.com\/de\/haeufig-gestellte-fragen-faq\/","title":{"rendered":"H\u00e4ufig gestellte Fragen (FAQ)"},"content":{"rendered":"\t\t<div data-elementor-type=\"wp-page\" data-elementor-id=\"5346\" class=\"elementor elementor-5346 elementor-3481\">\n\t\t\t\t<div class=\"wd-negative-gap elementor-element elementor-element-11800d32 e-flex e-con-boxed e-con e-parent\" data-id=\"11800d32\" data-element_type=\"container\" data-e-type=\"container\">\n\t\t\t\t\t<div class=\"e-con-inner\">\n\t\t\t\t<div class=\"elementor-element elementor-element-4f3b2024 wd-width-100 elementor-widget elementor-widget-wd_title\" data-id=\"4f3b2024\" data-element_type=\"widget\" data-e-type=\"widget\" data-widget_type=\"wd_title.default\">\n\t\t\t\t<div class=\"elementor-widget-container\">\n\t\t\t\t\t\t\t<div class=\"title-wrapper wd-set-mb reset-last-child wd-title-color-default wd-title-style-underlined wd-title-size-default text-left\">\n\n\t\t\t\n\t\t\t<div class=\"liner-continer\">\n\t\t\t\t<h4 class=\"woodmart-title-container title wd-fontsize-l\">H\u00e4ufig gestellte Fragen (FAQ)<\/h4> \n\t\t\t\t\t\t\t<\/div>\n\n\t\t\t\t\t<\/div>\n\t\t\t\t\t\t<\/div>\n\t\t\t\t<\/div>\n\t\t<div class=\"elementor-element elementor-element-fbde01d e-con-full e-flex e-con e-child\" data-id=\"fbde01d\" data-element_type=\"container\" data-e-type=\"container\">\n\t\t<div class=\"elementor-element elementor-element-c886a29 e-con-full e-flex e-con e-child\" data-id=\"c886a29\" data-element_type=\"container\" data-e-type=\"container\">\n\t\t\t\t<div class=\"elementor-element elementor-element-18ad15cd elementor-widget elementor-widget-wd_text_block\" data-id=\"18ad15cd\" data-element_type=\"widget\" data-e-type=\"widget\" data-widget_type=\"wd_text_block.default\">\n\t\t\t\t<div class=\"elementor-widget-container\">\n\t\t\t\t\t\t\t<div class=\"wd-text-block reset-last-child text-left\">\n\t\t\t\n\t\t\t<h5>1. Wie w\u00e4hlen Sie die Produkte aus, die Sie vermieten?<\/h5><p>Beim Aufbau unseres Sortiments an Babyausr\u00fcstung legen wir besonderen Wert auf internationale Sicherheitsstandards, Ergonomie und die Qualit\u00e4t namhafter Marken.<\/p>\n\t\t\t\t\t<\/div>\n\t\t\t\t\t\t<\/div>\n\t\t\t\t<\/div>\n\t\t\t\t<div class=\"elementor-element elementor-element-671b9dd2 elementor-widget elementor-widget-wd_text_block\" data-id=\"671b9dd2\" data-element_type=\"widget\" data-e-type=\"widget\" data-widget_type=\"wd_text_block.default\">\n\t\t\t\t<div class=\"elementor-widget-container\">\n\t\t\t\t\t\t\t<div class=\"wd-text-block reset-last-child text-left\">\n\t\t\t\n\t\t\t<h5>3. Wie wird die Mietdauer festgelegt?<\/h5><p>Sie k\u00f6nnen ganz nach Ihrem Reiseplan zwischen verschiedenen Laufzeiten w\u00e4hlen \u2013 t\u00e4glich, w\u00f6chentlich oder monatlich.<\/p>\n\t\t\t\t\t<\/div>\n\t\t\t\t\t\t<\/div>\n\t\t\t\t<\/div>\n\t\t\t\t<div class=\"elementor-element elementor-element-5ffe1a33 elementor-widget elementor-widget-wd_text_block\" data-id=\"5ffe1a33\" data-element_type=\"widget\" data-e-type=\"widget\" data-widget_type=\"wd_text_block.default\">\n\t\t\t\t<div class=\"elementor-widget-container\">\n\t\t\t\t\t\t\t<div class=\"wd-text-block reset-last-child text-left\">\n\t\t\t\n\t\t\t<h5>5. Wie wird die gemietete Ausr\u00fcstung geliefert?<\/h5><p>Ihre Bestellung wird von unserem professionellen Team direkt an Ihre Adresse geliefert \u2013 genau an dem von Ihnen gew\u00e4hlten Tag und zur von Ihnen gew\u00e4hlten Uhrzeit.<\/p>\n\t\t\t\t\t<\/div>\n\t\t\t\t\t\t<\/div>\n\t\t\t\t<\/div>\n\t\t\t\t<\/div>\n\t\t<div class=\"elementor-element elementor-element-5aa31de5 e-con-full e-flex e-con e-child\" data-id=\"5aa31de5\" data-element_type=\"container\" data-e-type=\"container\">\n\t\t\t\t<div class=\"elementor-element elementor-element-74785b64 elementor-widget elementor-widget-wd_text_block\" data-id=\"74785b64\" data-element_type=\"widget\" data-e-type=\"widget\" data-widget_type=\"wd_text_block.default\">\n\t\t\t\t<div class=\"elementor-widget-container\">\n\t\t\t\t\t\t\t<div class=\"wd-text-block reset-last-child text-left\">\n\t\t\t\n\t\t\t<h5>2. Wie kann ich eine Reservierung vornehmen?<\/h5><p>Sie k\u00f6nnen Ihre Reservierung f\u00fcr die Anmietung von Babyausstattung schnell abschlie\u00dfen, indem Sie die gew\u00fcnschten Artikel in den Warenkorb legen und auf unserer Website Ihre Wunschtermine ausw\u00e4hlen.<\/p>\n\t\t\t\t\t<\/div>\n\t\t\t\t\t\t<\/div>\n\t\t\t\t<\/div>\n\t\t\t\t<div class=\"elementor-element elementor-element-3c9683e9 elementor-widget elementor-widget-wd_text_block\" data-id=\"3c9683e9\" data-element_type=\"widget\" data-e-type=\"widget\" data-widget_type=\"wd_text_block.default\">\n\t\t\t\t<div class=\"elementor-widget-container\">\n\t\t\t\t\t\t\t<div class=\"wd-text-block reset-last-child text-left\">\n\t\t\t\n\t\t\t<h5>4. Wie bezahle ich meine Miete?<\/h5><p>Sie k\u00f6nnen entweder online w\u00e4hrend des Bestellvorgangs bezahlen oder direkt bei unserem Team bei Lieferung Ihrer Artikel.<\/p>\n\t\t\t\t\t<\/div>\n\t\t\t\t\t\t<\/div>\n\t\t\t\t<\/div>\n\t\t\t\t<div class=\"elementor-element elementor-element-6522184 elementor-widget elementor-widget-wd_text_block\" data-id=\"6522184\" data-element_type=\"widget\" data-e-type=\"widget\" data-widget_type=\"wd_text_block.default\">\n\t\t\t\t<div class=\"elementor-widget-container\">\n\t\t\t\t\t\t\t<div class=\"wd-text-block reset-last-child text-left\">\n\t\t\t\n\t\t\t<h5>6. In welche Stadtteile von Istanbul liefern Sie?<\/h5><p>Wir liefern direkt in viele Stadtteile, Hotels und Ferienwohnungen in ganz Istanbul, mit Ausnahme der Flugh\u00e4fen.<\/p>\n\t\t\t\t\t<\/div>\n\t\t\t\t\t\t<\/div>\n\t\t\t\t<\/div>\n\t\t\t\t<\/div>\n\t\t\t\t<\/div>\n\t\t<div class=\"elementor-element elementor-element-6f35bd5 e-con-full e-flex e-con e-child\" data-id=\"6f35bd5\" data-element_type=\"container\" data-e-type=\"container\">\n\t\t<div class=\"elementor-element elementor-element-3316b56 e-con-full e-flex e-con e-child\" data-id=\"3316b56\" data-element_type=\"container\" data-e-type=\"container\">\n\t\t\t\t<div class=\"elementor-element elementor-element-b629a80 elementor-widget elementor-widget-wd_text_block\" data-id=\"b629a80\" data-element_type=\"widget\" data-e-type=\"widget\" data-widget_type=\"wd_text_block.default\">\n\t\t\t\t<div class=\"elementor-widget-container\">\n\t\t\t\t\t\t\t<div class=\"wd-text-block reset-last-child text-left\">\n\t\t\t\n\t\t\t<h5>7. Unter welchen Umst\u00e4nden kann ein Mietantrag abgelehnt werden?<\/h5><p>Anfragen zur Anmietung von Babyausstattung k\u00f6nnen abgelehnt werden, wenn f\u00fcr den gew\u00fcnschten Zeitraum kein ausreichender Lagerbestand vorhanden ist, die Lieferadresse au\u00dferhalb unseres Liefergebiets liegt oder die Kundenangaben unvollst\u00e4ndig sind.<\/p>\n\t\t\t\t\t<\/div>\n\t\t\t\t\t\t<\/div>\n\t\t\t\t<\/div>\n\t\t\t\t<div class=\"elementor-element elementor-element-5444655 elementor-widget elementor-widget-wd_text_block\" data-id=\"5444655\" data-element_type=\"widget\" data-e-type=\"widget\" data-widget_type=\"wd_text_block.default\">\n\t\t\t\t<div class=\"elementor-widget-container\">\n\t\t\t\t\t\t\t<div class=\"wd-text-block reset-last-child text-left\">\n\t\t\t\n\t\t\t<h5>9. Verlangen Sie bei Anmietungen eine Kaution?<\/h5><p>Ja, f\u00fcr jede Anmietung von Babyausstattung ist eine Kaution zu hinterlegen, um unsere strengen Reinigungs- und Hygienestandards zu gew\u00e4hrleisten.<\/p>\n\t\t\t\t\t<\/div>\n\t\t\t\t\t\t<\/div>\n\t\t\t\t<\/div>\n\t\t\t\t<div class=\"elementor-element elementor-element-b2d5bfd elementor-widget elementor-widget-wd_text_block\" data-id=\"b2d5bfd\" data-element_type=\"widget\" data-e-type=\"widget\" data-widget_type=\"wd_text_block.default\">\n\t\t\t\t<div class=\"elementor-widget-container\">\n\t\t\t\t\t\t\t<div class=\"wd-text-block reset-last-child text-left\">\n\t\t\t\n\t\t\t<h5>11. Was muss ich bei der R\u00fccksendung beachten?<\/h5><p>Sie m\u00fcssen das Produkt sauber und gewaschen zur\u00fccksenden, so wie Sie es erhalten haben. Bei starker Verschmutzung durch den Gebrauch oder bei Besch\u00e4digungen des Mietgegenstands werden die damit verbundenen Kosten von der Kaution abgezogen.<\/p>\n\t\t\t\t\t<\/div>\n\t\t\t\t\t\t<\/div>\n\t\t\t\t<\/div>\n\t\t\t\t<\/div>\n\t\t<div class=\"elementor-element elementor-element-16d3bb7 e-con-full e-flex e-con e-child\" data-id=\"16d3bb7\" data-element_type=\"container\" data-e-type=\"container\">\n\t\t\t\t<div class=\"elementor-element elementor-element-f07d552 elementor-widget elementor-widget-wd_text_block\" data-id=\"f07d552\" data-element_type=\"widget\" data-e-type=\"widget\" data-widget_type=\"wd_text_block.default\">\n\t\t\t\t<div class=\"elementor-widget-container\">\n\t\t\t\t\t\t\t<div class=\"wd-text-block reset-last-child text-left\">\n\t\t\t\n\t\t\t<h5>8. Was soll ich tun, wenn der gew\u00fcnschte Artikel nicht auf der Website zu finden ist?<\/h5><p>Bitte wenden Sie sich direkt an uns. Dank unseres umfangreichen Netzwerks k\u00f6nnen wir Ihnen oft alternative L\u00f6sungen anbieten, die genau auf Ihre Bed\u00fcrfnisse zugeschnitten sind.<\/p>\n\t\t\t\t\t<\/div>\n\t\t\t\t\t\t<\/div>\n\t\t\t\t<\/div>\n\t\t\t\t<div class=\"elementor-element elementor-element-0e443e6 elementor-widget elementor-widget-wd_text_block\" data-id=\"0e443e6\" data-element_type=\"widget\" data-e-type=\"widget\" data-widget_type=\"wd_text_block.default\">\n\t\t\t\t<div class=\"elementor-widget-container\">\n\t\t\t\t\t\t\t<div class=\"wd-text-block reset-last-child text-left\">\n\t\t\t\n\t\t\t<h5>10. Was sollte ich bei Erhalt der Ware \u00fcberpr\u00fcfen?<\/h5><p>Bei der Lieferung sollten Sie sicherstellen, dass die gesamte Ausr\u00fcstung vollst\u00e4ndig, voll funktionsf\u00e4hig und vollst\u00e4ndig sauber ist.<\/p>\n\t\t\t\t\t<\/div>\n\t\t\t\t\t\t<\/div>\n\t\t\t\t<\/div>\n\t\t\t\t<div class=\"elementor-element elementor-element-80e68f3 elementor-widget elementor-widget-wd_text_block\" data-id=\"80e68f3\" data-element_type=\"widget\" data-e-type=\"widget\" data-widget_type=\"wd_text_block.default\">\n\t\t\t\t<div class=\"elementor-widget-container\">\n\t\t\t\t\t\t\t<div class=\"wd-text-block reset-last-child text-left\">\n\t\t\t\n\t\t\t<h5>12. Was passiert, wenn ich einen Artikel w\u00e4hrend der Nutzung besch\u00e4dige?<\/h5><p>Nach jeder Schadensmeldung f\u00fchrt unser technisches Team eine Begutachtung vor Ort durch. Bei Sch\u00e4den, die eine Reparatur erfordern oder den Gegenstand vollst\u00e4ndig unbrauchbar machen, \u00fcbernimmt istanbulbabyrental.com 40 % der Kosten, w\u00e4hrend der Mieter 60 % tr\u00e4gt.<\/p>\n\t\t\t\t\t<\/div>\n\t\t\t\t\t\t<\/div>\n\t\t\t\t<\/div>\n\t\t\t\t<\/div>\n\t\t\t\t<\/div>\n\t\t<div class=\"elementor-element elementor-element-79a2292 e-con-full e-flex e-con e-child\" data-id=\"79a2292\" data-element_type=\"container\" data-e-type=\"container\">\n\t\t<div class=\"elementor-element elementor-element-5de3576 e-con-full e-flex e-con e-child\" data-id=\"5de3576\" data-element_type=\"container\" data-e-type=\"container\">\n\t\t\t\t<div class=\"elementor-element elementor-element-53901d2 elementor-widget elementor-widget-wd_text_block\" data-id=\"53901d2\" data-element_type=\"widget\" data-e-type=\"widget\" data-widget_type=\"wd_text_block.default\">\n\t\t\t\t<div class=\"elementor-widget-container\">\n\t\t\t\t\t\t\t<div class=\"wd-text-block reset-last-child text-left\">\n\t\t\t\n\t\t\t<h5>13. Wie viele Artikel kann ich maximal ausleihen?<\/h5><p>Es gibt absolut keine Begrenzung. W\u00e4hrend Ihres Aufenthalts in Istanbul k\u00f6nnen Sie alle Dinge, die Sie f\u00fcr Ihr Baby ben\u00f6tigen, auf einmal ausleihen.<\/p>\n\t\t\t\t\t<\/div>\n\t\t\t\t\t\t<\/div>\n\t\t\t\t<\/div>\n\t\t\t\t<div class=\"elementor-element elementor-element-773bb50 elementor-widget elementor-widget-wd_text_block\" data-id=\"773bb50\" data-element_type=\"widget\" data-e-type=\"widget\" data-widget_type=\"wd_text_block.default\">\n\t\t\t\t<div class=\"elementor-widget-container\">\n\t\t\t\t\t\t\t<div class=\"wd-text-block reset-last-child text-left\">\n\t\t\t\n\t\t\t<h5>15. Wie reinigt man die Produkte?<\/h5><p>Im Rahmen unseres Standardverfahrens wird jedes zur\u00fcckgegebene Babyausr\u00fcstungsset einer gr\u00fcndlichen Desinfektion unterzogen und gem\u00e4\u00df den spezifischen Anweisungen des Herstellers sorgf\u00e4ltig gereinigt.<\/p>\n\t\t\t\t\t<\/div>\n\t\t\t\t\t\t<\/div>\n\t\t\t\t<\/div>\n\t\t\t\t<\/div>\n\t\t<div class=\"elementor-element elementor-element-5373039 e-con-full e-flex e-con e-child\" data-id=\"5373039\" data-element_type=\"container\" data-e-type=\"container\">\n\t\t\t\t<div class=\"elementor-element elementor-element-a2201bf elementor-widget elementor-widget-wd_text_block\" data-id=\"a2201bf\" data-element_type=\"widget\" data-e-type=\"widget\" data-widget_type=\"wd_text_block.default\">\n\t\t\t\t<div class=\"elementor-widget-container\">\n\t\t\t\t\t\t\t<div class=\"wd-text-block reset-last-child text-left\">\n\t\t\t\n\t\t\t<h5>14. Ist die gemietete Ausr\u00fcstung neu oder gebraucht?<\/h5><p>Einige unserer Artikel sind brandneu, andere hingegen sind in sehr gutem Zustand und wurden sorgf\u00e4ltig gepflegt.<\/p>\n\t\t\t\t\t<\/div>\n\t\t\t\t\t\t<\/div>\n\t\t\t\t<\/div>\n\t\t\t\t<div class=\"elementor-element elementor-element-a5236be elementor-widget elementor-widget-wd_text_block\" data-id=\"a5236be\" data-element_type=\"widget\" data-e-type=\"widget\" data-widget_type=\"wd_text_block.default\">\n\t\t\t\t<div class=\"elementor-widget-container\">\n\t\t\t\t\t\t\t<div class=\"wd-text-block reset-last-child text-left\">\n\t\t\t\n\t\t\t<h5>16. Welche Zahlungsmethoden akzeptieren Sie?<\/h5><p>Sie k\u00f6nnen Ihre Zahlungen sicher vornehmen, indem Sie die f\u00fcr Sie bequemste Zahlungsart w\u00e4hlen: Kreditkarte, Barzahlung oder \u00dcberweisung (EFT).<\/p>\n\t\t\t\t\t<\/div>\n\t\t\t\t\t\t<\/div>\n\t\t\t\t<\/div>\n\t\t\t\t<\/div>\n\t\t\t\t<\/div>\n\t\t\t\t\t<\/div>\n\t\t\t\t<\/div>\n\t\t\t\t<\/div>\n\t\t","protected":false},"excerpt":{"rendered":"<p>H\u00e4ufig gestellte Fragen (FAQ) 1. Wie w\u00e4hlen Sie die Produkte aus, die Sie vermieten? Beim Aufbau unseres Sortiments an Babyausr\u00fcstung<\/p>\n","protected":false},"author":1,"featured_media":0,"parent":0,"menu_order":0,"comment_status":"closed","ping_status":"closed","template":"","meta":{"footnotes":""},"class_list":["post-5346","page","type-page","status-publish","hentry"],"_links":{"self":[{"href":"https:\/\/istanbulstroller.com\/de\/wp-json\/wp\/v2\/pages\/5346","targetHints":{"allow":["GET"]}}],"collection":[{"href":"https:\/\/istanbulstroller.com\/de\/wp-json\/wp\/v2\/pages"}],"about":[{"href":"https:\/\/istanbulstroller.com\/de\/wp-json\/wp\/v2\/types\/page"}],"author":[{"embeddable":true,"href":"https:\/\/istanbulstroller.com\/de\/wp-json\/wp\/v2\/users\/1"}],"replies":[{"embeddable":true,"href":"https:\/\/istanbulstroller.com\/de\/wp-json\/wp\/v2\/comments?post=5346"}],"version-history":[{"count":1,"href":"https:\/\/istanbulstroller.com\/de\/wp-json\/wp\/v2\/pages\/5346\/revisions"}],"predecessor-version":[{"id":5347,"href":"https:\/\/istanbulstroller.com\/de\/wp-json\/wp\/v2\/pages\/5346\/revisions\/5347"}],"wp:attachment":[{"href":"https:\/\/istanbulstroller.com\/de\/wp-json\/wp\/v2\/media?parent=5346"}],"curies":[{"name":"wp","href":"https:\/\/api.w.org\/{rel}","templated":true}]}}