{"id":5776,"date":"2026-04-03T15:52:19","date_gmt":"2026-04-03T15:52:19","guid":{"rendered":"https:\/\/istanbulstroller.com\/product\/smart-paket-5-kinderwagen-autositz\/"},"modified":"2026-04-21T15:08:47","modified_gmt":"2026-04-21T15:08:47","slug":"smart-paket-5-kinderwagen-autositz","status":"publish","type":"product","link":"https:\/\/istanbulstroller.com\/de\/produkt\/smart-paket-5-kinderwagen-autositz\/","title":{"rendered":"Smart-Paket 5: Kinderwagen &amp; Autositz"},"content":{"rendered":"<h2 data-path-to-node=\"0\">Smart-Paket 5: Sicherheit und Mobilit\u00e4t im Stra\u00dfenverkehr<\/h2>\n<p data-path-to-node=\"1\">Erleben Sie nahtlose \u00dcberg\u00e4nge vom Auto zum B\u00fcrgersteig mit unserem \u201e<b data-path-to-node=\"1\" data-index-in-node=\"70\">On-the-Road Safety &amp; Mobility\u201c<\/b>-Paket. Dieses leistungsstarke Duo besteht aus dem <b data-path-to-node=\"1\" data-index-in-node=\"147\">Kraft Safe Spin<\/b>-Autokindersitz und dem <b data-path-to-node=\"1\" data-index-in-node=\"180\">Joie Nitro LX<\/b>-Kinderwagen und sorgt daf\u00fcr, dass Ihr Kind bei jeder Autofahrt maximalen Schutz und bei jedem Spaziergang eine reibungslose, bequeme Fahrt genie\u00dft.<\/p>\n","protected":false},"excerpt":{"rendered":"<p>Erleben Sie mit unserem Paket <b data-path-to-node=\"1\" data-index-in-node=\"70\">\u201eSicherheit und Mobilit\u00e4t im Stra\u00dfenverkehr\u201c <\/b>nahtlose \u00dcberg\u00e4nge vom Auto auf den Gehweg.<\/p>\n","protected":false},"featured_media":5777,"comment_status":"closed","ping_status":"closed","template":"","meta":[],"product_brand":[],"product_cat":[326],"product_tag":[],"class_list":{"0":"post-5776","1":"product","2":"type-product","3":"status-publish","4":"has-post-thumbnail","6":"product_cat-clevere-verpackungen","8":"first","9":"instock","10":"shipping-taxable","11":"product-type-simple"},"_links":{"self":[{"href":"https:\/\/istanbulstroller.com\/de\/wp-json\/wp\/v2\/product\/5776","targetHints":{"allow":["GET"]}}],"collection":[{"href":"https:\/\/istanbulstroller.com\/de\/wp-json\/wp\/v2\/product"}],"about":[{"href":"https:\/\/istanbulstroller.com\/de\/wp-json\/wp\/v2\/types\/product"}],"replies":[{"embeddable":true,"href":"https:\/\/istanbulstroller.com\/de\/wp-json\/wp\/v2\/comments?post=5776"}],"version-history":[{"count":1,"href":"https:\/\/istanbulstroller.com\/de\/wp-json\/wp\/v2\/product\/5776\/revisions"}],"predecessor-version":[{"id":7290,"href":"https:\/\/istanbulstroller.com\/de\/wp-json\/wp\/v2\/product\/5776\/revisions\/7290"}],"wp:featuredmedia":[{"embeddable":true,"href":"https:\/\/istanbulstroller.com\/de\/wp-json\/wp\/v2\/media\/5777"}],"wp:attachment":[{"href":"https:\/\/istanbulstroller.com\/de\/wp-json\/wp\/v2\/media?parent=5776"}],"wp:term":[{"taxonomy":"product_brand","embeddable":true,"href":"https:\/\/istanbulstroller.com\/de\/wp-json\/wp\/v2\/product_brand?post=5776"},{"taxonomy":"product_cat","embeddable":true,"href":"https:\/\/istanbulstroller.com\/de\/wp-json\/wp\/v2\/product_cat?post=5776"},{"taxonomy":"product_tag","embeddable":true,"href":"https:\/\/istanbulstroller.com\/de\/wp-json\/wp\/v2\/product_tag?post=5776"}],"curies":[{"name":"wp","href":"https:\/\/api.w.org\/{rel}","templated":true}]}}