{"id":6352,"date":"2026-04-03T14:35:29","date_gmt":"2026-04-03T14:35:29","guid":{"rendered":"https:\/\/istanbulstroller.com\/product\/prego-aris-hochstuhl\/"},"modified":"2026-04-03T14:35:29","modified_gmt":"2026-04-03T14:35:29","slug":"prego-aris-hochstuhl","status":"publish","type":"product","link":"https:\/\/istanbulstroller.com\/de\/produkt\/prego-aris-hochstuhl\/","title":{"rendered":"Prego Aris Hochstuhl"},"content":{"rendered":"<h2 data-path-to-node=\"0\">Prego Aris \u2013 Kompaktes &amp; minimalistisches Esszimmer<\/h2>\n<p data-path-to-node=\"1\">Mieten Sie den <b data-path-to-node=\"1\" data-index-in-node=\"9\">Prego Aris<\/b> Hochstuhl \u2013 eine elegante, platzsparende L\u00f6sung f\u00fcr die Mahlzeiten, die modernes Design mit unverzichtbarer Funktionalit\u00e4t verbindet. Dieser leichte Hochstuhl verf\u00fcgt \u00fcber ein stabiles Gestell mit breiter Basis f\u00fcr maximale Sicherheit und einen bequemen, gepolsterten Sitz, der sich nach unordentlichen Mahlzeiten leicht abwischen l\u00e4sst. Ausgestattet mit einem abnehmbaren, in mehrere Positionen verstellbaren Tablett und einem sicheren 5-Punkt-Sicherheitsgurt bietet er eine sichere und stilvolle Umgebung, in der Ihr Baby seine ersten festen Mahlzeiten genie\u00dfen kann. Dank der einfachen Montage ohne Werkzeug und des ultrakompakten Klappmechanismus ist der <b data-path-to-node=\"1\" data-index-in-node=\"146\">Prego Aris<\/b> die perfekte Wahl f\u00fcr kleinere Wohnungen oder Familien, die Wert auf minimalistische Funktionalit\u00e4t legen, ohne dabei Kompromisse bei der Sicherheit einzugehen.   <\/p>\n","protected":false},"excerpt":{"rendered":"<p>Mieten Sie den <b data-path-to-node=\"1\" data-index-in-node=\"9\">Prego Aris<\/b> Hochstuhl und profitieren Sie von einer eleganten, platzsparenden L\u00f6sung f\u00fcr die Mahlzeiten, die modernes Design mit praktischer Funktionalit\u00e4t verbindet.<\/p>\n","protected":false},"featured_media":4033,"comment_status":"closed","ping_status":"closed","template":"","meta":[],"product_brand":[],"product_cat":[442],"product_tag":[],"class_list":{"0":"post-6352","1":"product","2":"type-product","3":"status-publish","4":"has-post-thumbnail","6":"product_cat-hochstuhl","8":"first","9":"instock","10":"shipping-taxable","11":"product-type-simple"},"_links":{"self":[{"href":"https:\/\/istanbulstroller.com\/de\/wp-json\/wp\/v2\/product\/6352","targetHints":{"allow":["GET"]}}],"collection":[{"href":"https:\/\/istanbulstroller.com\/de\/wp-json\/wp\/v2\/product"}],"about":[{"href":"https:\/\/istanbulstroller.com\/de\/wp-json\/wp\/v2\/types\/product"}],"replies":[{"embeddable":true,"href":"https:\/\/istanbulstroller.com\/de\/wp-json\/wp\/v2\/comments?post=6352"}],"version-history":[{"count":0,"href":"https:\/\/istanbulstroller.com\/de\/wp-json\/wp\/v2\/product\/6352\/revisions"}],"wp:featuredmedia":[{"embeddable":true,"href":"https:\/\/istanbulstroller.com\/de\/wp-json\/wp\/v2\/media\/4033"}],"wp:attachment":[{"href":"https:\/\/istanbulstroller.com\/de\/wp-json\/wp\/v2\/media?parent=6352"}],"wp:term":[{"taxonomy":"product_brand","embeddable":true,"href":"https:\/\/istanbulstroller.com\/de\/wp-json\/wp\/v2\/product_brand?post=6352"},{"taxonomy":"product_cat","embeddable":true,"href":"https:\/\/istanbulstroller.com\/de\/wp-json\/wp\/v2\/product_cat?post=6352"},{"taxonomy":"product_tag","embeddable":true,"href":"https:\/\/istanbulstroller.com\/de\/wp-json\/wp\/v2\/product_tag?post=6352"}],"curies":[{"name":"wp","href":"https:\/\/api.w.org\/{rel}","templated":true}]}}