{"id":6365,"date":"2026-04-03T14:27:35","date_gmt":"2026-04-03T14:27:35","guid":{"rendered":"https:\/\/istanbulstroller.com\/product\/kanz-bistro-hochstuhl\/"},"modified":"2026-04-03T14:27:35","modified_gmt":"2026-04-03T14:27:35","slug":"kanz-bistro-hochstuhl","status":"publish","type":"product","link":"https:\/\/istanbulstroller.com\/de\/produkt\/kanz-bistro-hochstuhl\/","title":{"rendered":"Kanz Bistro Hochstuhl"},"content":{"rendered":"<h2 data-path-to-node=\"0\">Kanz Bistro \u2013 Stilvolles &amp; praktisches Essen<\/h2>\n<p data-path-to-node=\"1\">Mieten Sie den <b data-path-to-node=\"1\" data-index-in-node=\"9\">Kanz Bistro<\/b> Hochstuhl f\u00fcr ein komfortables und vielseitig verstellbares Ess-Erlebnis, das sich nahtlos in Ihr Zuhause einf\u00fcgt. Dieser moderne Hochstuhl bietet mehrere H\u00f6henstufen und Liegepositionen und eignet sich somit ideal sowohl f\u00fcr die Mahlzeiten als auch f\u00fcr kurze Ruhepausen nach dem Essen. Ausgestattet mit einem zweilagigen, abnehmbaren Tablett f\u00fcr eine einfache Reinigung und einem weichen, abwischbaren Sitzbezug sorgt er daf\u00fcr, dass die Mahlzeiten hygienisch und stressfrei bleiben. Mit seinem 5-Punkt-Sicherheitsgurt und dem Schnellklappmechanismus bietet der <b data-path-to-node=\"1\" data-index-in-node=\"139\">Kanz Bistro<\/b> eine sichere, platzsparende Mietl\u00f6sung f\u00fcr Babys ab 6 Monaten bis zu 15 kg.   <\/p>\n","protected":false},"excerpt":{"rendered":"<p>Mieten Sie den <b data-path-to-node=\"1\" data-index-in-node=\"9\">Kanz Bistro-Hochstuhl<\/b> f\u00fcr ein komfortables und vielseitig verstellbares Esserlebnis, das sich nahtlos in Ihr Zuhause einf\u00fcgt.<\/p>\n","protected":false},"featured_media":4023,"comment_status":"closed","ping_status":"closed","template":"","meta":[],"product_brand":[],"product_cat":[442],"product_tag":[],"class_list":{"0":"post-6365","1":"product","2":"type-product","3":"status-publish","4":"has-post-thumbnail","6":"product_cat-hochstuhl","8":"first","9":"instock","10":"shipping-taxable","11":"product-type-simple"},"_links":{"self":[{"href":"https:\/\/istanbulstroller.com\/de\/wp-json\/wp\/v2\/product\/6365","targetHints":{"allow":["GET"]}}],"collection":[{"href":"https:\/\/istanbulstroller.com\/de\/wp-json\/wp\/v2\/product"}],"about":[{"href":"https:\/\/istanbulstroller.com\/de\/wp-json\/wp\/v2\/types\/product"}],"replies":[{"embeddable":true,"href":"https:\/\/istanbulstroller.com\/de\/wp-json\/wp\/v2\/comments?post=6365"}],"version-history":[{"count":0,"href":"https:\/\/istanbulstroller.com\/de\/wp-json\/wp\/v2\/product\/6365\/revisions"}],"wp:featuredmedia":[{"embeddable":true,"href":"https:\/\/istanbulstroller.com\/de\/wp-json\/wp\/v2\/media\/4023"}],"wp:attachment":[{"href":"https:\/\/istanbulstroller.com\/de\/wp-json\/wp\/v2\/media?parent=6365"}],"wp:term":[{"taxonomy":"product_brand","embeddable":true,"href":"https:\/\/istanbulstroller.com\/de\/wp-json\/wp\/v2\/product_brand?post=6365"},{"taxonomy":"product_cat","embeddable":true,"href":"https:\/\/istanbulstroller.com\/de\/wp-json\/wp\/v2\/product_cat?post=6365"},{"taxonomy":"product_tag","embeddable":true,"href":"https:\/\/istanbulstroller.com\/de\/wp-json\/wp\/v2\/product_tag?post=6365"}],"curies":[{"name":"wp","href":"https:\/\/api.w.org\/{rel}","templated":true}]}}