{"id":6371,"date":"2026-04-03T14:20:29","date_gmt":"2026-04-03T14:20:29","guid":{"rendered":"https:\/\/istanbulstroller.com\/product\/prego-lucca-mama-hochstuhl\/"},"modified":"2026-04-03T14:20:29","modified_gmt":"2026-04-03T14:20:29","slug":"prego-lucca-mama-hochstuhl","status":"publish","type":"product","link":"https:\/\/istanbulstroller.com\/de\/produkt\/prego-lucca-mama-hochstuhl\/","title":{"rendered":"Prego Lucca Mama Hochstuhl"},"content":{"rendered":"<h2 data-path-to-node=\"0\">Prego Lucca \u2013 Verstellbarer Komfort-Hochstuhl<\/h2>\n<p data-path-to-node=\"1\">Mieten Sie den <b data-path-to-node=\"1\" data-index-in-node=\"9\">Prego Lucca Hochstuhl <\/b>\u2013 eine vielseitige und ergonomische Essensl\u00f6sung, die mit Ihrem Kind mitw\u00e4chst. Dieser hochwertige Hochstuhl verf\u00fcgt \u00fcber 7 verschiedene H\u00f6henverstellungen und eine in 3 Positionen verstellbare R\u00fcckenlehne, sodass er sich perfekt an Ihren Esstisch oder den Komfort Ihres Babys anpassen l\u00e4sst. Dank des doppelwandigen, abnehmbaren Tablett und des leicht zu reinigenden Kunstledersitzbezugs ist die Hygiene w\u00e4hrend der Mahlzeiten m\u00fchelos zu gew\u00e4hrleisten. Ausgestattet mit einem 5-Punkt-Sicherheitsgurt und einem kompakten Klappdesign ist der <b data-path-to-node=\"1\" data-index-in-node=\"119\">Prego Lucca<\/b> eine stilvolle und praktische Mietoption, die ein sicheres und bequemes Essenserlebnis vom S\u00e4uglingsalter bis zu einem Gewicht von 15 kg gew\u00e4hrleistet.   <\/p>\n","protected":false},"excerpt":{"rendered":"<p>Mieten Sie den <b data-path-to-node=\"1\" data-index-in-node=\"9\">Prego Lucca Hochstuhl<\/b> \u2013 eine vielseitige und ergonomische L\u00f6sung f\u00fcr die Mahlzeiten, die mit Ihrem Kind mitw\u00e4chst.<\/p>\n","protected":false},"featured_media":4015,"comment_status":"closed","ping_status":"closed","template":"","meta":[],"product_brand":[],"product_cat":[442],"product_tag":[],"class_list":{"0":"post-6371","1":"product","2":"type-product","3":"status-publish","4":"has-post-thumbnail","6":"product_cat-hochstuhl","8":"first","9":"instock","10":"shipping-taxable","11":"product-type-simple"},"_links":{"self":[{"href":"https:\/\/istanbulstroller.com\/de\/wp-json\/wp\/v2\/product\/6371","targetHints":{"allow":["GET"]}}],"collection":[{"href":"https:\/\/istanbulstroller.com\/de\/wp-json\/wp\/v2\/product"}],"about":[{"href":"https:\/\/istanbulstroller.com\/de\/wp-json\/wp\/v2\/types\/product"}],"replies":[{"embeddable":true,"href":"https:\/\/istanbulstroller.com\/de\/wp-json\/wp\/v2\/comments?post=6371"}],"version-history":[{"count":0,"href":"https:\/\/istanbulstroller.com\/de\/wp-json\/wp\/v2\/product\/6371\/revisions"}],"wp:featuredmedia":[{"embeddable":true,"href":"https:\/\/istanbulstroller.com\/de\/wp-json\/wp\/v2\/media\/4015"}],"wp:attachment":[{"href":"https:\/\/istanbulstroller.com\/de\/wp-json\/wp\/v2\/media?parent=6371"}],"wp:term":[{"taxonomy":"product_brand","embeddable":true,"href":"https:\/\/istanbulstroller.com\/de\/wp-json\/wp\/v2\/product_brand?post=6371"},{"taxonomy":"product_cat","embeddable":true,"href":"https:\/\/istanbulstroller.com\/de\/wp-json\/wp\/v2\/product_cat?post=6371"},{"taxonomy":"product_tag","embeddable":true,"href":"https:\/\/istanbulstroller.com\/de\/wp-json\/wp\/v2\/product_tag?post=6371"}],"curies":[{"name":"wp","href":"https:\/\/api.w.org\/{rel}","templated":true}]}}