{"id":6377,"date":"2026-04-03T14:10:37","date_gmt":"2026-04-03T14:10:37","guid":{"rendered":"https:\/\/istanbulstroller.com\/product\/baby2go-taby-autokindersitz\/"},"modified":"2026-04-03T14:10:37","modified_gmt":"2026-04-03T14:10:37","slug":"baby2go-taby-autokindersitz","status":"publish","type":"product","link":"https:\/\/istanbulstroller.com\/de\/produkt\/baby2go-taby-autokindersitz\/","title":{"rendered":"Baby2Go Taby-Autokindersitz"},"content":{"rendered":"<h2 data-path-to-node=\"0\">Baby2Go Taby \u2013 um 360\u00b0 drehbarer Kindersitz<\/h2>\n<p data-path-to-node=\"1\">Mieten Sie den <b data-path-to-node=\"1\" data-index-in-node=\"9\">Baby2Go Taby,<\/b> einen vielseitigen und sicheren Autositz, der Ihr Kind von der Geburt bis zu einem Gewicht von 36 kg (ca. 12 Jahre) begleitet. Dieser Premium-Sitz verf\u00fcgt \u00fcber ein 360-Grad-Drehsystem, das es unglaublich einfach macht, Ihr Kind anzuschnallen oder mit nur einer Hand zwischen r\u00fcckw\u00e4rtsgerichteter und vorw\u00e4rtsgerichteter Position zu wechseln. Ausgestattet mit einer Isofix-Verbindung und einem Top-Tether f\u00fcr maximale Stabilit\u00e4t sorgt er f\u00fcr einen absolut sicheren Einbau in Ihrem Fahrzeug. Mit seiner verstellbaren Kopfst\u00fctze, den mehrstufigen Liegepositionen und dem verst\u00e4rkten Seitenaufprallschutz bietet der <b data-path-to-node=\"1\" data-index-in-node=\"46\">Baby2Go Taby<\/b> eine hochwertige, komfortable und sichere Mietl\u00f6sung f\u00fcr jede Fahrt.   <\/p>\n","protected":false},"excerpt":{"rendered":"<p>Mieten Sie den <b data-path-to-node=\"1\" data-index-in-node=\"9\">Baby2Go Taby<\/b>, einen vielseitigen und sicheren Autositz, der Ihr Kind von der Geburt bis zu einem Gewicht von <b data-path-to-node=\"1\" data-index-in-node=\"46\">36 kg<\/b> (ca. 12 Jahre) begleitet.<\/p>\n","protected":false},"featured_media":4007,"comment_status":"closed","ping_status":"closed","template":"","meta":[],"product_brand":[],"product_cat":[440],"product_tag":[],"class_list":{"0":"post-6377","1":"product","2":"type-product","3":"status-publish","4":"has-post-thumbnail","6":"product_cat-autokindersitz","8":"first","9":"instock","10":"shipping-taxable","11":"product-type-simple"},"_links":{"self":[{"href":"https:\/\/istanbulstroller.com\/de\/wp-json\/wp\/v2\/product\/6377","targetHints":{"allow":["GET"]}}],"collection":[{"href":"https:\/\/istanbulstroller.com\/de\/wp-json\/wp\/v2\/product"}],"about":[{"href":"https:\/\/istanbulstroller.com\/de\/wp-json\/wp\/v2\/types\/product"}],"replies":[{"embeddable":true,"href":"https:\/\/istanbulstroller.com\/de\/wp-json\/wp\/v2\/comments?post=6377"}],"version-history":[{"count":0,"href":"https:\/\/istanbulstroller.com\/de\/wp-json\/wp\/v2\/product\/6377\/revisions"}],"wp:featuredmedia":[{"embeddable":true,"href":"https:\/\/istanbulstroller.com\/de\/wp-json\/wp\/v2\/media\/4007"}],"wp:attachment":[{"href":"https:\/\/istanbulstroller.com\/de\/wp-json\/wp\/v2\/media?parent=6377"}],"wp:term":[{"taxonomy":"product_brand","embeddable":true,"href":"https:\/\/istanbulstroller.com\/de\/wp-json\/wp\/v2\/product_brand?post=6377"},{"taxonomy":"product_cat","embeddable":true,"href":"https:\/\/istanbulstroller.com\/de\/wp-json\/wp\/v2\/product_cat?post=6377"},{"taxonomy":"product_tag","embeddable":true,"href":"https:\/\/istanbulstroller.com\/de\/wp-json\/wp\/v2\/product_tag?post=6377"}],"curies":[{"name":"wp","href":"https:\/\/api.w.org\/{rel}","templated":true}]}}