{"id":6392,"date":"2026-04-03T13:05:11","date_gmt":"2026-04-03T13:05:11","guid":{"rendered":"https:\/\/istanbulstroller.com\/product\/prego-profix-pro-signal-autokindersitz\/"},"modified":"2026-04-03T13:05:11","modified_gmt":"2026-04-03T13:05:11","slug":"prego-profix-pro-signal-autokindersitz","status":"publish","type":"product","link":"https:\/\/istanbulstroller.com\/de\/produkt\/prego-profix-pro-signal-autokindersitz\/","title":{"rendered":"Prego Profix Pro Signal-Autokindersitz"},"content":{"rendered":"<h2 data-path-to-node=\"0\">Prego Profix Pro Signal \u2013 360\u00b0 Sicherheit und Komfort<\/h2>\n<p data-path-to-node=\"1\">Mieten Sie den <b data-path-to-node=\"1\" data-index-in-node=\"9\">Prego Profix Pro Signal<\/b>, einen hochsicheren Kindersitz, der Ihr Kind von der Geburt bis zu einem Gewicht von 36 kg sch\u00fctzt. Dieser vielseitige Sitz verf\u00fcgt \u00fcber eine um 360\u00b0 drehbare Einheit, die das Hineinsetzen und Anschnallen Ihres Babys m\u00fchelos macht, kombiniert mit dem fortschrittlichen Schutz der i-Size-, Isofix- und Top-Tether-Systeme. Ausgestattet mit EPS-Schaumstoff f\u00fcr Seitenaufprallschutz und einem mehrstufigen Neigungsverstellsystem sorgt er f\u00fcr eine komfortable und sichere Fahrt in jeder Entwicklungsphase. Ganz gleich, ob Ihr Fahrzeug \u00fcber Isofix verf\u00fcgt oder eine Befestigung mit dem Standard-Sicherheitsgurt erfordert \u2013 dieser Kindersitz bietet eine flexible und hochwertige Mietl\u00f6sung f\u00fcr alle Ihre Reisebed\u00fcrfnisse.   <\/p>\n","protected":false},"excerpt":{"rendered":"<p>Mieten Sie den<b data-path-to-node=\"1\" data-index-in-node=\"9\"> Prego Profix Pro Signal,<\/b> einen hochsicheren Kindersitz, der Ihr Kind von der Geburt bis zu einem Gewicht von <b data-path-to-node=\"1\" data-index-in-node=\"50\">36 kg<\/b> sch\u00fctzt.<\/p>\n","protected":false},"featured_media":3985,"comment_status":"closed","ping_status":"closed","template":"","meta":[],"product_brand":[],"product_cat":[440],"product_tag":[],"class_list":{"0":"post-6392","1":"product","2":"type-product","3":"status-publish","4":"has-post-thumbnail","6":"product_cat-autokindersitz","8":"first","9":"instock","10":"shipping-taxable","11":"product-type-simple"},"_links":{"self":[{"href":"https:\/\/istanbulstroller.com\/de\/wp-json\/wp\/v2\/product\/6392","targetHints":{"allow":["GET"]}}],"collection":[{"href":"https:\/\/istanbulstroller.com\/de\/wp-json\/wp\/v2\/product"}],"about":[{"href":"https:\/\/istanbulstroller.com\/de\/wp-json\/wp\/v2\/types\/product"}],"replies":[{"embeddable":true,"href":"https:\/\/istanbulstroller.com\/de\/wp-json\/wp\/v2\/comments?post=6392"}],"version-history":[{"count":0,"href":"https:\/\/istanbulstroller.com\/de\/wp-json\/wp\/v2\/product\/6392\/revisions"}],"wp:featuredmedia":[{"embeddable":true,"href":"https:\/\/istanbulstroller.com\/de\/wp-json\/wp\/v2\/media\/3985"}],"wp:attachment":[{"href":"https:\/\/istanbulstroller.com\/de\/wp-json\/wp\/v2\/media?parent=6392"}],"wp:term":[{"taxonomy":"product_brand","embeddable":true,"href":"https:\/\/istanbulstroller.com\/de\/wp-json\/wp\/v2\/product_brand?post=6392"},{"taxonomy":"product_cat","embeddable":true,"href":"https:\/\/istanbulstroller.com\/de\/wp-json\/wp\/v2\/product_cat?post=6392"},{"taxonomy":"product_tag","embeddable":true,"href":"https:\/\/istanbulstroller.com\/de\/wp-json\/wp\/v2\/product_tag?post=6392"}],"curies":[{"name":"wp","href":"https:\/\/api.w.org\/{rel}","templated":true}]}}