{"id":6400,"date":"2026-03-31T16:22:39","date_gmt":"2026-03-31T16:22:39","guid":{"rendered":"https:\/\/istanbulstroller.com\/product\/malion-family-rider-wagon-kinderwagen\/"},"modified":"2026-03-31T16:22:39","modified_gmt":"2026-03-31T16:22:39","slug":"malion-family-rider-wagon-kinderwagen","status":"publish","type":"product","link":"https:\/\/istanbulstroller.com\/de\/produkt\/malion-family-rider-wagon-kinderwagen\/","title":{"rendered":"Malion Family Rider Wagon Kinderwagen"},"content":{"rendered":"<h2 data-path-to-node=\"0\">Malion Family Rider \u2013 Vielseitiger Familienkombi<\/h2>\n<p data-path-to-node=\"1\">Mieten Sie den Malion Family Rider, einen Kinderwagen mit hoher Tragkraft, der praktischen Nutzen mit unbeschwertem Familienspa\u00df verbindet. Mit einer robusten Tragkraft von 100 kg eignet sich dieser Wagen perfekt f\u00fcr den Transport von zwei Kindern sowie all Ihrer wichtigen Ausr\u00fcstung f\u00fcr einen Tag im Park, am Strand oder auf einem Festival. Mit einem ger\u00e4umigen Innenraum von 80 x 46 cm und einem Schnellklappmechanismus bietet er die perfekte Balance zwischen gro\u00dfem Laderaum und kompakter Aufbewahrung. Die Carbon-St\u00fctzstangen f\u00fcr das Sonnendach und das zentrale Hinterradbremssystem sorgen daf\u00fcr, dass Ihre Abenteuer auf jedem Weg stilvoll und sicher sind.   <\/p>\n","protected":false},"excerpt":{"rendered":"<p>Mieten Sie den <b data-path-to-node=\"1\" data-index-in-node=\"9\">Malion Family Rider<\/b>, einen ger\u00e4umigen Kinderwagen, der praktische Funktionalit\u00e4t mit unbeschwertem Familienspa\u00df verbindet.<\/p>\n","protected":false},"featured_media":3977,"comment_status":"closed","ping_status":"closed","template":"","meta":[],"product_brand":[],"product_cat":[443],"product_tag":[],"class_list":{"0":"post-6400","1":"product","2":"type-product","3":"status-publish","4":"has-post-thumbnail","6":"product_cat-kinderwagen-2","8":"first","9":"instock","10":"shipping-taxable","11":"product-type-simple"},"_links":{"self":[{"href":"https:\/\/istanbulstroller.com\/de\/wp-json\/wp\/v2\/product\/6400","targetHints":{"allow":["GET"]}}],"collection":[{"href":"https:\/\/istanbulstroller.com\/de\/wp-json\/wp\/v2\/product"}],"about":[{"href":"https:\/\/istanbulstroller.com\/de\/wp-json\/wp\/v2\/types\/product"}],"replies":[{"embeddable":true,"href":"https:\/\/istanbulstroller.com\/de\/wp-json\/wp\/v2\/comments?post=6400"}],"version-history":[{"count":0,"href":"https:\/\/istanbulstroller.com\/de\/wp-json\/wp\/v2\/product\/6400\/revisions"}],"wp:featuredmedia":[{"embeddable":true,"href":"https:\/\/istanbulstroller.com\/de\/wp-json\/wp\/v2\/media\/3977"}],"wp:attachment":[{"href":"https:\/\/istanbulstroller.com\/de\/wp-json\/wp\/v2\/media?parent=6400"}],"wp:term":[{"taxonomy":"product_brand","embeddable":true,"href":"https:\/\/istanbulstroller.com\/de\/wp-json\/wp\/v2\/product_brand?post=6400"},{"taxonomy":"product_cat","embeddable":true,"href":"https:\/\/istanbulstroller.com\/de\/wp-json\/wp\/v2\/product_cat?post=6400"},{"taxonomy":"product_tag","embeddable":true,"href":"https:\/\/istanbulstroller.com\/de\/wp-json\/wp\/v2\/product_tag?post=6400"}],"curies":[{"name":"wp","href":"https:\/\/api.w.org\/{rel}","templated":true}]}}