{"id":6486,"date":"2026-03-31T14:05:53","date_gmt":"2026-03-31T14:05:53","guid":{"rendered":"https:\/\/istanbulstroller.com\/product\/wagon-royal-kinderwagen\/"},"modified":"2026-03-31T14:05:53","modified_gmt":"2026-03-31T14:05:53","slug":"wagon-royal-kinderwagen","status":"publish","type":"product","link":"https:\/\/istanbulstroller.com\/de\/produkt\/wagon-royal-kinderwagen\/","title":{"rendered":"Wagon Royal Kinderwagen"},"content":{"rendered":"<h2 data-path-to-node=\"0\">Royal Wagon Kinderwagen \u2013 Der ultimative Kinderwagen f\u00fcr anspruchsvolle Abenteuer<\/h2>\n<p data-path-to-node=\"1\">Mieten Sie den <b data-path-to-node=\"1\" data-index-in-node=\"9\">Royal Wagon<\/b>, ein technisches Meisterwerk, das die Regeln f\u00fcr Familienausfl\u00fcge in die Natur neu definiert. Mit einer branchenf\u00fchrenden Tragkraft von <b data-path-to-node=\"1\" data-index-in-node=\"129\">150 kg<\/b> ist dieser robuste Kinderwagen so konzipiert, dass er nicht nur Ihre Kinder, sondern auch Ihre gesamte Strandausr\u00fcstung, Campingausr\u00fcstung und Eink\u00e4ufe in einem einzigen Transport bef\u00f6rdern kann. Mit seinem leichten und dennoch stabilen Aluminiumrahmen und der fortschrittlichen Federung sorgt er f\u00fcr eine sanfte, vibrationsfreie Fahrt f\u00fcr Ihre Kleinen auf jedem Untergrund \u2013 von Sandstr\u00e4nden bis hin zu Waldwegen. Ob Sie einen Wochenendausflug unternehmen oder durch einen belebten Park fahren, der Royal Wagon bietet das ultimative \u201eLastentransport\u201c-Erlebnis f\u00fcr moderne Familien.   <\/p>\n","protected":false},"excerpt":{"rendered":"<p>Mieten Sie den <b data-path-to-node=\"1\" data-index-in-node=\"9\">Royal Wagon<\/b>, ein technisches Meisterwerk, das die Regeln f\u00fcr Familienausfl\u00fcge in die Natur neu definiert.<\/p>\n","protected":false},"featured_media":3961,"comment_status":"closed","ping_status":"closed","template":"","meta":[],"product_brand":[],"product_cat":[443],"product_tag":[],"class_list":{"0":"post-6486","1":"product","2":"type-product","3":"status-publish","4":"has-post-thumbnail","6":"product_cat-kinderwagen-2","8":"first","9":"instock","10":"shipping-taxable","11":"product-type-simple"},"_links":{"self":[{"href":"https:\/\/istanbulstroller.com\/de\/wp-json\/wp\/v2\/product\/6486","targetHints":{"allow":["GET"]}}],"collection":[{"href":"https:\/\/istanbulstroller.com\/de\/wp-json\/wp\/v2\/product"}],"about":[{"href":"https:\/\/istanbulstroller.com\/de\/wp-json\/wp\/v2\/types\/product"}],"replies":[{"embeddable":true,"href":"https:\/\/istanbulstroller.com\/de\/wp-json\/wp\/v2\/comments?post=6486"}],"version-history":[{"count":0,"href":"https:\/\/istanbulstroller.com\/de\/wp-json\/wp\/v2\/product\/6486\/revisions"}],"wp:featuredmedia":[{"embeddable":true,"href":"https:\/\/istanbulstroller.com\/de\/wp-json\/wp\/v2\/media\/3961"}],"wp:attachment":[{"href":"https:\/\/istanbulstroller.com\/de\/wp-json\/wp\/v2\/media?parent=6486"}],"wp:term":[{"taxonomy":"product_brand","embeddable":true,"href":"https:\/\/istanbulstroller.com\/de\/wp-json\/wp\/v2\/product_brand?post=6486"},{"taxonomy":"product_cat","embeddable":true,"href":"https:\/\/istanbulstroller.com\/de\/wp-json\/wp\/v2\/product_cat?post=6486"},{"taxonomy":"product_tag","embeddable":true,"href":"https:\/\/istanbulstroller.com\/de\/wp-json\/wp\/v2\/product_tag?post=6486"}],"curies":[{"name":"wp","href":"https:\/\/api.w.org\/{rel}","templated":true}]}}