{"id":6611,"date":"2026-03-31T13:44:25","date_gmt":"2026-03-31T13:44:25","guid":{"rendered":"https:\/\/istanbulstroller.com\/product\/allzweck-kinderwagen-veer-gear-cruiser\/"},"modified":"2026-03-31T13:44:25","modified_gmt":"2026-03-31T13:44:25","slug":"allzweck-kinderwagen-veer-gear-cruiser","status":"publish","type":"product","link":"https:\/\/istanbulstroller.com\/de\/produkt\/allzweck-kinderwagen-veer-gear-cruiser\/","title":{"rendered":"Allzweck-Kinderwagen Veer Gear Cruiser"},"content":{"rendered":"<h2 data-path-to-node=\"0\">Veer Cruiser Wagon Kinderwagen \u2013 Das ultimative Abenteuer f\u00fcr jedes Gel\u00e4nde<\/h2>\n<p data-path-to-node=\"1\">Mieten Sie den <b data-path-to-node=\"1\" data-index-in-node=\"9\">Veer Cruiser<\/b> \u2013 den weltweit ersten \u201eAll-Terrain-Crossover\u201c, der die Funktionalit\u00e4t eines Premium-Kinderwagens mit der Zuverl\u00e4ssigkeit und dem Fahrspa\u00df eines Gel\u00e4ndewagens verbindet. Dank seines Rahmens aus Aluminium nach Milit\u00e4rstandard und der gro\u00dfen Reifen mit tiefem Profil bew\u00e4ltigt er m\u00fchelos Sand, Schnee, Schlamm und Kies und sorgt gleichzeitig f\u00fcr geschmeidiges Man\u00f6vrieren auf st\u00e4dtischen Gehwegen. Dieser vielseitige Kinderwagen ist mit zwei geformten Sitzen mit 3-Punkt-Sicherheitsgurten, einem abnehmbaren Snacktablett und integrierten Getr\u00e4nkehaltern ausgestattet, was ihn zur idealen Wahl f\u00fcr Familien mit einem oder zwei Kindern macht, die aktive Freizeitgestaltung lieben. Ganz gleich, ob Sie ihn als Kinderwagen schieben oder als Transportwagen ziehen \u2013 der Veer Cruiser sorgt daf\u00fcr, dass jeder Familienausflug zu einem unvergesslichen Abenteuer wird.   <\/p>\n","protected":false},"excerpt":{"rendered":"<p>Rent the <b data-path-to-node=\"1\" data-index-in-node=\"9\">Veer Cruiser<\/b>, the world\u2019s first &#8222;all-terrain crossover&#8220; that combines the functionality of a premium <b data-path-to-node=\"1\" data-index-in-node=\"110\">stroller<\/b> with the rugged fun of a wagon.<\/p>\n","protected":false},"featured_media":3956,"comment_status":"closed","ping_status":"closed","template":"","meta":[],"product_brand":[],"product_cat":[443],"product_tag":[],"class_list":{"0":"post-6611","1":"product","2":"type-product","3":"status-publish","4":"has-post-thumbnail","6":"product_cat-kinderwagen-2","8":"first","9":"instock","10":"shipping-taxable","11":"purchasable","12":"product-type-simple"},"_links":{"self":[{"href":"https:\/\/istanbulstroller.com\/de\/wp-json\/wp\/v2\/product\/6611","targetHints":{"allow":["GET"]}}],"collection":[{"href":"https:\/\/istanbulstroller.com\/de\/wp-json\/wp\/v2\/product"}],"about":[{"href":"https:\/\/istanbulstroller.com\/de\/wp-json\/wp\/v2\/types\/product"}],"replies":[{"embeddable":true,"href":"https:\/\/istanbulstroller.com\/de\/wp-json\/wp\/v2\/comments?post=6611"}],"version-history":[{"count":0,"href":"https:\/\/istanbulstroller.com\/de\/wp-json\/wp\/v2\/product\/6611\/revisions"}],"wp:featuredmedia":[{"embeddable":true,"href":"https:\/\/istanbulstroller.com\/de\/wp-json\/wp\/v2\/media\/3956"}],"wp:attachment":[{"href":"https:\/\/istanbulstroller.com\/de\/wp-json\/wp\/v2\/media?parent=6611"}],"wp:term":[{"taxonomy":"product_brand","embeddable":true,"href":"https:\/\/istanbulstroller.com\/de\/wp-json\/wp\/v2\/product_brand?post=6611"},{"taxonomy":"product_cat","embeddable":true,"href":"https:\/\/istanbulstroller.com\/de\/wp-json\/wp\/v2\/product_cat?post=6611"},{"taxonomy":"product_tag","embeddable":true,"href":"https:\/\/istanbulstroller.com\/de\/wp-json\/wp\/v2\/product_tag?post=6611"}],"curies":[{"name":"wp","href":"https:\/\/api.w.org\/{rel}","templated":true}]}}