{"id":6620,"date":"2026-03-24T16:25:52","date_gmt":"2026-03-24T16:25:52","guid":{"rendered":"https:\/\/istanbulstroller.com\/product\/bagi-sleepod-mutter-kind-bettchen\/"},"modified":"2026-03-24T16:25:52","modified_gmt":"2026-03-24T16:25:52","slug":"bagi-sleepod-mutter-kind-bettchen","status":"publish","type":"product","link":"https:\/\/istanbulstroller.com\/de\/produkt\/bagi-sleepod-mutter-kind-bettchen\/","title":{"rendered":"Bagi Sleepod Mutter-Kind-Bettchen"},"content":{"rendered":"<h2 data-path-to-node=\"0\">Bagi Sleepod 4-in-1-Kinderbett \u2013 modern und vielseitig<\/h2>\n<p data-path-to-node=\"1\">Mieten Sie den <b data-path-to-node=\"1\" data-index-in-node=\"9\">Bagi Sleepod<\/b>, ein stilvolles <b data-path-to-node=\"1\" data-index-in-node=\"40\">4-in-1-Babybett<\/b>, das so konzipiert ist, dass es mit Ihrem Kind von der Geburt bis zum Alter von 3 Jahren mitw\u00e4chst. Dieses vielseitige System dient als Beistellbett mit 6 H\u00f6henstufen, als eigenst\u00e4ndiges Wiegenbett, als beruhigende Schaukel und schlie\u00dflich als sicherer Laufstall f\u00fcr Kleinkinder. Mit atmungsaktiven Netzseiten, einer Anti-Reflux-Neigungsverstellung und einem integrierten Moskitonetz mit Baldachin sorgt es zu jeder Jahreszeit f\u00fcr eine sichere und komfortable Umgebung. Dank seiner feststellbaren Rollen f\u00fcr einfachen Transport von Raum zu Raum und einer kompakten Liegefl\u00e4che von 81 x 48 cm ist dieses Babybett die ultimative All-in-One-Mietl\u00f6sung f\u00fcr moderne Eltern.   <\/p>\n","protected":false},"excerpt":{"rendered":"<p>Mieten Sie das <b data-path-to-node=\"1\" data-index-in-node=\"9\">Bagi Sleepod<\/b>, ein stilvolles <b data-path-to-node=\"1\" data-index-in-node=\"40\">4-in-1-Babybett<\/b>, das so konzipiert ist, dass es mit Ihrem Kind von der Geburt bis zum Alter von 3 Jahren mitw\u00e4chst.<\/p>\n","protected":false},"featured_media":6627,"comment_status":"closed","ping_status":"closed","template":"","meta":[],"product_brand":[],"product_cat":[439],"product_tag":[],"class_list":{"0":"post-6620","1":"product","2":"type-product","3":"status-publish","4":"has-post-thumbnail","6":"product_cat-babybett","8":"first","9":"instock","10":"shipping-taxable","11":"product-type-simple"},"_links":{"self":[{"href":"https:\/\/istanbulstroller.com\/de\/wp-json\/wp\/v2\/product\/6620","targetHints":{"allow":["GET"]}}],"collection":[{"href":"https:\/\/istanbulstroller.com\/de\/wp-json\/wp\/v2\/product"}],"about":[{"href":"https:\/\/istanbulstroller.com\/de\/wp-json\/wp\/v2\/types\/product"}],"replies":[{"embeddable":true,"href":"https:\/\/istanbulstroller.com\/de\/wp-json\/wp\/v2\/comments?post=6620"}],"version-history":[{"count":0,"href":"https:\/\/istanbulstroller.com\/de\/wp-json\/wp\/v2\/product\/6620\/revisions"}],"wp:featuredmedia":[{"embeddable":true,"href":"https:\/\/istanbulstroller.com\/de\/wp-json\/wp\/v2\/media\/6627"}],"wp:attachment":[{"href":"https:\/\/istanbulstroller.com\/de\/wp-json\/wp\/v2\/media?parent=6620"}],"wp:term":[{"taxonomy":"product_brand","embeddable":true,"href":"https:\/\/istanbulstroller.com\/de\/wp-json\/wp\/v2\/product_brand?post=6620"},{"taxonomy":"product_cat","embeddable":true,"href":"https:\/\/istanbulstroller.com\/de\/wp-json\/wp\/v2\/product_cat?post=6620"},{"taxonomy":"product_tag","embeddable":true,"href":"https:\/\/istanbulstroller.com\/de\/wp-json\/wp\/v2\/product_tag?post=6620"}],"curies":[{"name":"wp","href":"https:\/\/api.w.org\/{rel}","templated":true}]}}