{"id":6631,"date":"2026-03-24T16:08:37","date_gmt":"2026-03-24T16:08:37","guid":{"rendered":"https:\/\/istanbulstroller.com\/product\/kanz-love-babybett\/"},"modified":"2026-03-24T16:08:37","modified_gmt":"2026-03-24T16:08:37","slug":"kanz-love-babybett","status":"publish","type":"product","link":"https:\/\/istanbulstroller.com\/de\/produkt\/kanz-love-babybett\/","title":{"rendered":"Kanz Love Babybett"},"content":{"rendered":"<h2 data-path-to-node=\"0\">Kanz Love Babybett \u2013 vielseitig und tragbar<\/h2>\n<p data-path-to-node=\"1\">Mieten Sie das <b data-path-to-node=\"1\" data-index-in-node=\"9\">\u201eKanz Love\u201c<\/b> Babybett, um Ihrem Kleinen einen praktischen und sicheren Schlaf- oder Spielbereich zu bieten. Dieses multifunktionale Babybett dient gleichzeitig als Laufstall und verf\u00fcgt \u00fcber eine sanfte Schaukelfunktion, die Ihr Baby in den Schlaf wiegt.  Mit einem robusten und dennoch leichten Rahmen von 8 kg und einer gro\u00dfz\u00fcgigen Tragkraft von 20 kg ist dieses Babybett f\u00fcr den langfristigen Einsatz ab dem S\u00e4uglingsalter konzipiert. Dank seines einfachen Klappmechanismus und seiner Ma\u00dfe von 70 x 110 cm ist dieses Babybett die ideale Wahl f\u00fcr Familien, die eine bequeme und transportable L\u00f6sung f\u00fcr zu Hause oder auf Reisen suchen. <\/p>\n","protected":false},"excerpt":{"rendered":"<p>Mieten Sie das <b data-path-to-node=\"1\" data-index-in-node=\"9\">\u201eKanz Love\u201c<\/b> Babybett, um Ihrem Kleinen einen praktischen und sicheren Schlaf- oder Spielbereich zu bieten. Dieses multifunktionale Babybett dient gleichzeitig als Laufstall und verf\u00fcgt \u00fcber eine sanfte Schaukelfunktion, die Ihr Baby in den Schlaf wiegt. <\/p>\n","protected":false},"featured_media":6637,"comment_status":"closed","ping_status":"closed","template":"","meta":[],"product_brand":[],"product_cat":[439],"product_tag":[],"class_list":{"0":"post-6631","1":"product","2":"type-product","3":"status-publish","4":"has-post-thumbnail","6":"product_cat-babybett","8":"first","9":"instock","10":"shipping-taxable","11":"product-type-simple"},"_links":{"self":[{"href":"https:\/\/istanbulstroller.com\/de\/wp-json\/wp\/v2\/product\/6631","targetHints":{"allow":["GET"]}}],"collection":[{"href":"https:\/\/istanbulstroller.com\/de\/wp-json\/wp\/v2\/product"}],"about":[{"href":"https:\/\/istanbulstroller.com\/de\/wp-json\/wp\/v2\/types\/product"}],"replies":[{"embeddable":true,"href":"https:\/\/istanbulstroller.com\/de\/wp-json\/wp\/v2\/comments?post=6631"}],"version-history":[{"count":0,"href":"https:\/\/istanbulstroller.com\/de\/wp-json\/wp\/v2\/product\/6631\/revisions"}],"wp:featuredmedia":[{"embeddable":true,"href":"https:\/\/istanbulstroller.com\/de\/wp-json\/wp\/v2\/media\/6637"}],"wp:attachment":[{"href":"https:\/\/istanbulstroller.com\/de\/wp-json\/wp\/v2\/media?parent=6631"}],"wp:term":[{"taxonomy":"product_brand","embeddable":true,"href":"https:\/\/istanbulstroller.com\/de\/wp-json\/wp\/v2\/product_brand?post=6631"},{"taxonomy":"product_cat","embeddable":true,"href":"https:\/\/istanbulstroller.com\/de\/wp-json\/wp\/v2\/product_cat?post=6631"},{"taxonomy":"product_tag","embeddable":true,"href":"https:\/\/istanbulstroller.com\/de\/wp-json\/wp\/v2\/product_tag?post=6631"}],"curies":[{"name":"wp","href":"https:\/\/api.w.org\/{rel}","templated":true}]}}