{"id":6638,"date":"2026-03-24T13:46:41","date_gmt":"2026-03-24T13:46:41","guid":{"rendered":"https:\/\/istanbulstroller.com\/product\/kraft-sway-tragbare-elektrische-babyschaukel\/"},"modified":"2026-03-24T13:46:41","modified_gmt":"2026-03-24T13:46:41","slug":"kraft-sway-tragbare-elektrische-babyschaukel","status":"publish","type":"product","link":"https:\/\/istanbulstroller.com\/de\/produkt\/kraft-sway-tragbare-elektrische-babyschaukel\/","title":{"rendered":"Kraft Sway \u2013 tragbare elektrische Babyschaukel"},"content":{"rendered":"<h2 data-path-to-node=\"0\">Kraft Sway \u2013 Tragbare elektrische Babyschaukel<\/h2>\n<p data-path-to-node=\"1\">Mieten Sie die elektrische Babyschaukel <b data-path-to-node=\"1\" data-index-in-node=\"9\">\u201eKraft Sway\u201c<\/b> f\u00fcr ein Hightech-Erlebnis, das die nat\u00fcrliche Schaukelbewegung einer Mutter nachahmt. Diese innovative Babyschaukel ist von der Geburt bis zu einem Gewicht von 10 kg geeignet und verf\u00fcgt \u00fcber eine umkehrbare Sitzeinheit, die sich in eine tragbare Babytragetasche verwandeln l\u00e4sst und so langfristige Vielseitigkeit bietet. Mit 5 einzigartigen Schaukelmodi, 3 Geschwindigkeitsstufen und 12 beruhigenden Melodien k\u00f6nnen Sie die Umgebung ganz einfach \u00fcber den eleganten digitalen Touchscreen individuell anpassen. Das leichte Design mit einem Gewicht von 8,2 kg und die werkzeuglose Montage machen sie zur idealen Wahl f\u00fcr Eltern, die Komfort, Sicherheit und modernen Komfort in einem tragbaren Paket suchen.   <\/p>\n","protected":false},"excerpt":{"rendered":"<p>Mieten Sie die elektrische Babyschaukel <b data-path-to-node=\"1\" data-index-in-node=\"9\">\u201eKraft Sway\u201c<\/b> und genie\u00dfen Sie ein Hightech-Erlebnis, das die nat\u00fcrliche Schaukelbewegung einer Mutter nachahmt.<\/p>\n","protected":false},"featured_media":6639,"comment_status":"open","ping_status":"closed","template":"","meta":[],"product_brand":[],"product_cat":[438,430],"product_tag":[],"class_list":{"0":"post-6638","1":"product","2":"type-product","3":"status-publish","4":"has-post-thumbnail","6":"product_cat-babyschaukel","7":"product_cat-babywippe","9":"first","10":"instock","11":"shipping-taxable","12":"product-type-simple"},"_links":{"self":[{"href":"https:\/\/istanbulstroller.com\/de\/wp-json\/wp\/v2\/product\/6638","targetHints":{"allow":["GET"]}}],"collection":[{"href":"https:\/\/istanbulstroller.com\/de\/wp-json\/wp\/v2\/product"}],"about":[{"href":"https:\/\/istanbulstroller.com\/de\/wp-json\/wp\/v2\/types\/product"}],"replies":[{"embeddable":true,"href":"https:\/\/istanbulstroller.com\/de\/wp-json\/wp\/v2\/comments?post=6638"}],"version-history":[{"count":0,"href":"https:\/\/istanbulstroller.com\/de\/wp-json\/wp\/v2\/product\/6638\/revisions"}],"wp:featuredmedia":[{"embeddable":true,"href":"https:\/\/istanbulstroller.com\/de\/wp-json\/wp\/v2\/media\/6639"}],"wp:attachment":[{"href":"https:\/\/istanbulstroller.com\/de\/wp-json\/wp\/v2\/media?parent=6638"}],"wp:term":[{"taxonomy":"product_brand","embeddable":true,"href":"https:\/\/istanbulstroller.com\/de\/wp-json\/wp\/v2\/product_brand?post=6638"},{"taxonomy":"product_cat","embeddable":true,"href":"https:\/\/istanbulstroller.com\/de\/wp-json\/wp\/v2\/product_cat?post=6638"},{"taxonomy":"product_tag","embeddable":true,"href":"https:\/\/istanbulstroller.com\/de\/wp-json\/wp\/v2\/product_tag?post=6638"}],"curies":[{"name":"wp","href":"https:\/\/api.w.org\/{rel}","templated":true}]}}