{"id":6645,"date":"2026-03-24T13:31:25","date_gmt":"2026-03-24T13:31:25","guid":{"rendered":"https:\/\/istanbulstroller.com\/product\/chicco-rhythmn-sound-babysitz\/"},"modified":"2026-03-24T13:31:25","modified_gmt":"2026-03-24T13:31:25","slug":"chicco-rhythmn-sound-babysitz","status":"publish","type":"product","link":"https:\/\/istanbulstroller.com\/de\/produkt\/chicco-rhythmn-sound-babysitz\/","title":{"rendered":"Chicco RhythmN Sound Babysitz"},"content":{"rendered":"<h2 data-path-to-node=\"0\">Chicco Rhythm&#8217;N&#8217;Sound \u2013 Beruhigende Seitw\u00e4rtsbewegung<\/h2>\n<p data-path-to-node=\"1\">Mieten Sie die <b data-path-to-node=\"1\" data-index-in-node=\"9\">Chicco Rhythm&#8217;N&#8216; Sound<\/b>, eine moderne und elegante Babywippe, die Ihr Kleines mit einer sanften, seitlichen Schaukelbewegung beruhigt. Diese innovative Wippe ist von der Geburt bis zu einem Gewicht von 9 kg geeignet und verf\u00fcgt \u00fcber zwei Liegepositionen sowie eine Auswahl an Naturger\u00e4uschen und sanften Melodien, die Ihr Baby entspannen und unterhalten. Dank ihres kompakten, flach zusammenklappbaren Designs l\u00e4sst sie sich unglaublich einfach verstauen oder transportieren, w\u00e4hrend der 5-Punkt-Sicherheitsgurt f\u00fcr maximale Sicherheit sorgt. Diese Wippe wird \u00fcber USB oder Batterien betrieben und ist eine vielseitige und stilvolle Wahl f\u00fcr Eltern, die ihrem Baby einen ruhigen Ruheplatz bieten m\u00f6chten.   <\/p>\n","protected":false},"excerpt":{"rendered":"<p>Mieten Sie die <b data-path-to-node=\"1\" data-index-in-node=\"9\">Chicco Rhythm&#8217;N&#8216; Sound<\/b>, eine moderne und elegante Babywippe, die Ihr Kleines mit einer sanften Schaukelbewegung von einer Seite zur anderen beruhigt.<\/p>\n","protected":false},"featured_media":6648,"comment_status":"open","ping_status":"closed","template":"","meta":[],"product_brand":[],"product_cat":[438,430],"product_tag":[],"class_list":{"0":"post-6645","1":"product","2":"type-product","3":"status-publish","4":"has-post-thumbnail","6":"product_cat-babyschaukel","7":"product_cat-babywippe","9":"first","10":"instock","11":"shipping-taxable","12":"product-type-simple"},"_links":{"self":[{"href":"https:\/\/istanbulstroller.com\/de\/wp-json\/wp\/v2\/product\/6645","targetHints":{"allow":["GET"]}}],"collection":[{"href":"https:\/\/istanbulstroller.com\/de\/wp-json\/wp\/v2\/product"}],"about":[{"href":"https:\/\/istanbulstroller.com\/de\/wp-json\/wp\/v2\/types\/product"}],"replies":[{"embeddable":true,"href":"https:\/\/istanbulstroller.com\/de\/wp-json\/wp\/v2\/comments?post=6645"}],"version-history":[{"count":0,"href":"https:\/\/istanbulstroller.com\/de\/wp-json\/wp\/v2\/product\/6645\/revisions"}],"wp:featuredmedia":[{"embeddable":true,"href":"https:\/\/istanbulstroller.com\/de\/wp-json\/wp\/v2\/media\/6648"}],"wp:attachment":[{"href":"https:\/\/istanbulstroller.com\/de\/wp-json\/wp\/v2\/media?parent=6645"}],"wp:term":[{"taxonomy":"product_brand","embeddable":true,"href":"https:\/\/istanbulstroller.com\/de\/wp-json\/wp\/v2\/product_brand?post=6645"},{"taxonomy":"product_cat","embeddable":true,"href":"https:\/\/istanbulstroller.com\/de\/wp-json\/wp\/v2\/product_cat?post=6645"},{"taxonomy":"product_tag","embeddable":true,"href":"https:\/\/istanbulstroller.com\/de\/wp-json\/wp\/v2\/product_tag?post=6645"}],"curies":[{"name":"wp","href":"https:\/\/api.w.org\/{rel}","templated":true}]}}