{"id":6653,"date":"2026-03-24T13:21:15","date_gmt":"2026-03-24T13:21:15","guid":{"rendered":"https:\/\/istanbulstroller.com\/product\/chicco-easyfit-kangaroo-babytrage\/"},"modified":"2026-03-24T13:21:15","modified_gmt":"2026-03-24T13:21:15","slug":"chicco-easyfit-kangaroo-babytrage","status":"publish","type":"product","link":"https:\/\/istanbulstroller.com\/de\/produkt\/chicco-easyfit-kangaroo-babytrage\/","title":{"rendered":"Chicco Easyfit Kangaroo Babytrage"},"content":{"rendered":"<h2 data-path-to-node=\"0\">Chicco Easyfit \u2013 Einfaches und intuitives Tragen<\/h2>\n<p data-path-to-node=\"1\">Mieten Sie die <b data-path-to-node=\"1\" data-index-in-node=\"9\">Chicco Easyfit<\/b>, eine leichte und einfach zu tragende<b data-path-to-node=\"1\" data-index-in-node=\"56\"> Babytrage<\/b> f\u00fcr Neugeborene bis zu 9 kg. Diese benutzerfreundliche Trage gew\u00e4hrleistet die ergonomisch korrekte \u201eM\u201c-Position f\u00fcr eine gesunde Entwicklung der H\u00fcften und der Wirbels\u00e4ule Ihres Babys und bietet vom ersten Tag an eine sichere und behagliche Umgebung. Das weiche, atmungsaktive Material verhindert ein \u00dcberhitzen, w\u00e4hrend das verstellbare Gurt- und Schnallensystem eine perfekte Passform f\u00fcr jeden K\u00f6rperbau erm\u00f6glicht. Dank der M\u00f6glichkeit, zwischen der Position mit dem Gesicht zu den Eltern und der Position mit dem Gesicht nach vorne zu wechseln, ist diese Babytrage eine praktische, kompakte und bequeme Wahl f\u00fcr kurze Ausfl\u00fcge und t\u00e4gliche Besorgungen.   <\/p>\n","protected":false},"excerpt":{"rendered":"<p>Mieten Sie den <b data-path-to-node=\"1\" data-index-in-node=\"9\">Chicco Easyfit<\/b>, eine leichte und bequem zu tragende Babytrage f\u00fcr Neugeborene bis zu 9 kg.<\/p>\n","protected":false},"featured_media":6659,"comment_status":"closed","ping_status":"closed","template":"","meta":[],"product_brand":[],"product_cat":[433,432],"product_tag":[],"class_list":{"0":"post-6653","1":"product","2":"type-product","3":"status-publish","4":"has-post-thumbnail","6":"product_cat-baby-kanguru","7":"product_cat-babytrage","9":"first","10":"instock","11":"shipping-taxable","12":"product-type-simple"},"_links":{"self":[{"href":"https:\/\/istanbulstroller.com\/de\/wp-json\/wp\/v2\/product\/6653","targetHints":{"allow":["GET"]}}],"collection":[{"href":"https:\/\/istanbulstroller.com\/de\/wp-json\/wp\/v2\/product"}],"about":[{"href":"https:\/\/istanbulstroller.com\/de\/wp-json\/wp\/v2\/types\/product"}],"replies":[{"embeddable":true,"href":"https:\/\/istanbulstroller.com\/de\/wp-json\/wp\/v2\/comments?post=6653"}],"version-history":[{"count":0,"href":"https:\/\/istanbulstroller.com\/de\/wp-json\/wp\/v2\/product\/6653\/revisions"}],"wp:featuredmedia":[{"embeddable":true,"href":"https:\/\/istanbulstroller.com\/de\/wp-json\/wp\/v2\/media\/6659"}],"wp:attachment":[{"href":"https:\/\/istanbulstroller.com\/de\/wp-json\/wp\/v2\/media?parent=6653"}],"wp:term":[{"taxonomy":"product_brand","embeddable":true,"href":"https:\/\/istanbulstroller.com\/de\/wp-json\/wp\/v2\/product_brand?post=6653"},{"taxonomy":"product_cat","embeddable":true,"href":"https:\/\/istanbulstroller.com\/de\/wp-json\/wp\/v2\/product_cat?post=6653"},{"taxonomy":"product_tag","embeddable":true,"href":"https:\/\/istanbulstroller.com\/de\/wp-json\/wp\/v2\/product_tag?post=6653"}],"curies":[{"name":"wp","href":"https:\/\/api.w.org\/{rel}","templated":true}]}}