{"id":6660,"date":"2026-03-24T12:43:31","date_gmt":"2026-03-24T12:43:31","guid":{"rendered":"https:\/\/istanbulstroller.com\/product\/babybjoern-move-kangaroo-babytrage\/"},"modified":"2026-03-24T12:43:31","modified_gmt":"2026-03-24T12:43:31","slug":"babybjoern-move-kangaroo-babytrage","status":"publish","type":"product","link":"https:\/\/istanbulstroller.com\/de\/produkt\/babybjoern-move-kangaroo-babytrage\/","title":{"rendered":"BabyBj\u00f6rn Move Kangaroo Babytrage"},"content":{"rendered":"<h2 data-path-to-node=\"0\">BabyBj\u00f6rn Move \u2013 Ergonomische Unterst\u00fctzung vom ersten Tag an<\/h2>\n<p data-path-to-node=\"1\">Mieten Sie die <b data-path-to-node=\"1\" data-index-in-node=\"9\">BabyBj\u00f6rn Move<\/b>, eine vom International Hip Dysplasia Institute empfohlene Babytrage, die den Kopf, den R\u00fccken und die H\u00fcften Ihres Neugeborenen optimal st\u00fctzt. Sie besteht aus atmungsaktivem 3D-Netzgewebe, h\u00e4lt sowohl Sie als auch Ihr Baby angenehm k\u00fchl und sorgt gleichzeitig daf\u00fcr, dass die nat\u00fcrliche \u201eC-Kurve\u201c der Wirbels\u00e4ule gesch\u00fctzt bleibt. Diese vielseitige <b data-path-to-node=\"1\" data-index-in-node=\"75\">Babytrage<\/b> bietet vier verschiedene Tragepositionen, die sich dem Wachstum Ihres Kindes anpassen \u2013 vom Neugeborenen mit Blickrichtung nach innen bis zum Kleinkind auf dem R\u00fccken \u2013 bis zu einem Gewicht von 15 kg. Mit ihren gepolsterten Schultergurten, dem druckentlastenden H\u00fcftgurt und den ger\u00e4uschlosen, benutzerfreundlichen Schnallen ist sie die perfekte Wahl f\u00fcr Eltern, die maximalen Komfort und schwedische Sicherheit f\u00fcr lange Spazierg\u00e4nge oder Reisen suchen.   <\/p>\n","protected":false},"excerpt":{"rendered":"<p>Mieten Sie den <b data-path-to-node=\"1\" data-index-in-node=\"9\">BabyBj\u00f6rn Move<\/b>, eine vom International Hip Dysplasia Institute empfohlene Babytrage, die den Kopf, den R\u00fccken und die H\u00fcften Ihres Neugeborenen optimal st\u00fctzt.<\/p>\n","protected":false},"featured_media":6665,"comment_status":"closed","ping_status":"closed","template":"","meta":[],"product_brand":[],"product_cat":[433,432],"product_tag":[],"class_list":{"0":"post-6660","1":"product","2":"type-product","3":"status-publish","4":"has-post-thumbnail","6":"product_cat-baby-kanguru","7":"product_cat-babytrage","9":"first","10":"instock","11":"shipping-taxable","12":"product-type-simple"},"_links":{"self":[{"href":"https:\/\/istanbulstroller.com\/de\/wp-json\/wp\/v2\/product\/6660","targetHints":{"allow":["GET"]}}],"collection":[{"href":"https:\/\/istanbulstroller.com\/de\/wp-json\/wp\/v2\/product"}],"about":[{"href":"https:\/\/istanbulstroller.com\/de\/wp-json\/wp\/v2\/types\/product"}],"replies":[{"embeddable":true,"href":"https:\/\/istanbulstroller.com\/de\/wp-json\/wp\/v2\/comments?post=6660"}],"version-history":[{"count":0,"href":"https:\/\/istanbulstroller.com\/de\/wp-json\/wp\/v2\/product\/6660\/revisions"}],"wp:featuredmedia":[{"embeddable":true,"href":"https:\/\/istanbulstroller.com\/de\/wp-json\/wp\/v2\/media\/6665"}],"wp:attachment":[{"href":"https:\/\/istanbulstroller.com\/de\/wp-json\/wp\/v2\/media?parent=6660"}],"wp:term":[{"taxonomy":"product_brand","embeddable":true,"href":"https:\/\/istanbulstroller.com\/de\/wp-json\/wp\/v2\/product_brand?post=6660"},{"taxonomy":"product_cat","embeddable":true,"href":"https:\/\/istanbulstroller.com\/de\/wp-json\/wp\/v2\/product_cat?post=6660"},{"taxonomy":"product_tag","embeddable":true,"href":"https:\/\/istanbulstroller.com\/de\/wp-json\/wp\/v2\/product_tag?post=6660"}],"curies":[{"name":"wp","href":"https:\/\/api.w.org\/{rel}","templated":true}]}}