{"id":6709,"date":"2026-03-24T10:05:38","date_gmt":"2026-03-24T10:05:38","guid":{"rendered":"https:\/\/istanbulstroller.com\/product\/cybex-eezy-s-twist-kinderwagen\/"},"modified":"2026-03-24T10:05:38","modified_gmt":"2026-03-24T10:05:38","slug":"cybex-eezy-s-twist-kinderwagen","status":"publish","type":"product","link":"https:\/\/istanbulstroller.com\/de\/produkt\/cybex-eezy-s-twist-kinderwagen\/","title":{"rendered":"Cybex Eezy S Twist Kinderwagen"},"content":{"rendered":"<h2 data-path-to-node=\"0\">Cybex Eezy S Twist \u2013 360\u00b0 drehbarer Luxus<\/h2>\n<p data-path-to-node=\"1\">Mieten Sie den <b data-path-to-node=\"1\" data-index-in-node=\"9\">Cybex Eezy S Twist<\/b> f\u00fcr ein revolution\u00e4res Reiseerlebnis mit einem einzigartigen, um 360\u00b0 drehbaren Sitz, mit dem Sie die Blickrichtung Ihres Babys mit nur einer Hand \u00e4ndern k\u00f6nnen. Dieser hochwertige Kinderwagen in Handgep\u00e4ckgr\u00f6\u00dfe ist von der Geburt bis zu einem Gewicht von <b data-path-to-node=\"1\" data-index-in-node=\"188\">22 kg<\/b> geeignet und bietet drei Liegepositionen, darunter eine vollst\u00e4ndig flache Liegeposition f\u00fcr bequeme Nickerchen.  Er wurde f\u00fcr die agile Fortbewegung in der Stadt und f\u00fcr Flugreisen entwickelt und verf\u00fcgt \u00fcber eine unabh\u00e4ngige Allradfederung sowie ein kompaktes Einhand-Klappsystem, dank dem er selbstst\u00e4ndig aufrecht stehen bleibt. Mit seinem XXL-Sonnendach und den atmungsaktiven Stoffen ist dieser Kinderwagen die ideale Wahl f\u00fcr Eltern, die Luxus, Sicherheit und m\u00fchelose Man\u00f6vrierbarkeit in einem leichten Paket suchen. <\/p>\n","protected":false},"excerpt":{"rendered":"<p>Mieten Sie den <b data-path-to-node=\"1\" data-index-in-node=\"9\">Cybex Eezy S Twist<\/b> f\u00fcr ein revolution\u00e4res Reiseerlebnis mit einem einzigartigen, um 360\u00b0 drehbaren Sitz, mit dem Sie die Blickrichtung Ihres Babys mit nur einer Hand \u00e4ndern k\u00f6nnen. Dieser hochwertige Kinderwagen in Handgep\u00e4ckgr\u00f6\u00dfe ist von der Geburt bis zu einem Gewicht von <b data-path-to-node=\"1\" data-index-in-node=\"188\">22 kg<\/b> geeignet und bietet drei Liegepositionen, darunter eine vollst\u00e4ndig flache Liegeposition f\u00fcr bequeme Nickerchen. <\/p>\n","protected":false},"featured_media":6716,"comment_status":"closed","ping_status":"closed","template":"","meta":[],"product_brand":[],"product_cat":[437],"product_tag":[],"class_list":{"0":"post-6709","1":"product","2":"type-product","3":"status-publish","4":"has-post-thumbnail","6":"product_cat-reisekinderwagen","8":"first","9":"instock","10":"featured","11":"shipping-taxable","12":"product-type-simple"},"_links":{"self":[{"href":"https:\/\/istanbulstroller.com\/de\/wp-json\/wp\/v2\/product\/6709","targetHints":{"allow":["GET"]}}],"collection":[{"href":"https:\/\/istanbulstroller.com\/de\/wp-json\/wp\/v2\/product"}],"about":[{"href":"https:\/\/istanbulstroller.com\/de\/wp-json\/wp\/v2\/types\/product"}],"replies":[{"embeddable":true,"href":"https:\/\/istanbulstroller.com\/de\/wp-json\/wp\/v2\/comments?post=6709"}],"version-history":[{"count":0,"href":"https:\/\/istanbulstroller.com\/de\/wp-json\/wp\/v2\/product\/6709\/revisions"}],"wp:featuredmedia":[{"embeddable":true,"href":"https:\/\/istanbulstroller.com\/de\/wp-json\/wp\/v2\/media\/6716"}],"wp:attachment":[{"href":"https:\/\/istanbulstroller.com\/de\/wp-json\/wp\/v2\/media?parent=6709"}],"wp:term":[{"taxonomy":"product_brand","embeddable":true,"href":"https:\/\/istanbulstroller.com\/de\/wp-json\/wp\/v2\/product_brand?post=6709"},{"taxonomy":"product_cat","embeddable":true,"href":"https:\/\/istanbulstroller.com\/de\/wp-json\/wp\/v2\/product_cat?post=6709"},{"taxonomy":"product_tag","embeddable":true,"href":"https:\/\/istanbulstroller.com\/de\/wp-json\/wp\/v2\/product_tag?post=6709"}],"curies":[{"name":"wp","href":"https:\/\/api.w.org\/{rel}","templated":true}]}}