{"id":6719,"date":"2026-03-24T09:34:16","date_gmt":"2026-03-24T09:34:16","guid":{"rendered":"https:\/\/istanbulstroller.com\/product\/xiaomi-mitu-klappbarer-kinderwagen\/"},"modified":"2026-04-20T08:44:58","modified_gmt":"2026-04-20T08:44:58","slug":"xiaomi-mitu-klappbarer-kinderwagen","status":"publish","type":"product","link":"https:\/\/istanbulstroller.com\/de\/produkt\/xiaomi-mitu-klappbarer-kinderwagen\/","title":{"rendered":"Xiaomi Mitu Klappbarer Kinderwagen"},"content":{"rendered":"<h2 data-path-to-node=\"0\">Xiaomi Mitu Klappbarer Kinderwagen \u2013 Minimalistisch &amp; Leichtg\u00e4ngig<\/h2>\n<p data-path-to-node=\"1\">Mieten Sie den <b data-path-to-node=\"1\" data-index-in-node=\"9\">Xiaomi Mitu Faltkinderwagen<\/b> f\u00fcr ein hochtechnologisches, minimalistisches Reiseerlebnis, das speziell f\u00fcr urbane Eltern entwickelt wurde. Dieser <b data-path-to-node=\"1\" data-index-in-node=\"136\">ultraleichte Kinderwagen<\/b> verf\u00fcgt \u00fcber einen Rahmen aus hochfester Aluminiumlegierung und ein mechanisches Gelenkdesign, das ein m\u00fcheloses, kompaktes Zusammenklappen erm\u00f6glicht.  Ausgestattet mit 15 cm gro\u00dfen, ungiftigen PU-Schaumstoffr\u00e4dern und einem unabh\u00e4ngigen Vierrad-D\u00e4mpfungssystem reduziert er Bodenvibrationen erheblich und sorgt so f\u00fcr ein stabiles und ruhiges Fahrverhalten. Mit seiner umkehrbaren Sitzposition, dem professionellen Sonnenschutz der Klasse UPF 50+ sowie atmungsaktiven, waschbaren Stoffen ist dieser Kinderwagen die perfekte Wahl f\u00fcr Kinder bis zu 15 kg, die modernen Komfort und Sicherheit suchen. <\/p>\n","protected":false},"excerpt":{"rendered":"<p>Mieten Sie den <b data-path-to-node=\"1\" data-index-in-node=\"9\">Xiaomi Mitu Faltkinderwagen<\/b> f\u00fcr ein hochtechnologisches, minimalistisches Reiseerlebnis, das speziell f\u00fcr urbane Eltern entwickelt wurde. Dieser <b data-path-to-node=\"1\" data-index-in-node=\"136\">ultraleichte Kinderwagen<\/b> verf\u00fcgt \u00fcber einen Rahmen aus hochfester Aluminiumlegierung und ein mechanisches Gelenkdesign, das ein m\u00fcheloses, kompaktes Zusammenklappen erm\u00f6glicht. <\/p>\n","protected":false},"featured_media":6724,"comment_status":"closed","ping_status":"closed","template":"","meta":[],"product_brand":[],"product_cat":[437],"product_tag":[],"class_list":{"0":"post-6719","1":"product","2":"type-product","3":"status-publish","4":"has-post-thumbnail","6":"product_cat-reisekinderwagen","8":"first","9":"instock","10":"featured","11":"shipping-taxable","12":"product-type-simple"},"_links":{"self":[{"href":"https:\/\/istanbulstroller.com\/de\/wp-json\/wp\/v2\/product\/6719","targetHints":{"allow":["GET"]}}],"collection":[{"href":"https:\/\/istanbulstroller.com\/de\/wp-json\/wp\/v2\/product"}],"about":[{"href":"https:\/\/istanbulstroller.com\/de\/wp-json\/wp\/v2\/types\/product"}],"replies":[{"embeddable":true,"href":"https:\/\/istanbulstroller.com\/de\/wp-json\/wp\/v2\/comments?post=6719"}],"version-history":[{"count":1,"href":"https:\/\/istanbulstroller.com\/de\/wp-json\/wp\/v2\/product\/6719\/revisions"}],"predecessor-version":[{"id":6738,"href":"https:\/\/istanbulstroller.com\/de\/wp-json\/wp\/v2\/product\/6719\/revisions\/6738"}],"wp:featuredmedia":[{"embeddable":true,"href":"https:\/\/istanbulstroller.com\/de\/wp-json\/wp\/v2\/media\/6724"}],"wp:attachment":[{"href":"https:\/\/istanbulstroller.com\/de\/wp-json\/wp\/v2\/media?parent=6719"}],"wp:term":[{"taxonomy":"product_brand","embeddable":true,"href":"https:\/\/istanbulstroller.com\/de\/wp-json\/wp\/v2\/product_brand?post=6719"},{"taxonomy":"product_cat","embeddable":true,"href":"https:\/\/istanbulstroller.com\/de\/wp-json\/wp\/v2\/product_cat?post=6719"},{"taxonomy":"product_tag","embeddable":true,"href":"https:\/\/istanbulstroller.com\/de\/wp-json\/wp\/v2\/product_tag?post=6719"}],"curies":[{"name":"wp","href":"https:\/\/api.w.org\/{rel}","templated":true}]}}