{"id":6725,"date":"2026-03-23T15:38:49","date_gmt":"2026-03-23T15:38:49","guid":{"rendered":"https:\/\/istanbulstroller.com\/product\/kanz-v-go-2-travel-system-kinderwagen\/"},"modified":"2026-03-23T15:38:49","modified_gmt":"2026-03-23T15:38:49","slug":"kanz-v-go-2-travel-system-kinderwagen","status":"publish","type":"product","link":"https:\/\/istanbulstroller.com\/de\/produkt\/kanz-v-go-2-travel-system-kinderwagen\/","title":{"rendered":"Kanz V-GO 2 Travel System Kinderwagen"},"content":{"rendered":"<h2 data-path-to-node=\"0\">Kanz V-GO 2 Travel System \u2013 Clever und praktisch<\/h2>\n<p data-path-to-node=\"1\">Mieten Sie das<b data-path-to-node=\"1\" data-index-in-node=\"9\"> Kanz V-GO 2 Travel System<\/b> \u2013 eine vielseitige und robuste L\u00f6sung, bei deren Entwicklung sowohl Sicherheit als auch Komfort im Vordergrund standen. Dieser hochwertige <b data-path-to-node=\"1\" data-index-in-node=\"136\">Kinderwagen<\/b> verf\u00fcgt \u00fcber ein leichtes Aluminiumgestell und umkehrbare Sitze, sodass Ihr Baby entweder zu Ihnen oder in Fahrtrichtung blicken kann.  Dank seines kompakten Einhand-Klappmechanismus und der kugelgelagerten Vorderr\u00e4der f\u00fcr hervorragende Man\u00f6vrierbarkeit wird das Bewegen auf belebten Stra\u00dfen zum Kinderspiel. Der Kinderwagen ist nach den neuesten Sicherheitsnormen EN 1888-2018 und I-Size ECE\/R129 zertifiziert und verf\u00fcgt \u00fcber einen mehrfach verstellbaren Sitz mit einer 180\u00b0-Liegeposition, der eine bequeme Fahrt von der Geburt bis zum Alter von 4 Jahren (22 kg) gew\u00e4hrleistet. <\/p>\n","protected":false},"excerpt":{"rendered":"<p>Mieten Sie das<b data-path-to-node=\"1\" data-index-in-node=\"9\"> Kanz V-GO 2 Travel System<\/b> \u2013 eine vielseitige und robuste L\u00f6sung, bei deren Entwicklung sowohl Sicherheit als auch Komfort im Vordergrund standen. Dieser hochwertige <b data-path-to-node=\"1\" data-index-in-node=\"136\">Kinderwagen<\/b> verf\u00fcgt \u00fcber ein leichtes Aluminiumgestell und umkehrbare Sitze, sodass Ihr Baby entweder zu Ihnen oder in Fahrtrichtung blicken kann. <\/p>\n","protected":false},"featured_media":6734,"comment_status":"closed","ping_status":"closed","template":"","meta":[],"product_brand":[],"product_cat":[437],"product_tag":[],"class_list":{"0":"post-6725","1":"product","2":"type-product","3":"status-publish","4":"has-post-thumbnail","6":"product_cat-reisekinderwagen","8":"first","9":"instock","10":"featured","11":"shipping-taxable","12":"product-type-simple"},"_links":{"self":[{"href":"https:\/\/istanbulstroller.com\/de\/wp-json\/wp\/v2\/product\/6725","targetHints":{"allow":["GET"]}}],"collection":[{"href":"https:\/\/istanbulstroller.com\/de\/wp-json\/wp\/v2\/product"}],"about":[{"href":"https:\/\/istanbulstroller.com\/de\/wp-json\/wp\/v2\/types\/product"}],"replies":[{"embeddable":true,"href":"https:\/\/istanbulstroller.com\/de\/wp-json\/wp\/v2\/comments?post=6725"}],"version-history":[{"count":0,"href":"https:\/\/istanbulstroller.com\/de\/wp-json\/wp\/v2\/product\/6725\/revisions"}],"wp:featuredmedia":[{"embeddable":true,"href":"https:\/\/istanbulstroller.com\/de\/wp-json\/wp\/v2\/media\/6734"}],"wp:attachment":[{"href":"https:\/\/istanbulstroller.com\/de\/wp-json\/wp\/v2\/media?parent=6725"}],"wp:term":[{"taxonomy":"product_brand","embeddable":true,"href":"https:\/\/istanbulstroller.com\/de\/wp-json\/wp\/v2\/product_brand?post=6725"},{"taxonomy":"product_cat","embeddable":true,"href":"https:\/\/istanbulstroller.com\/de\/wp-json\/wp\/v2\/product_cat?post=6725"},{"taxonomy":"product_tag","embeddable":true,"href":"https:\/\/istanbulstroller.com\/de\/wp-json\/wp\/v2\/product_tag?post=6725"}],"curies":[{"name":"wp","href":"https:\/\/api.w.org\/{rel}","templated":true}]}}