{"id":6739,"date":"2026-03-23T14:47:27","date_gmt":"2026-03-23T14:47:27","guid":{"rendered":"https:\/\/istanbulstroller.com\/product\/joie-tourist-kinderwagen\/"},"modified":"2026-03-23T14:47:27","modified_gmt":"2026-03-23T14:47:27","slug":"joie-tourist-kinderwagen","status":"publish","type":"product","link":"https:\/\/istanbulstroller.com\/de\/produkt\/joie-tourist-kinderwagen\/","title":{"rendered":"Joie Tourist Kinderwagen"},"content":{"rendered":"<h2 data-path-to-node=\"0\">Joie Tourist \u2013 ultraleicht und kompakt<\/h2>\n<p data-path-to-node=\"1\">Mieten Sie den <b data-path-to-node=\"1\" data-index-in-node=\"9\">Joie Tourist,<\/b> einen bemerkenswert leichten Kinderwagen mit einem Gewicht von nur 5,92 kg, der das Reisen mit Ihrem Baby m\u00fchelos macht. Dieser vielseitige <b data-path-to-node=\"1\" data-index-in-node=\"42\">Kinderwagen <\/b>verf\u00fcgt \u00fcber eine flach verstellbare Sitzfl\u00e4che, die von der Geburt bis zu einem Gewicht von 15 kg geeignet ist, und wird mit Adaptern geliefert, mit denen sich ein Joie-Babyschalensitz einfach einklicken l\u00e4sst. Dank seines cleveren automatischen Klappmechanismus l\u00e4sst er sich zu einem kompakten, <b data-path-to-node=\"1\" data-index-in-node=\"143\">selbststehenden<\/b> Paket zusammenklappen, das sich perfekt f\u00fcr kleine Kofferr\u00e4ume oder \u00f6ffentliche Verkehrsmittel eignet. Mit Allradfederung und einem h\u00f6henverstellbaren Schiebegriff sorgt dieser Kinderwagen bei jedem Ausflug f\u00fcr ein sanftes und komfortables Erlebnis f\u00fcr Eltern und Kind.   <\/p>\n","protected":false},"excerpt":{"rendered":"<p>Mieten Sie den <b data-path-to-node=\"1\" data-index-in-node=\"9\">Joie Tourist<\/b>, einen bemerkenswert leichten Kinderwagen mit einem <b data-path-to-node=\"1\" data-index-in-node=\"42\">Gewicht von nur 5,92 kg<\/b>, der das Reisen mit Ihrem Baby zum Kinderspiel macht.<\/p>\n","protected":false},"featured_media":6745,"comment_status":"closed","ping_status":"closed","template":"","meta":[],"product_brand":[],"product_cat":[437],"product_tag":[],"class_list":{"0":"post-6739","1":"product","2":"type-product","3":"status-publish","4":"has-post-thumbnail","6":"product_cat-reisekinderwagen","8":"first","9":"instock","10":"shipping-taxable","11":"product-type-simple"},"_links":{"self":[{"href":"https:\/\/istanbulstroller.com\/de\/wp-json\/wp\/v2\/product\/6739","targetHints":{"allow":["GET"]}}],"collection":[{"href":"https:\/\/istanbulstroller.com\/de\/wp-json\/wp\/v2\/product"}],"about":[{"href":"https:\/\/istanbulstroller.com\/de\/wp-json\/wp\/v2\/types\/product"}],"replies":[{"embeddable":true,"href":"https:\/\/istanbulstroller.com\/de\/wp-json\/wp\/v2\/comments?post=6739"}],"version-history":[{"count":0,"href":"https:\/\/istanbulstroller.com\/de\/wp-json\/wp\/v2\/product\/6739\/revisions"}],"wp:featuredmedia":[{"embeddable":true,"href":"https:\/\/istanbulstroller.com\/de\/wp-json\/wp\/v2\/media\/6745"}],"wp:attachment":[{"href":"https:\/\/istanbulstroller.com\/de\/wp-json\/wp\/v2\/media?parent=6739"}],"wp:term":[{"taxonomy":"product_brand","embeddable":true,"href":"https:\/\/istanbulstroller.com\/de\/wp-json\/wp\/v2\/product_brand?post=6739"},{"taxonomy":"product_cat","embeddable":true,"href":"https:\/\/istanbulstroller.com\/de\/wp-json\/wp\/v2\/product_cat?post=6739"},{"taxonomy":"product_tag","embeddable":true,"href":"https:\/\/istanbulstroller.com\/de\/wp-json\/wp\/v2\/product_tag?post=6739"}],"curies":[{"name":"wp","href":"https:\/\/api.w.org\/{rel}","templated":true}]}}