{"id":6746,"date":"2026-03-23T13:24:27","date_gmt":"2026-03-23T13:24:27","guid":{"rendered":"https:\/\/istanbulstroller.com\/product\/kraft-air-cool-kangaroo-babytrage\/"},"modified":"2026-03-23T13:24:27","modified_gmt":"2026-03-23T13:24:27","slug":"kraft-air-cool-kangaroo-babytrage","status":"publish","type":"product","link":"https:\/\/istanbulstroller.com\/de\/produkt\/kraft-air-cool-kangaroo-babytrage\/","title":{"rendered":"Kraft Air Cool Kangaroo Babytrage"},"content":{"rendered":"<h2 data-path-to-node=\"0\">Kraft Air Cool \u2013 Ergonomische Babytrage<\/h2>\n<p data-path-to-node=\"1\">Mieten Sie die <b data-path-to-node=\"1\" data-index-in-node=\"9\">Kraft Air Cool Babytrage<\/b> f\u00fcr ein atmungsaktives und st\u00fctzendes Trageerlebnis, das f\u00fcr Babys ab 4 Monaten bis zu 15 kg entwickelt wurde. Diese ergonomische Babytrage verf\u00fcgt \u00fcber ein spezielles Netzgewebe, das die Luftzirkulation maximiert und Schwei\u00dfbildung reduziert, w\u00e4hrend die gepolsterten Schultergurte und der verstellbare H\u00fcftgurt f\u00fcr eine ausgewogene Gewichtsverteilung sorgen und so den Komfort der Eltern gew\u00e4hrleisten. Sie unterst\u00fctzt die gesunde \u201eM\u201c-Position f\u00fcr die H\u00fcftentwicklung und verf\u00fcgt \u00fcber eine gepolsterte Kopfst\u00fctze, um Nacken und Kopf Ihres Babys zu sch\u00fctzen. Mit seinem erweiterbaren Design und zwei Tragepositionen ist diese <b data-path-to-node=\"1\" data-index-in-node=\"544\">Babytrage<\/b> die perfekte Wahl f\u00fcr aktive Familien, die unterwegs auf Sicherheit und Flexibilit\u00e4t setzen.   <\/p>\n","protected":false},"excerpt":{"rendered":"<p>Mieten Sie die <b data-path-to-node=\"1\" data-index-in-node=\"9\">Kraft Air Cool Babytrage<\/b> f\u00fcr ein atmungsaktives und st\u00fctzendes Trageerlebnis, das f\u00fcr Babys ab 4 Monaten bis zu einem Gewicht von 15 kg entwickelt wurde.<\/p>\n","protected":false},"featured_media":6750,"comment_status":"closed","ping_status":"closed","template":"","meta":[],"product_brand":[],"product_cat":[433,432],"product_tag":[],"class_list":{"0":"post-6746","1":"product","2":"type-product","3":"status-publish","4":"has-post-thumbnail","6":"product_cat-baby-kanguru","7":"product_cat-babytrage","9":"first","10":"instock","11":"shipping-taxable","12":"product-type-simple"},"_links":{"self":[{"href":"https:\/\/istanbulstroller.com\/de\/wp-json\/wp\/v2\/product\/6746","targetHints":{"allow":["GET"]}}],"collection":[{"href":"https:\/\/istanbulstroller.com\/de\/wp-json\/wp\/v2\/product"}],"about":[{"href":"https:\/\/istanbulstroller.com\/de\/wp-json\/wp\/v2\/types\/product"}],"replies":[{"embeddable":true,"href":"https:\/\/istanbulstroller.com\/de\/wp-json\/wp\/v2\/comments?post=6746"}],"version-history":[{"count":0,"href":"https:\/\/istanbulstroller.com\/de\/wp-json\/wp\/v2\/product\/6746\/revisions"}],"wp:featuredmedia":[{"embeddable":true,"href":"https:\/\/istanbulstroller.com\/de\/wp-json\/wp\/v2\/media\/6750"}],"wp:attachment":[{"href":"https:\/\/istanbulstroller.com\/de\/wp-json\/wp\/v2\/media?parent=6746"}],"wp:term":[{"taxonomy":"product_brand","embeddable":true,"href":"https:\/\/istanbulstroller.com\/de\/wp-json\/wp\/v2\/product_brand?post=6746"},{"taxonomy":"product_cat","embeddable":true,"href":"https:\/\/istanbulstroller.com\/de\/wp-json\/wp\/v2\/product_cat?post=6746"},{"taxonomy":"product_tag","embeddable":true,"href":"https:\/\/istanbulstroller.com\/de\/wp-json\/wp\/v2\/product_tag?post=6746"}],"curies":[{"name":"wp","href":"https:\/\/api.w.org\/{rel}","templated":true}]}}