{"id":6751,"date":"2026-03-23T12:20:21","date_gmt":"2026-03-23T12:20:21","guid":{"rendered":"https:\/\/istanbulstroller.com\/product\/kraft-kenya-travel-system-kinderwagen\/"},"modified":"2026-03-23T12:20:21","modified_gmt":"2026-03-23T12:20:21","slug":"kraft-kenya-travel-system-kinderwagen","status":"publish","type":"product","link":"https:\/\/istanbulstroller.com\/de\/produkt\/kraft-kenya-travel-system-kinderwagen\/","title":{"rendered":"Kraft Kenya Travel System Kinderwagen"},"content":{"rendered":"<h2 data-path-to-node=\"0\">Kraft Kenya Travel System \u2013 Leicht und kompakt<\/h2>\n<p data-path-to-node=\"1\">Mieten Sie das <b data-path-to-node=\"1\" data-index-in-node=\"9\">Kraft Kenya Travel System<\/b> \u2013 eine hochwertige, leichte L\u00f6sung, die mit nur 8,9 kg zu den mobilsten Kinderwagen ihrer Klasse z\u00e4hlt. Dieses vielseitige System verf\u00fcgt \u00fcber einen umkehrbaren Sitz, der von der Geburt bis zu einem <b data-path-to-node=\"1\" data-index-in-node=\"131\">Gewicht von 22 kg<\/b> genutzt werden kann und drei Liegepositionen bietet, darunter eine vollst\u00e4ndig flache Position f\u00fcr ruhige Nickerchen. Es wurde f\u00fcr den modernen Reisenden entwickelt, l\u00e4sst sich m\u00fchelos mit einer Hand zusammenklappen und verf\u00fcgt \u00fcber einen integrierten Schultergurt f\u00fcr bequemen Transport. Mit seinen leichtg\u00e4ngigen Polyurethan-Kugellagerr\u00e4dern und dem mitgelieferten Armor Plus I-Size-Autokindersitz bietet dieser Kinderwagen eine sichere, leise und elegante Mietoption f\u00fcr jede Reise.   <\/p>\n","protected":false},"excerpt":{"rendered":"<p>Mieten Sie das <b data-path-to-node=\"1\" data-index-in-node=\"9\">Kraft Kenya Travel System<\/b> \u2013 eine hochwertige, leichte L\u00f6sung, die mit nur <b data-path-to-node=\"1\" data-index-in-node=\"131\">8,9 kg<\/b> zu den mobilsten Kinderwagen ihrer Klasse z\u00e4hlt.<\/p>\n","protected":false},"featured_media":6756,"comment_status":"closed","ping_status":"closed","template":"","meta":[],"product_brand":[],"product_cat":[437],"product_tag":[],"class_list":{"0":"post-6751","1":"product","2":"type-product","3":"status-publish","4":"has-post-thumbnail","6":"product_cat-reisekinderwagen","8":"first","9":"instock","10":"featured","11":"shipping-taxable","12":"product-type-simple"},"_links":{"self":[{"href":"https:\/\/istanbulstroller.com\/de\/wp-json\/wp\/v2\/product\/6751","targetHints":{"allow":["GET"]}}],"collection":[{"href":"https:\/\/istanbulstroller.com\/de\/wp-json\/wp\/v2\/product"}],"about":[{"href":"https:\/\/istanbulstroller.com\/de\/wp-json\/wp\/v2\/types\/product"}],"replies":[{"embeddable":true,"href":"https:\/\/istanbulstroller.com\/de\/wp-json\/wp\/v2\/comments?post=6751"}],"version-history":[{"count":0,"href":"https:\/\/istanbulstroller.com\/de\/wp-json\/wp\/v2\/product\/6751\/revisions"}],"wp:featuredmedia":[{"embeddable":true,"href":"https:\/\/istanbulstroller.com\/de\/wp-json\/wp\/v2\/media\/6756"}],"wp:attachment":[{"href":"https:\/\/istanbulstroller.com\/de\/wp-json\/wp\/v2\/media?parent=6751"}],"wp:term":[{"taxonomy":"product_brand","embeddable":true,"href":"https:\/\/istanbulstroller.com\/de\/wp-json\/wp\/v2\/product_brand?post=6751"},{"taxonomy":"product_cat","embeddable":true,"href":"https:\/\/istanbulstroller.com\/de\/wp-json\/wp\/v2\/product_cat?post=6751"},{"taxonomy":"product_tag","embeddable":true,"href":"https:\/\/istanbulstroller.com\/de\/wp-json\/wp\/v2\/product_tag?post=6751"}],"curies":[{"name":"wp","href":"https:\/\/api.w.org\/{rel}","templated":true}]}}