{"id":6758,"date":"2026-03-23T10:29:10","date_gmt":"2026-03-23T10:29:10","guid":{"rendered":"https:\/\/istanbulstroller.com\/product\/kraft-duplo-twin-kinderwagen\/"},"modified":"2026-03-23T10:29:10","modified_gmt":"2026-03-23T10:29:10","slug":"kraft-duplo-twin-kinderwagen","status":"publish","type":"product","link":"https:\/\/istanbulstroller.com\/de\/produkt\/kraft-duplo-twin-kinderwagen\/","title":{"rendered":"Kraft Duplo Twin Kinderwagen"},"content":{"rendered":"<h2 data-path-to-node=\"0\">Kraft Duplo Twin Kinderwagen \u2013 Modern &amp; Automatisch<\/h2>\n<p data-path-to-node=\"1\">Mieten Sie den <b data-path-to-node=\"1\" data-index-in-node=\"9\">Kraft Duplo Twin Kinderwagen<\/b> \u2013 eine ger\u00e4umige und luxuri\u00f6se Transportl\u00f6sung mit einer Tragkraft von bis zu 44 kg. Dieser raffinierte Doppelkinderwagen verf\u00fcgt \u00fcber einen innovativen automatischen Klappmechanismus, dank dem er sich mit einer Hand zusammenklappen l\u00e4sst und selbstst\u00e4ndig steht \u2013 f\u00fcr maximalen Komfort. Jeder Sitz bietet einen ger\u00e4umigen Innenraum mit mehrfach verstellbarer R\u00fcckenlehne und handgefertigten Lederdetails, die von Geburt an eine stilvolle und bequeme Fahrt gew\u00e4hrleisten. Ausgestattet mit <b data-path-to-node=\"1\" data-index-in-node=\"131\">sto\u00dfd\u00e4mpfenden<\/b> ER-R\u00e4dern und Kugellagersystemen bietet dieser Doppelkinderwagen m\u00fchelose Man\u00f6vrierbarkeit auf unterschiedlichem Gel\u00e4nde. Er ist die perfekte Wahl f\u00fcr Eltern, die Wert auf ein kompaktes Design legen, ohne dabei auf Premium-Funktionen und Kindersicherheit verzichten zu m\u00fcssen.    <\/p>\n","protected":false},"excerpt":{"rendered":"<p>Mieten Sie den <b data-path-to-node=\"1\" data-index-in-node=\"9\">Kraft Duplo Twin Kinderwagen<\/b> \u2013 eine ger\u00e4umige und komfortable Reisel\u00f6sung mit einer Tragkraft von bis zu <b data-path-to-node=\"1\" data-index-in-node=\"131\">44 kg<\/b>. Dieser elegante Doppelkinderwagen verf\u00fcgt \u00fcber einen innovativen automatischen Klappmechanismus <\/p>\n","protected":false},"featured_media":6759,"comment_status":"open","ping_status":"closed","template":"","meta":[],"product_brand":[],"product_cat":[436],"product_tag":[],"class_list":{"0":"post-6758","1":"product","2":"type-product","3":"status-publish","4":"has-post-thumbnail","6":"product_cat-zweitsitzer-kinderwagen","8":"first","9":"instock","10":"shipping-taxable","11":"product-type-simple"},"_links":{"self":[{"href":"https:\/\/istanbulstroller.com\/de\/wp-json\/wp\/v2\/product\/6758","targetHints":{"allow":["GET"]}}],"collection":[{"href":"https:\/\/istanbulstroller.com\/de\/wp-json\/wp\/v2\/product"}],"about":[{"href":"https:\/\/istanbulstroller.com\/de\/wp-json\/wp\/v2\/types\/product"}],"replies":[{"embeddable":true,"href":"https:\/\/istanbulstroller.com\/de\/wp-json\/wp\/v2\/comments?post=6758"}],"version-history":[{"count":0,"href":"https:\/\/istanbulstroller.com\/de\/wp-json\/wp\/v2\/product\/6758\/revisions"}],"wp:featuredmedia":[{"embeddable":true,"href":"https:\/\/istanbulstroller.com\/de\/wp-json\/wp\/v2\/media\/6759"}],"wp:attachment":[{"href":"https:\/\/istanbulstroller.com\/de\/wp-json\/wp\/v2\/media?parent=6758"}],"wp:term":[{"taxonomy":"product_brand","embeddable":true,"href":"https:\/\/istanbulstroller.com\/de\/wp-json\/wp\/v2\/product_brand?post=6758"},{"taxonomy":"product_cat","embeddable":true,"href":"https:\/\/istanbulstroller.com\/de\/wp-json\/wp\/v2\/product_cat?post=6758"},{"taxonomy":"product_tag","embeddable":true,"href":"https:\/\/istanbulstroller.com\/de\/wp-json\/wp\/v2\/product_tag?post=6758"}],"curies":[{"name":"wp","href":"https:\/\/api.w.org\/{rel}","templated":true}]}}