{"id":6768,"date":"2026-03-23T10:10:55","date_gmt":"2026-03-23T10:10:55","guid":{"rendered":"https:\/\/istanbulstroller.com\/product\/joie-evalite-duo-tandem-zwillingskinderwagen\/"},"modified":"2026-03-23T10:10:55","modified_gmt":"2026-03-23T10:10:55","slug":"joie-evalite-duo-tandem-zwillingskinderwagen","status":"publish","type":"product","link":"https:\/\/istanbulstroller.com\/de\/produkt\/joie-evalite-duo-tandem-zwillingskinderwagen\/","title":{"rendered":"Joie Evalite Duo Tandem-Zwillingskinderwagen"},"content":{"rendered":"<h2 data-path-to-node=\"0\">Joie Evalite Duo Tandem \u2013 Leichtes Reisemodell<\/h2>\n<p data-path-to-node=\"1\">Mieten Sie den <b data-path-to-node=\"1\" data-index-in-node=\"9\">Joie Evalite Duo<\/b>, einen der leichtesten Doppelkinderwagen auf dem Markt, der mit einem Gewicht von knapp \u00fcber 11 kg m\u00fchelos zu handhaben ist. Dieser Tandem-Kinderwagen verf\u00fcgt \u00fcber ein stromlinienf\u00f6rmiges Design, das sich m\u00fchelos durch enge G\u00e4nge man\u00f6vrieren l\u00e4sst, w\u00e4hrend das Sure Lock\u2122-<b data-path-to-node=\"1\" data-index-in-node=\"47\">System es Ihnen erm\u00f6glicht<\/b>, kompatible Babyschalen ohne zus\u00e4tzliche Adapter zu befestigen. Beide Kinder sind unter Sonnend\u00e4chern mit Lichtschutzfaktor 50+ gesch\u00fctzt und genie\u00dfen dank der Allradfederung mehrere Liegepositionen sowie eine ruhige Fahrt. Mit seiner Einhand-Klappfunktion und der F\u00e4higkeit, selbstst\u00e4ndig zu stehen, ist dieser Doppelkinderwagen eine praktische und hochwertige Wahl f\u00fcr Familien, die mit zwei Kleinkindern unterwegs sind.   <\/p>\n","protected":false},"excerpt":{"rendered":"<p>Mieten Sie den <b data-path-to-node=\"1\" data-index-in-node=\"9\">Joie Evalite Duo<\/b>, einen der leichtesten Zwillingskinderwagen auf dem Markt, der mit einem Gewicht von knapp \u00fcber 11 kg m\u00fchelos zu handhaben ist.<\/p>\n","protected":false},"featured_media":6774,"comment_status":"open","ping_status":"closed","template":"","meta":[],"product_brand":[],"product_cat":[436],"product_tag":[],"class_list":{"0":"post-6768","1":"product","2":"type-product","3":"status-publish","4":"has-post-thumbnail","6":"product_cat-zweitsitzer-kinderwagen","8":"first","9":"instock","10":"shipping-taxable","11":"product-type-simple"},"_links":{"self":[{"href":"https:\/\/istanbulstroller.com\/de\/wp-json\/wp\/v2\/product\/6768","targetHints":{"allow":["GET"]}}],"collection":[{"href":"https:\/\/istanbulstroller.com\/de\/wp-json\/wp\/v2\/product"}],"about":[{"href":"https:\/\/istanbulstroller.com\/de\/wp-json\/wp\/v2\/types\/product"}],"replies":[{"embeddable":true,"href":"https:\/\/istanbulstroller.com\/de\/wp-json\/wp\/v2\/comments?post=6768"}],"version-history":[{"count":0,"href":"https:\/\/istanbulstroller.com\/de\/wp-json\/wp\/v2\/product\/6768\/revisions"}],"wp:featuredmedia":[{"embeddable":true,"href":"https:\/\/istanbulstroller.com\/de\/wp-json\/wp\/v2\/media\/6774"}],"wp:attachment":[{"href":"https:\/\/istanbulstroller.com\/de\/wp-json\/wp\/v2\/media?parent=6768"}],"wp:term":[{"taxonomy":"product_brand","embeddable":true,"href":"https:\/\/istanbulstroller.com\/de\/wp-json\/wp\/v2\/product_brand?post=6768"},{"taxonomy":"product_cat","embeddable":true,"href":"https:\/\/istanbulstroller.com\/de\/wp-json\/wp\/v2\/product_cat?post=6768"},{"taxonomy":"product_tag","embeddable":true,"href":"https:\/\/istanbulstroller.com\/de\/wp-json\/wp\/v2\/product_tag?post=6768"}],"curies":[{"name":"wp","href":"https:\/\/api.w.org\/{rel}","templated":true}]}}