{"id":6782,"date":"2026-03-15T14:25:35","date_gmt":"2026-03-15T14:25:35","guid":{"rendered":"https:\/\/istanbulstroller.com\/product\/peg-perego-book-for-two-zwillingskinderwagen\/"},"modified":"2026-03-15T14:25:35","modified_gmt":"2026-03-15T14:25:35","slug":"peg-perego-book-for-two-zwillingskinderwagen","status":"publish","type":"product","link":"https:\/\/istanbulstroller.com\/de\/produkt\/peg-perego-book-for-two-zwillingskinderwagen\/","title":{"rendered":"Peg Perego Book For Two Zwillingskinderwagen"},"content":{"rendered":"<h2 data-path-to-node=\"0\">Peg Perego Book For Two \u2013 Italienische Eleganz<\/h2>\n<p data-path-to-node=\"1\">Mieten Sie den <b data-path-to-node=\"1\" data-index-in-node=\"9\">Peg Perego Book For Two<\/b> und genie\u00dfen Sie ein erstklassiges, leistungsstarkes Spaziererlebnis mit Ihren Zwillingen oder Geschwistern unterschiedlichen Alters. Dieser in Italien hergestellte Doppelkinderwagen verf\u00fcgt \u00fcber das innovative <b data-path-to-node=\"1\" data-index-in-node=\"151\">\u201eSoft Ride\u201c<\/b>-Radsystem und kugelgelagerte Vorderr\u00e4der, sodass Sie ihn auf jedem Untergrund m\u00fchelos und mit 30 % weniger Kraftaufwand man\u00f6vrieren k\u00f6nnen.  Das leichte Aluminiumgestell sorgt in Kombination mit individuell verstellbaren R\u00fccken- und Fu\u00dfst\u00fctzen daf\u00fcr, dass jedes Kind w\u00e4hrend der gesamten Fahrt individuellen Komfort genie\u00dft. Dank seiner kompakten Zusammenklappbarkeit und des praktischen seitlichen Tragegriffs ist dieser Doppelkinderwagen eine erstklassige Wahl f\u00fcr Familien, die bei Qualit\u00e4t und Benutzerfreundlichkeit keine Kompromisse eingehen wollen. <\/p>\n","protected":false},"excerpt":{"rendered":"<p>Mieten Sie den <b data-path-to-node=\"1\" data-index-in-node=\"9\">Peg Perego Book For Two<\/b> und genie\u00dfen Sie ein erstklassiges, leistungsstarkes Spaziererlebnis mit Ihren Zwillingen oder Geschwistern unterschiedlichen Alters. Dieser in Italien hergestellte Doppelkinderwagen verf\u00fcgt \u00fcber das innovative <b data-path-to-node=\"1\" data-index-in-node=\"151\">\u201eSoft Ride\u201c<\/b>-Radsystem und kugelgelagerte Vorderr\u00e4der, sodass Sie ihn auf jedem Untergrund m\u00fchelos und mit 30 % weniger Kraftaufwand man\u00f6vrieren k\u00f6nnen. <\/p>\n","protected":false},"featured_media":6797,"comment_status":"open","ping_status":"closed","template":"","meta":[],"product_brand":[],"product_cat":[436],"product_tag":[],"class_list":{"0":"post-6782","1":"product","2":"type-product","3":"status-publish","4":"has-post-thumbnail","6":"product_cat-zweitsitzer-kinderwagen","8":"first","9":"instock","10":"shipping-taxable","11":"product-type-simple"},"_links":{"self":[{"href":"https:\/\/istanbulstroller.com\/de\/wp-json\/wp\/v2\/product\/6782","targetHints":{"allow":["GET"]}}],"collection":[{"href":"https:\/\/istanbulstroller.com\/de\/wp-json\/wp\/v2\/product"}],"about":[{"href":"https:\/\/istanbulstroller.com\/de\/wp-json\/wp\/v2\/types\/product"}],"replies":[{"embeddable":true,"href":"https:\/\/istanbulstroller.com\/de\/wp-json\/wp\/v2\/comments?post=6782"}],"version-history":[{"count":0,"href":"https:\/\/istanbulstroller.com\/de\/wp-json\/wp\/v2\/product\/6782\/revisions"}],"wp:featuredmedia":[{"embeddable":true,"href":"https:\/\/istanbulstroller.com\/de\/wp-json\/wp\/v2\/media\/6797"}],"wp:attachment":[{"href":"https:\/\/istanbulstroller.com\/de\/wp-json\/wp\/v2\/media?parent=6782"}],"wp:term":[{"taxonomy":"product_brand","embeddable":true,"href":"https:\/\/istanbulstroller.com\/de\/wp-json\/wp\/v2\/product_brand?post=6782"},{"taxonomy":"product_cat","embeddable":true,"href":"https:\/\/istanbulstroller.com\/de\/wp-json\/wp\/v2\/product_cat?post=6782"},{"taxonomy":"product_tag","embeddable":true,"href":"https:\/\/istanbulstroller.com\/de\/wp-json\/wp\/v2\/product_tag?post=6782"}],"curies":[{"name":"wp","href":"https:\/\/api.w.org\/{rel}","templated":true}]}}