{"id":6798,"date":"2026-03-15T14:16:41","date_gmt":"2026-03-15T14:16:41","guid":{"rendered":"https:\/\/istanbulstroller.com\/product\/baby2go-avangarde-zwillingskinderwagen\/"},"modified":"2026-03-15T14:16:41","modified_gmt":"2026-03-15T14:16:41","slug":"baby2go-avangarde-zwillingskinderwagen","status":"publish","type":"product","link":"https:\/\/istanbulstroller.com\/de\/produkt\/baby2go-avangarde-zwillingskinderwagen\/","title":{"rendered":"Baby2Go Avangarde Zwillingskinderwagen"},"content":{"rendered":"<h2 data-path-to-node=\"0\">Baby2Go Avangarde Doppelkinderwagen \u2013 m\u00fchelose Mobilit\u00e4t<\/h2>\n<p data-path-to-node=\"1\">Mieten Sie den <b data-path-to-node=\"1\" data-index-in-node=\"9\">Baby2Go Avangarde<\/b> Doppelkinderwagen f\u00fcr ein reibungsloses und praktisches Reiseerlebnis mit Ihren Zwillingen oder zwei kleinen Kindern. Dieser hochwertige Doppelkinderwagen verf\u00fcgt \u00fcber einen leichten, kompakten Rahmen, der durch Standardt\u00fcren passt, sodass Sie sich m\u00fchelos durch belebte Stra\u00dfen und Einkaufszentren bewegen k\u00f6nnen. Jeder Sitz bietet unabh\u00e4ngige Liegepositionen und verstellbare Fu\u00dfst\u00fctzen, damit beide Passagiere auch bei langen Spazierg\u00e4ngen bequem sitzen. Mit seinem robusten Radsystem und dem ger\u00e4umigen Ablagekorb ist dieser Doppelkinderwagen die perfekte Wahl f\u00fcr Familien, die viel unterwegs sind. Dank seines Einhand-Klappmechanismus l\u00e4sst er sich unglaublich bequem im Kofferraum oder in engen Fluren verstauen.    <\/p>\n","protected":false},"excerpt":{"rendered":"<p>Mieten Sie den <b data-path-to-node=\"1\" data-index-in-node=\"9\">Baby2Go Avangarde<\/b> Doppelkinderwagen f\u00fcr ein komfortables und praktisches Reiseerlebnis mit Ihren Zwillingen oder zwei kleinen Kindern.<\/p>\n","protected":false},"featured_media":6799,"comment_status":"open","ping_status":"closed","template":"","meta":[],"product_brand":[],"product_cat":[436],"product_tag":[],"class_list":{"0":"post-6798","1":"product","2":"type-product","3":"status-publish","4":"has-post-thumbnail","6":"product_cat-zweitsitzer-kinderwagen","8":"first","9":"instock","10":"shipping-taxable","11":"product-type-simple"},"_links":{"self":[{"href":"https:\/\/istanbulstroller.com\/de\/wp-json\/wp\/v2\/product\/6798","targetHints":{"allow":["GET"]}}],"collection":[{"href":"https:\/\/istanbulstroller.com\/de\/wp-json\/wp\/v2\/product"}],"about":[{"href":"https:\/\/istanbulstroller.com\/de\/wp-json\/wp\/v2\/types\/product"}],"replies":[{"embeddable":true,"href":"https:\/\/istanbulstroller.com\/de\/wp-json\/wp\/v2\/comments?post=6798"}],"version-history":[{"count":0,"href":"https:\/\/istanbulstroller.com\/de\/wp-json\/wp\/v2\/product\/6798\/revisions"}],"wp:featuredmedia":[{"embeddable":true,"href":"https:\/\/istanbulstroller.com\/de\/wp-json\/wp\/v2\/media\/6799"}],"wp:attachment":[{"href":"https:\/\/istanbulstroller.com\/de\/wp-json\/wp\/v2\/media?parent=6798"}],"wp:term":[{"taxonomy":"product_brand","embeddable":true,"href":"https:\/\/istanbulstroller.com\/de\/wp-json\/wp\/v2\/product_brand?post=6798"},{"taxonomy":"product_cat","embeddable":true,"href":"https:\/\/istanbulstroller.com\/de\/wp-json\/wp\/v2\/product_cat?post=6798"},{"taxonomy":"product_tag","embeddable":true,"href":"https:\/\/istanbulstroller.com\/de\/wp-json\/wp\/v2\/product_tag?post=6798"}],"curies":[{"name":"wp","href":"https:\/\/api.w.org\/{rel}","templated":true}]}}