{"id":6806,"date":"2026-03-15T13:59:54","date_gmt":"2026-03-15T13:59:54","guid":{"rendered":"https:\/\/istanbulstroller.com\/product\/babybjoern-balance-soft-woven\/"},"modified":"2026-03-15T13:59:54","modified_gmt":"2026-03-15T13:59:54","slug":"babybjoern-balance-soft-woven","status":"publish","type":"product","link":"https:\/\/istanbulstroller.com\/de\/produkt\/babybjoern-balance-soft-woven\/","title":{"rendered":"BabyBj\u00f6rn Balance Soft Woven"},"content":{"rendered":"<h2 data-path-to-node=\"0\">BabyBj\u00f6rn Bouncer Bliss \u2013 Mieten f\u00fcr mehr Komfort<\/h2>\n<p data-path-to-node=\"1\">Erleben Sie ultimative ergonomische Unterst\u00fctzung mit der <b data-path-to-node=\"1\" data-index-in-node=\"57\">BabyBj\u00f6rn Bouncer Bliss<\/b>, die speziell daf\u00fcr entwickelt wurde, Kopf, Nacken und R\u00fccken Ihres Babys perfekt zu st\u00fctzen. Diese leichte Babywippe verf\u00fcgt \u00fcber eine nat\u00fcrliche Schaukelbewegung, die durch die eigenen Bewegungen Ihres Kindes angetrieben wird und so zur Entwicklung seiner motorischen F\u00e4higkeiten beitr\u00e4gt \u2013 ganz ohne Batterien. Sie besteht aus \u00d6ko-Tex-zertifizierten Stoffen und bietet Ihrem Kleinen eine sichere und atmungsaktive Umgebung zum Ausruhen oder Spielen. Dank ihres kompakten, zusammenklappbaren Designs ist diese Babywippe leicht zu transportieren und eignet sich ideal sowohl f\u00fcr den Gebrauch zu Hause als auch f\u00fcr unterwegs. Sie ist die perfekte, flexible Sitzl\u00f6sung, die mit Ihrem Kind von der Geburt bis zum Alter von zwei Jahren mitw\u00e4chst.    <\/p>\n","protected":false},"excerpt":{"rendered":"<p>Erleben Sie ultimativen ergonomischen Komfort und mieten Sie die <b data-path-to-node=\"1\" data-index-in-node=\"57\">BabyBj\u00f6rn Bouncer Bliss<\/b>, die speziell daf\u00fcr entwickelt wurde, Kopf, Nacken und R\u00fccken Ihres Babys perfekt zu st\u00fctzen.<\/p>\n","protected":false},"featured_media":6807,"comment_status":"open","ping_status":"closed","template":"","meta":[],"product_brand":[],"product_cat":[438,430],"product_tag":[],"class_list":{"0":"post-6806","1":"product","2":"type-product","3":"status-publish","4":"has-post-thumbnail","6":"product_cat-babyschaukel","7":"product_cat-babywippe","9":"first","10":"instock","11":"shipping-taxable","12":"product-type-simple"},"_links":{"self":[{"href":"https:\/\/istanbulstroller.com\/de\/wp-json\/wp\/v2\/product\/6806","targetHints":{"allow":["GET"]}}],"collection":[{"href":"https:\/\/istanbulstroller.com\/de\/wp-json\/wp\/v2\/product"}],"about":[{"href":"https:\/\/istanbulstroller.com\/de\/wp-json\/wp\/v2\/types\/product"}],"replies":[{"embeddable":true,"href":"https:\/\/istanbulstroller.com\/de\/wp-json\/wp\/v2\/comments?post=6806"}],"version-history":[{"count":0,"href":"https:\/\/istanbulstroller.com\/de\/wp-json\/wp\/v2\/product\/6806\/revisions"}],"wp:featuredmedia":[{"embeddable":true,"href":"https:\/\/istanbulstroller.com\/de\/wp-json\/wp\/v2\/media\/6807"}],"wp:attachment":[{"href":"https:\/\/istanbulstroller.com\/de\/wp-json\/wp\/v2\/media?parent=6806"}],"wp:term":[{"taxonomy":"product_brand","embeddable":true,"href":"https:\/\/istanbulstroller.com\/de\/wp-json\/wp\/v2\/product_brand?post=6806"},{"taxonomy":"product_cat","embeddable":true,"href":"https:\/\/istanbulstroller.com\/de\/wp-json\/wp\/v2\/product_cat?post=6806"},{"taxonomy":"product_tag","embeddable":true,"href":"https:\/\/istanbulstroller.com\/de\/wp-json\/wp\/v2\/product_tag?post=6806"}],"curies":[{"name":"wp","href":"https:\/\/api.w.org\/{rel}","templated":true}]}}