{"id":6814,"date":"2026-03-13T09:45:38","date_gmt":"2026-03-13T09:45:38","guid":{"rendered":"https:\/\/istanbulstroller.com\/product\/mamaroo-4-0-app-babysitz\/"},"modified":"2026-03-13T09:45:38","modified_gmt":"2026-03-13T09:45:38","slug":"mamaroo-4-0-app-babysitz","status":"publish","type":"product","link":"https:\/\/istanbulstroller.com\/de\/produkt\/mamaroo-4-0-app-babysitz\/","title":{"rendered":"Mamaroo 4.0 App-Babysitz"},"content":{"rendered":"<p>Die Mamaroo 4.0 App-Babyschaukel wurde auf der Grundlage elterlicher Bewegungen entwickelt und sorgt daf\u00fcr, dass Ihr Baby gl\u00fccklich ist und Sie beruhigt sein k\u00f6nnen! Diese f\u00fcr Neugeborene konzipierte Babyschaukel bietet verschiedene Schaukelmodi und Spielzeuge, die sich auf Augenh\u00f6he Ihres Babys befinden, sodass Ihr Baby Spa\u00df haben kann, w\u00e4hrend Sie Ihren t\u00e4glichen Aufgaben nachgehen. Die Mamaroo ist f\u00fcr die Verwendung ab der 8. Lebenswoche konzipiert. F\u00fcr Babys unter 8 Wochen sind die Spielzeuge auf Augenh\u00f6he positioniert, sodass sie diese einfach beobachten k\u00f6nnen. Nach 8 Wochen k\u00f6nnen Babys mit den Spielzeugen spielen und ihre visuellen F\u00e4higkeiten entwickeln. Die Spielzeuge sind abnehmbar und waschbar, was sie \u00e4u\u00dferst hygienisch macht. Au\u00dferdem ist sie umweltfreundlich, da sie mit Strom statt mit Batterien betrieben wird.      <\/p>\n","protected":false},"excerpt":{"rendered":"<p>Mit der Mamaroo 4.0 App-Babyschaukel, die auf den Bewegungen von Mama und Papa basiert, ist Ihr Baby gl\u00fccklich und Sie k\u00f6nnen ganz beruhigt sein!<\/p>\n","protected":false},"featured_media":6818,"comment_status":"open","ping_status":"closed","template":"","meta":[],"product_brand":[],"product_cat":[438,430],"product_tag":[],"class_list":{"0":"post-6814","1":"product","2":"type-product","3":"status-publish","4":"has-post-thumbnail","6":"product_cat-babyschaukel","7":"product_cat-babywippe","9":"first","10":"instock","11":"shipping-taxable","12":"product-type-simple"},"_links":{"self":[{"href":"https:\/\/istanbulstroller.com\/de\/wp-json\/wp\/v2\/product\/6814","targetHints":{"allow":["GET"]}}],"collection":[{"href":"https:\/\/istanbulstroller.com\/de\/wp-json\/wp\/v2\/product"}],"about":[{"href":"https:\/\/istanbulstroller.com\/de\/wp-json\/wp\/v2\/types\/product"}],"replies":[{"embeddable":true,"href":"https:\/\/istanbulstroller.com\/de\/wp-json\/wp\/v2\/comments?post=6814"}],"version-history":[{"count":0,"href":"https:\/\/istanbulstroller.com\/de\/wp-json\/wp\/v2\/product\/6814\/revisions"}],"wp:featuredmedia":[{"embeddable":true,"href":"https:\/\/istanbulstroller.com\/de\/wp-json\/wp\/v2\/media\/6818"}],"wp:attachment":[{"href":"https:\/\/istanbulstroller.com\/de\/wp-json\/wp\/v2\/media?parent=6814"}],"wp:term":[{"taxonomy":"product_brand","embeddable":true,"href":"https:\/\/istanbulstroller.com\/de\/wp-json\/wp\/v2\/product_brand?post=6814"},{"taxonomy":"product_cat","embeddable":true,"href":"https:\/\/istanbulstroller.com\/de\/wp-json\/wp\/v2\/product_cat?post=6814"},{"taxonomy":"product_tag","embeddable":true,"href":"https:\/\/istanbulstroller.com\/de\/wp-json\/wp\/v2\/product_tag?post=6814"}],"curies":[{"name":"wp","href":"https:\/\/api.w.org\/{rel}","templated":true}]}}