{"id":6823,"date":"2026-03-13T09:22:36","date_gmt":"2026-03-13T09:22:36","guid":{"rendered":"https:\/\/istanbulstroller.com\/product\/mamaroo-5-0-app-babysitz\/"},"modified":"2026-03-13T09:22:36","modified_gmt":"2026-03-13T09:22:36","slug":"mamaroo-5-0-app-babysitz","status":"publish","type":"product","link":"https:\/\/istanbulstroller.com\/de\/produkt\/mamaroo-5-0-app-babysitz\/","title":{"rendered":"Mamaroo 5.0 App-Babysitz"},"content":{"rendered":"<h2 data-path-to-node=\"0\">4moms MamaRoo 5.0 \u2013 Die ultimative Babyschaukel mit Multi-Motion-Funktion<\/h2>\n<p data-path-to-node=\"1\">Mieten Sie den <b data-path-to-node=\"1\" data-index-in-node=\"9\">4moms MamaRoo 5.0<\/b>, die fortschrittlichste Babyschaukel, die sich genau wie Sie bewegt. Mit f\u00fcnf einzigartigen Bewegungsmodi \u2013 Autofahrt, K\u00e4nguru, Baumschaukel, Wiegenlied und Welle \u2013 ahmt dieser intelligente Sitz das nat\u00fcrliche Schaukeln und Wiegen der Eltern nach, um Ihr Baby zu beruhigen und zu unterhalten. Mit der integrierten 4moms-App k\u00f6nnen Sie Bewegung, Geschwindigkeit und Ger\u00e4usche direkt von Ihrem Smartphone aus einstellen. Das schlanke, moderne Design und die interaktiven Spielb\u00e4lle \u00fcber dem Sitz machen ihn zu einer erstklassigen Wahl f\u00fcr die Miete, um Ihrem Baby von der Geburt bis zu einem <b data-path-to-node=\"1\" data-index-in-node=\"46\">Gewicht von 11,3 kg<\/b> ultimativen Komfort und ein sinnliches Erlebnis zu bieten.   <\/p>\n","protected":false},"excerpt":{"rendered":"<p>Die 4moms\u00ae mamaRoo 5.0 Babyschaukel wippt auf und ab und schaukelt hin und her, genau wie Eltern es tun, um ihre Babys zu beruhigen. Sie bietet f\u00fcnf einzigartige Bewegungsabl\u00e4ufe und f\u00fcnf Geschwindigkeitsstufen f\u00fcr insgesamt 25 verschiedene Kombinationen. <\/p>\n","protected":false},"featured_media":6827,"comment_status":"closed","ping_status":"closed","template":"","meta":[],"product_brand":[],"product_cat":[438,430],"product_tag":[],"class_list":{"0":"post-6823","1":"product","2":"type-product","3":"status-publish","4":"has-post-thumbnail","6":"product_cat-babyschaukel","7":"product_cat-babywippe","9":"first","10":"instock","11":"shipping-taxable","12":"product-type-simple"},"_links":{"self":[{"href":"https:\/\/istanbulstroller.com\/de\/wp-json\/wp\/v2\/product\/6823","targetHints":{"allow":["GET"]}}],"collection":[{"href":"https:\/\/istanbulstroller.com\/de\/wp-json\/wp\/v2\/product"}],"about":[{"href":"https:\/\/istanbulstroller.com\/de\/wp-json\/wp\/v2\/types\/product"}],"replies":[{"embeddable":true,"href":"https:\/\/istanbulstroller.com\/de\/wp-json\/wp\/v2\/comments?post=6823"}],"version-history":[{"count":0,"href":"https:\/\/istanbulstroller.com\/de\/wp-json\/wp\/v2\/product\/6823\/revisions"}],"wp:featuredmedia":[{"embeddable":true,"href":"https:\/\/istanbulstroller.com\/de\/wp-json\/wp\/v2\/media\/6827"}],"wp:attachment":[{"href":"https:\/\/istanbulstroller.com\/de\/wp-json\/wp\/v2\/media?parent=6823"}],"wp:term":[{"taxonomy":"product_brand","embeddable":true,"href":"https:\/\/istanbulstroller.com\/de\/wp-json\/wp\/v2\/product_brand?post=6823"},{"taxonomy":"product_cat","embeddable":true,"href":"https:\/\/istanbulstroller.com\/de\/wp-json\/wp\/v2\/product_cat?post=6823"},{"taxonomy":"product_tag","embeddable":true,"href":"https:\/\/istanbulstroller.com\/de\/wp-json\/wp\/v2\/product_tag?post=6823"}],"curies":[{"name":"wp","href":"https:\/\/api.w.org\/{rel}","templated":true}]}}