{"id":6836,"date":"2025-08-18T14:47:27","date_gmt":"2025-08-18T14:47:27","guid":{"rendered":"https:\/\/istanbulstroller.com\/product\/maxi-cosi-dove-pro-cloudsoft\/"},"modified":"2025-08-18T14:47:27","modified_gmt":"2025-08-18T14:47:27","slug":"maxi-cosi-dove-pro-cloudsoft","status":"publish","type":"product","link":"https:\/\/istanbulstroller.com\/de\/produkt\/maxi-cosi-dove-pro-cloudsoft\/","title":{"rendered":"Maxi-Cosi Dove Pro Cloudsoft"},"content":{"rendered":"<h2 data-path-to-node=\"0\">Maxi-Cosi Kori \u2013 2-in-1-Wippe und -Sitz<\/h2>\n<p data-path-to-node=\"1\">Mieten Sie die <b data-path-to-node=\"1\" data-index-in-node=\"9\">Maxi-Cosi Kori<\/b> (hier in der Premium-Ausf\u00fchrung \u201eCloudsoft\u201c abgebildet) \u2013 eine minimalistische und stilvolle L\u00f6sung, um Ihr Baby zu beruhigen. Diese leichte Babywippe und Schaukel ist f\u00fcr moderne Wohnr\u00e4ume konzipiert und erm\u00f6glicht einen nahtlosen \u00dcbergang zwischen sanfter Schaukelbewegung und feststehendem Sitz. Er ist von der Geburt bis zu einem Gewicht von 9 kg geeignet und verf\u00fcgt \u00fcber eine hochwertige, <b data-path-to-node=\"1\" data-index-in-node=\"148\">ultraweiche<\/b> Einlage f\u00fcr Neugeborene sowie drei verschiedene H\u00f6henpositionen, die mit nur einer Hand eingestellt werden k\u00f6nnen. Seine elegante Oberfl\u00e4che in Holzoptik und die hochwertigen Stoffe machen ihn zu einer sch\u00f6nen Erg\u00e4nzung f\u00fcr jeden Raum, w\u00e4hrend sein flach zusammenklappbares Design daf\u00fcr sorgt, dass er bei Nichtgebrauch nicht im Weg steht.   <\/p>\n","protected":false},"excerpt":{"rendered":"<p>Mieten Sie den <b data-path-to-node=\"1\" data-index-in-node=\"9\">Maxi-Cosi Kori <\/b>(hier in der Premium-Ausf\u00fchrung \u201eCloudsoft\u201c abgebildet) \u2013 eine schlichte und stilvolle L\u00f6sung, um Ihr Baby in den Schlaf zu wiegen.<\/p>\n","protected":false},"featured_media":6842,"comment_status":"closed","ping_status":"closed","template":"","meta":[],"product_brand":[],"product_cat":[438,430],"product_tag":[],"class_list":{"0":"post-6836","1":"product","2":"type-product","3":"status-publish","4":"has-post-thumbnail","6":"product_cat-babyschaukel","7":"product_cat-babywippe","9":"first","10":"instock","11":"shipping-taxable","12":"product-type-simple"},"_links":{"self":[{"href":"https:\/\/istanbulstroller.com\/de\/wp-json\/wp\/v2\/product\/6836","targetHints":{"allow":["GET"]}}],"collection":[{"href":"https:\/\/istanbulstroller.com\/de\/wp-json\/wp\/v2\/product"}],"about":[{"href":"https:\/\/istanbulstroller.com\/de\/wp-json\/wp\/v2\/types\/product"}],"replies":[{"embeddable":true,"href":"https:\/\/istanbulstroller.com\/de\/wp-json\/wp\/v2\/comments?post=6836"}],"version-history":[{"count":0,"href":"https:\/\/istanbulstroller.com\/de\/wp-json\/wp\/v2\/product\/6836\/revisions"}],"wp:featuredmedia":[{"embeddable":true,"href":"https:\/\/istanbulstroller.com\/de\/wp-json\/wp\/v2\/media\/6842"}],"wp:attachment":[{"href":"https:\/\/istanbulstroller.com\/de\/wp-json\/wp\/v2\/media?parent=6836"}],"wp:term":[{"taxonomy":"product_brand","embeddable":true,"href":"https:\/\/istanbulstroller.com\/de\/wp-json\/wp\/v2\/product_brand?post=6836"},{"taxonomy":"product_cat","embeddable":true,"href":"https:\/\/istanbulstroller.com\/de\/wp-json\/wp\/v2\/product_cat?post=6836"},{"taxonomy":"product_tag","embeddable":true,"href":"https:\/\/istanbulstroller.com\/de\/wp-json\/wp\/v2\/product_tag?post=6836"}],"curies":[{"name":"wp","href":"https:\/\/api.w.org\/{rel}","templated":true}]}}