{"id":6843,"date":"2025-03-23T19:15:27","date_gmt":"2025-03-23T19:15:27","guid":{"rendered":"https:\/\/istanbulstroller.com\/product\/joie-nitro-lx-kinderwagen\/"},"modified":"2025-03-23T19:15:27","modified_gmt":"2025-03-23T19:15:27","slug":"joie-nitro-lx-kinderwagen","status":"publish","type":"product","link":"https:\/\/istanbulstroller.com\/de\/produkt\/joie-nitro-lx-kinderwagen\/","title":{"rendered":"Joie Nitro LX Kinderwagen"},"content":{"rendered":"<h2 data-path-to-node=\"0\">Joie Nitro LX \u2013 Leichter Buggy<\/h2>\n<p data-path-to-node=\"1\">Mieten Sie den <b data-path-to-node=\"1\" data-index-in-node=\"9\">Joie Nitro LX<\/b> \u2013 einen eleganten und leichten Kinderwagen, der nur <b data-path-to-node=\"1\" data-index-in-node=\"51\">7,7 kg<\/b> wiegt und sich perfekt f\u00fcr kurze Ausfl\u00fcge und belebte Stra\u00dfen eignet. Dieser Kinderwagen im Regenschirm-Faltdesign verf\u00fcgt \u00fcber einen mehrfach verstellbaren Sitz, der sich vollst\u00e4ndig flach legen l\u00e4sst, wodurch er von der Geburt bis zu einem Gewicht von 15 kg geeignet ist. Ausgestattet mit einer Allradfederung und ergonomischen Schaumstoffgriffen sorgt er f\u00fcr eine sanfte und komfortable Fahrt auf verschiedenen Untergr\u00fcnden. Sein kompaktes Faltdesign im Regenschirm-Stil und der integrierte Tragegriff machen ihn zur idealen Wahl f\u00fcr Eltern, die Mobilit\u00e4t suchen, ohne dabei auf Sicherheit oder Langlebigkeit verzichten zu m\u00fcssen.   <\/p>\n","protected":false},"excerpt":{"rendered":"<p>Mieten Sie den <b data-path-to-node=\"1\" data-index-in-node=\"9\">Joie Nitro LX <\/b>\u2013 einen eleganten und leichten Kinderwagen, der nur <b data-path-to-node=\"1\" data-index-in-node=\"51\">7,7 kg<\/b> wiegt und sich perfekt f\u00fcr kurze Ausfl\u00fcge und belebte Stra\u00dfen eignet.<\/p>\n","protected":false},"featured_media":6849,"comment_status":"closed","ping_status":"closed","template":"","meta":[],"product_brand":[],"product_cat":[435,437],"product_tag":[],"class_list":{"0":"post-6843","1":"product","2":"type-product","3":"status-publish","4":"has-post-thumbnail","6":"product_cat-kinderwagen","7":"product_cat-reisekinderwagen","9":"first","10":"instock","11":"shipping-taxable","12":"product-type-simple"},"_links":{"self":[{"href":"https:\/\/istanbulstroller.com\/de\/wp-json\/wp\/v2\/product\/6843","targetHints":{"allow":["GET"]}}],"collection":[{"href":"https:\/\/istanbulstroller.com\/de\/wp-json\/wp\/v2\/product"}],"about":[{"href":"https:\/\/istanbulstroller.com\/de\/wp-json\/wp\/v2\/types\/product"}],"replies":[{"embeddable":true,"href":"https:\/\/istanbulstroller.com\/de\/wp-json\/wp\/v2\/comments?post=6843"}],"version-history":[{"count":0,"href":"https:\/\/istanbulstroller.com\/de\/wp-json\/wp\/v2\/product\/6843\/revisions"}],"wp:featuredmedia":[{"embeddable":true,"href":"https:\/\/istanbulstroller.com\/de\/wp-json\/wp\/v2\/media\/6849"}],"wp:attachment":[{"href":"https:\/\/istanbulstroller.com\/de\/wp-json\/wp\/v2\/media?parent=6843"}],"wp:term":[{"taxonomy":"product_brand","embeddable":true,"href":"https:\/\/istanbulstroller.com\/de\/wp-json\/wp\/v2\/product_brand?post=6843"},{"taxonomy":"product_cat","embeddable":true,"href":"https:\/\/istanbulstroller.com\/de\/wp-json\/wp\/v2\/product_cat?post=6843"},{"taxonomy":"product_tag","embeddable":true,"href":"https:\/\/istanbulstroller.com\/de\/wp-json\/wp\/v2\/product_tag?post=6843"}],"curies":[{"name":"wp","href":"https:\/\/api.w.org\/{rel}","templated":true}]}}