{"id":6850,"date":"2025-03-23T14:47:27","date_gmt":"2025-03-23T14:47:27","guid":{"rendered":"https:\/\/istanbulstroller.com\/product\/maclaren-quest-arc-black-herringbone-stroller\/"},"modified":"2025-03-23T14:47:27","modified_gmt":"2025-03-23T14:47:27","slug":"maclaren-quest-arc-black-herringbone-stroller","status":"publish","type":"product","link":"https:\/\/istanbulstroller.com\/de\/produkt\/maclaren-quest-arc-black-herringbone-stroller\/","title":{"rendered":"Maclaren Quest Arc Black Herringbone Stroller"},"content":{"rendered":"<h2 data-path-to-node=\"0\">Maclaren Quest Arc \u2013 Hochwertiger, leichter Reisekinderwagen<\/h2>\n<p data-path-to-node=\"1\">Mieten Sie den <b data-path-to-node=\"1\" data-index-in-node=\"9\">Maclaren Quest Arc<\/b> im eleganten Schwarz mit Fischgr\u00e4tenmuster und genie\u00dfen Sie ein erstklassiges Kinderwagenerlebnis, das Kinder von der Geburt bis zu einem Gewicht von 25 kg begleitet. Dieser leichte Kinderwagen mit einem Gewicht von 6,1 kg verf\u00fcgt \u00fcber ein leistungsstarkes Aluminium-Fahrgestell und einen in vier Positionen verstellbaren Sitz mit einer vollst\u00e4ndig flachen Liegeposition f\u00fcr maximalen Komfort. Er ist auf Komfort ausgelegt, l\u00e4sst sich in nur 5 Sekunden zusammenklappen und verf\u00fcgt \u00fcber einen praktischen Tragegurt f\u00fcr den einfachen Transport \u00fcber der Schulter. Mit seiner Allradfederung und dem wasserdichten Verdeck mit UPF 50+ sorgt dieser Kinderwagen f\u00fcr eine sanfte, sichere und luftige Fahrt f\u00fcr Ihren Nachwuchs in jeder Umgebung.   <\/p>\n","protected":false},"excerpt":{"rendered":"<p>Mieten Sie den <b data-path-to-node=\"1\" data-index-in-node=\"9\">Maclaren Quest Arc<\/b> im eleganten Schwarz mit Fischgr\u00e4tenmuster und genie\u00dfen Sie ein erstklassiges Kinderwagen-Erlebnis, das Kinder von der Geburt bis zu einem Gewicht von <b data-path-to-node=\"1\" data-index-in-node=\"80\">25 kg begleitet<\/b>. Dieser leichte Kinderwagen wiegt nur 6,1 kg <\/p>\n","protected":false},"featured_media":6855,"comment_status":"closed","ping_status":"closed","template":"","meta":[],"product_brand":[],"product_cat":[435,437],"product_tag":[],"class_list":{"0":"post-6850","1":"product","2":"type-product","3":"status-publish","4":"has-post-thumbnail","6":"product_cat-kinderwagen","7":"product_cat-reisekinderwagen","9":"first","10":"instock","11":"shipping-taxable","12":"product-type-simple"},"_links":{"self":[{"href":"https:\/\/istanbulstroller.com\/de\/wp-json\/wp\/v2\/product\/6850","targetHints":{"allow":["GET"]}}],"collection":[{"href":"https:\/\/istanbulstroller.com\/de\/wp-json\/wp\/v2\/product"}],"about":[{"href":"https:\/\/istanbulstroller.com\/de\/wp-json\/wp\/v2\/types\/product"}],"replies":[{"embeddable":true,"href":"https:\/\/istanbulstroller.com\/de\/wp-json\/wp\/v2\/comments?post=6850"}],"version-history":[{"count":0,"href":"https:\/\/istanbulstroller.com\/de\/wp-json\/wp\/v2\/product\/6850\/revisions"}],"wp:featuredmedia":[{"embeddable":true,"href":"https:\/\/istanbulstroller.com\/de\/wp-json\/wp\/v2\/media\/6855"}],"wp:attachment":[{"href":"https:\/\/istanbulstroller.com\/de\/wp-json\/wp\/v2\/media?parent=6850"}],"wp:term":[{"taxonomy":"product_brand","embeddable":true,"href":"https:\/\/istanbulstroller.com\/de\/wp-json\/wp\/v2\/product_brand?post=6850"},{"taxonomy":"product_cat","embeddable":true,"href":"https:\/\/istanbulstroller.com\/de\/wp-json\/wp\/v2\/product_cat?post=6850"},{"taxonomy":"product_tag","embeddable":true,"href":"https:\/\/istanbulstroller.com\/de\/wp-json\/wp\/v2\/product_tag?post=6850"}],"curies":[{"name":"wp","href":"https:\/\/api.w.org\/{rel}","templated":true}]}}