{"id":5884,"date":"2026-04-03T15:52:19","date_gmt":"2026-04-03T15:52:19","guid":{"rendered":"https:\/\/istanbulstroller.com\/product\/set-smart-package-5-cochecito-y-silla-de-coche\/"},"modified":"2026-04-03T15:52:19","modified_gmt":"2026-04-03T15:52:19","slug":"set-smart-package-5-cochecito-y-silla-de-coche","status":"publish","type":"product","link":"https:\/\/istanbulstroller.com\/es\/producto\/set-smart-package-5-cochecito-y-silla-de-coche\/","title":{"rendered":"Set \u00abSmart Package 5\u00bb: cochecito y silla de coche"},"content":{"rendered":"<h2 data-path-to-node=\"0\">Paquete \u00abSmart Package 5\u00bb: Seguridad y movilidad en la carretera<\/h2>\n<p data-path-to-node=\"1\">Disfruta de una transici\u00f3n fluida del coche a la acera con nuestro kit \u00abSeguridad y movilidad en la carretera\u00bb. Este conjunto de alta calidad incluye la silla de coche Kraft Safe Spin y el cochecito Joie Nitro LX, que garantizar\u00e1n a tu hijo la m\u00e1xima protecci\u00f3n en cada viaje y un paseo fluido y c\u00f3modo en cada salida. <\/p>\n","protected":false},"excerpt":{"rendered":"<p>Disfruta de una transici\u00f3n fluida del coche a la acera con nuestro kit \u00abSeguridad y movilidad en la carretera\u00bb.<\/p>\n","protected":false},"featured_media":4058,"comment_status":"closed","ping_status":"closed","template":"","meta":[],"product_brand":[],"product_cat":[369],"product_tag":[],"class_list":{"0":"post-5884","1":"product","2":"type-product","3":"status-publish","4":"has-post-thumbnail","6":"product_cat-envases-inteligentes","8":"first","9":"instock","10":"shipping-taxable","11":"product-type-simple"},"_links":{"self":[{"href":"https:\/\/istanbulstroller.com\/es\/wp-json\/wp\/v2\/product\/5884","targetHints":{"allow":["GET"]}}],"collection":[{"href":"https:\/\/istanbulstroller.com\/es\/wp-json\/wp\/v2\/product"}],"about":[{"href":"https:\/\/istanbulstroller.com\/es\/wp-json\/wp\/v2\/types\/product"}],"replies":[{"embeddable":true,"href":"https:\/\/istanbulstroller.com\/es\/wp-json\/wp\/v2\/comments?post=5884"}],"version-history":[{"count":0,"href":"https:\/\/istanbulstroller.com\/es\/wp-json\/wp\/v2\/product\/5884\/revisions"}],"wp:featuredmedia":[{"embeddable":true,"href":"https:\/\/istanbulstroller.com\/es\/wp-json\/wp\/v2\/media\/4058"}],"wp:attachment":[{"href":"https:\/\/istanbulstroller.com\/es\/wp-json\/wp\/v2\/media?parent=5884"}],"wp:term":[{"taxonomy":"product_brand","embeddable":true,"href":"https:\/\/istanbulstroller.com\/es\/wp-json\/wp\/v2\/product_brand?post=5884"},{"taxonomy":"product_cat","embeddable":true,"href":"https:\/\/istanbulstroller.com\/es\/wp-json\/wp\/v2\/product_cat?post=5884"},{"taxonomy":"product_tag","embeddable":true,"href":"https:\/\/istanbulstroller.com\/es\/wp-json\/wp\/v2\/product_tag?post=5884"}],"curies":[{"name":"wp","href":"https:\/\/api.w.org\/{rel}","templated":true}]}}