{"id":5893,"date":"2026-04-03T15:45:22","date_gmt":"2026-04-03T15:45:22","guid":{"rendered":"https:\/\/istanbulstroller.com\/product\/paquete-inteligente-4-cuna-cochecito-y-portabebes\/"},"modified":"2026-04-03T15:45:22","modified_gmt":"2026-04-03T15:45:22","slug":"paquete-inteligente-4-cuna-cochecito-y-portabebes","status":"publish","type":"product","link":"https:\/\/istanbulstroller.com\/es\/producto\/paquete-inteligente-4-cuna-cochecito-y-portabebes\/","title":{"rendered":"Paquete inteligente 4: Cuna, cochecito y portabeb\u00e9s"},"content":{"rendered":"<h2 data-path-to-node=\"0\">Paquete Smart 4: soluci\u00f3n completa para viajar y dormir<\/h2>\n<p data-path-to-node=\"1\">Aprovecha al m\u00e1ximo tu libertad y la comodidad de tu beb\u00e9 con la soluci\u00f3n completa para viajar y dormir. Este tr\u00edo definitivo est\u00e1 dise\u00f1ado para familias que no quieren que nada les frene, y ofrece una transici\u00f3n fluida entre la siesta en casa, los paseos por la ciudad y las excursiones sin tener que llevar nada en las manos. Con la cuna Kanz <b data-path-to-node=\"1\" data-index-in-node=\"55\">Love Baby<\/b>, el cochecito <b data-path-to-node=\"1\" data-index-in-node=\"268\">Joie Nitro LX<\/b> y el portabeb\u00e9s <b data-path-to-node=\"1\" data-index-in-node=\"293\">Kraft Air Cool<\/b>, este paquete cubre todas las necesidades esenciales de movilidad y descanso en un solo conjunto<b data-path-to-node=\"1\" data-index-in-node=\"325\"> \u00abinteligente\u00bb<\/b>.  <\/p>\n","protected":false},"excerpt":{"rendered":"<p>Disfruta de la m\u00e1xima libertad y de la m\u00e1xima comodidad para tu beb\u00e9 con la soluci\u00f3n integral para viajar y dormir.<\/p>\n","protected":false},"featured_media":4054,"comment_status":"closed","ping_status":"closed","template":"","meta":[],"product_brand":[],"product_cat":[369],"product_tag":[],"class_list":{"0":"post-5893","1":"product","2":"type-product","3":"status-publish","4":"has-post-thumbnail","6":"product_cat-envases-inteligentes","8":"first","9":"instock","10":"shipping-taxable","11":"product-type-simple"},"_links":{"self":[{"href":"https:\/\/istanbulstroller.com\/es\/wp-json\/wp\/v2\/product\/5893","targetHints":{"allow":["GET"]}}],"collection":[{"href":"https:\/\/istanbulstroller.com\/es\/wp-json\/wp\/v2\/product"}],"about":[{"href":"https:\/\/istanbulstroller.com\/es\/wp-json\/wp\/v2\/types\/product"}],"replies":[{"embeddable":true,"href":"https:\/\/istanbulstroller.com\/es\/wp-json\/wp\/v2\/comments?post=5893"}],"version-history":[{"count":0,"href":"https:\/\/istanbulstroller.com\/es\/wp-json\/wp\/v2\/product\/5893\/revisions"}],"wp:featuredmedia":[{"embeddable":true,"href":"https:\/\/istanbulstroller.com\/es\/wp-json\/wp\/v2\/media\/4054"}],"wp:attachment":[{"href":"https:\/\/istanbulstroller.com\/es\/wp-json\/wp\/v2\/media?parent=5893"}],"wp:term":[{"taxonomy":"product_brand","embeddable":true,"href":"https:\/\/istanbulstroller.com\/es\/wp-json\/wp\/v2\/product_brand?post=5893"},{"taxonomy":"product_cat","embeddable":true,"href":"https:\/\/istanbulstroller.com\/es\/wp-json\/wp\/v2\/product_cat?post=5893"},{"taxonomy":"product_tag","embeddable":true,"href":"https:\/\/istanbulstroller.com\/es\/wp-json\/wp\/v2\/product_tag?post=5893"}],"curies":[{"name":"wp","href":"https:\/\/api.w.org\/{rel}","templated":true}]}}