{"id":5895,"date":"2026-04-03T15:40:01","date_gmt":"2026-04-03T15:40:01","guid":{"rendered":"https:\/\/istanbulstroller.com\/product\/paquete-inteligente-3-cuna-y-cochecito\/"},"modified":"2026-04-03T15:40:01","modified_gmt":"2026-04-03T15:40:01","slug":"paquete-inteligente-3-cuna-y-cochecito","status":"publish","type":"product","link":"https:\/\/istanbulstroller.com\/es\/producto\/paquete-inteligente-3-cuna-y-cochecito\/","title":{"rendered":"Paquete inteligente 3: Cuna y cochecito"},"content":{"rendered":"<h2 data-path-to-node=\"0\">Paquete inteligente 3: Lo imprescindible para el hogar y los desplazamientos<\/h2>\n<p data-path-to-node=\"1\">Disfruta del equilibrio perfecto entre la comodidad del hogar y la movilidad al aire libre con nuestro pack <b data-path-to-node=\"1\" data-index-in-node=\"77\">Home &amp; Go Essentials<\/b>. Este pr\u00e1ctico conjunto incluye la vers\u00e1til cuna <b data-path-to-node=\"1\" data-index-in-node=\"148\">Kanz Love Baby<\/b> y el ligero cochecito <b data-path-to-node=\"1\" data-index-in-node=\"188\">Joie Nitro LX<\/b>, lo que proporciona a tu beb\u00e9 una sensaci\u00f3n constante de seguridad, tanto si est\u00e1 durmiendo la siesta en el sal\u00f3n como si est\u00e1 explorando las calles de la ciudad. <\/p>\n","protected":false},"excerpt":{"rendered":"<p>Disfruta del equilibrio perfecto entre la comodidad del hogar y la movilidad al aire libre con nuestro paquete <b data-path-to-node=\"1\" data-index-in-node=\"77\">Home &amp; Go Essentials<\/b>.<\/p>\n","protected":false},"featured_media":4049,"comment_status":"closed","ping_status":"closed","template":"","meta":[],"product_brand":[],"product_cat":[369],"product_tag":[],"class_list":{"0":"post-5895","1":"product","2":"type-product","3":"status-publish","4":"has-post-thumbnail","6":"product_cat-envases-inteligentes","8":"first","9":"instock","10":"shipping-taxable","11":"product-type-simple"},"_links":{"self":[{"href":"https:\/\/istanbulstroller.com\/es\/wp-json\/wp\/v2\/product\/5895","targetHints":{"allow":["GET"]}}],"collection":[{"href":"https:\/\/istanbulstroller.com\/es\/wp-json\/wp\/v2\/product"}],"about":[{"href":"https:\/\/istanbulstroller.com\/es\/wp-json\/wp\/v2\/types\/product"}],"replies":[{"embeddable":true,"href":"https:\/\/istanbulstroller.com\/es\/wp-json\/wp\/v2\/comments?post=5895"}],"version-history":[{"count":0,"href":"https:\/\/istanbulstroller.com\/es\/wp-json\/wp\/v2\/product\/5895\/revisions"}],"wp:featuredmedia":[{"embeddable":true,"href":"https:\/\/istanbulstroller.com\/es\/wp-json\/wp\/v2\/media\/4049"}],"wp:attachment":[{"href":"https:\/\/istanbulstroller.com\/es\/wp-json\/wp\/v2\/media?parent=5895"}],"wp:term":[{"taxonomy":"product_brand","embeddable":true,"href":"https:\/\/istanbulstroller.com\/es\/wp-json\/wp\/v2\/product_brand?post=5895"},{"taxonomy":"product_cat","embeddable":true,"href":"https:\/\/istanbulstroller.com\/es\/wp-json\/wp\/v2\/product_cat?post=5895"},{"taxonomy":"product_tag","embeddable":true,"href":"https:\/\/istanbulstroller.com\/es\/wp-json\/wp\/v2\/product_tag?post=5895"}],"curies":[{"name":"wp","href":"https:\/\/api.w.org\/{rel}","templated":true}]}}