{"id":5908,"date":"2026-04-03T14:27:35","date_gmt":"2026-04-03T14:27:35","guid":{"rendered":"https:\/\/istanbulstroller.com\/product\/kanz-bistro-high-chair\/"},"modified":"2026-04-03T14:27:35","modified_gmt":"2026-04-03T14:27:35","slug":"kanz-bistro-high-chair","status":"publish","type":"product","link":"https:\/\/istanbulstroller.com\/es\/producto\/kanz-bistro-high-chair\/","title":{"rendered":"Kanz Bistro High Chair"},"content":{"rendered":"<h2 data-path-to-node=\"0\">Kanz Bistro: un comedor elegante y pr\u00e1ctico<\/h2>\n<p data-path-to-node=\"1\">Alquila la trona <b data-path-to-node=\"1\" data-index-in-node=\"9\">Kanz Bistro<\/b> para disfrutar de una experiencia gastron\u00f3mica c\u00f3moda y totalmente ajustable que se integra a la perfecci\u00f3n en tu hogar. Esta moderna trona ofrece m\u00faltiples niveles de altura y posiciones reclinables, lo que la hace ideal tanto para la hora de comer como para los breves descansos tras las comidas. Dise\u00f1ada con una bandeja extra\u00edble de doble capa para facilitar la limpieza y una funda de asiento suave y lavable, garantiza que la hora de la comida sea higi\u00e9nica y sin complicaciones. Con su arn\u00e9s de seguridad de 5 puntos y su mecanismo de plegado r\u00e1pido, la <b data-path-to-node=\"1\" data-index-in-node=\"139\">Kanz Bistro<\/b> ofrece una soluci\u00f3n de alquiler segura y que ahorra espacio para beb\u00e9s de 6 meses hasta 15 kg.   <\/p>\n","protected":false},"excerpt":{"rendered":"<p>Alquila la trona <b data-path-to-node=\"1\" data-index-in-node=\"9\">Kanz Bistro para disfrutar de<\/b> una experiencia gastron\u00f3mica c\u00f3moda y totalmente ajustable que se integra a la perfecci\u00f3n en tu hogar.<\/p>\n","protected":false},"featured_media":4023,"comment_status":"closed","ping_status":"closed","template":"","meta":[],"product_brand":[],"product_cat":[375],"product_tag":[],"class_list":{"0":"post-5908","1":"product","2":"type-product","3":"status-publish","4":"has-post-thumbnail","6":"product_cat-trona","8":"first","9":"instock","10":"shipping-taxable","11":"product-type-simple"},"_links":{"self":[{"href":"https:\/\/istanbulstroller.com\/es\/wp-json\/wp\/v2\/product\/5908","targetHints":{"allow":["GET"]}}],"collection":[{"href":"https:\/\/istanbulstroller.com\/es\/wp-json\/wp\/v2\/product"}],"about":[{"href":"https:\/\/istanbulstroller.com\/es\/wp-json\/wp\/v2\/types\/product"}],"replies":[{"embeddable":true,"href":"https:\/\/istanbulstroller.com\/es\/wp-json\/wp\/v2\/comments?post=5908"}],"version-history":[{"count":0,"href":"https:\/\/istanbulstroller.com\/es\/wp-json\/wp\/v2\/product\/5908\/revisions"}],"wp:featuredmedia":[{"embeddable":true,"href":"https:\/\/istanbulstroller.com\/es\/wp-json\/wp\/v2\/media\/4023"}],"wp:attachment":[{"href":"https:\/\/istanbulstroller.com\/es\/wp-json\/wp\/v2\/media?parent=5908"}],"wp:term":[{"taxonomy":"product_brand","embeddable":true,"href":"https:\/\/istanbulstroller.com\/es\/wp-json\/wp\/v2\/product_brand?post=5908"},{"taxonomy":"product_cat","embeddable":true,"href":"https:\/\/istanbulstroller.com\/es\/wp-json\/wp\/v2\/product_cat?post=5908"},{"taxonomy":"product_tag","embeddable":true,"href":"https:\/\/istanbulstroller.com\/es\/wp-json\/wp\/v2\/product_tag?post=5908"}],"curies":[{"name":"wp","href":"https:\/\/api.w.org\/{rel}","templated":true}]}}