{"id":5914,"date":"2026-04-03T14:20:29","date_gmt":"2026-04-03T14:20:29","guid":{"rendered":"https:\/\/istanbulstroller.com\/product\/trona-prego-lucca-mama\/"},"modified":"2026-04-03T14:20:29","modified_gmt":"2026-04-03T14:20:29","slug":"trona-prego-lucca-mama","status":"publish","type":"product","link":"https:\/\/istanbulstroller.com\/es\/producto\/trona-prego-lucca-mama\/","title":{"rendered":"Trona Prego Lucca Mama"},"content":{"rendered":"<h2 data-path-to-node=\"0\">Prego Lucca &#8211; Trona ajustable y c\u00f3moda<\/h2>\n<p data-path-to-node=\"1\">Alquila la trona <b data-path-to-node=\"1\" data-index-in-node=\"9\">Prego Lucca<\/b> para disfrutar de una soluci\u00f3n vers\u00e1til y ergon\u00f3mica que crece con tu hijo. Esta trona de alta gama cuenta con 7 posiciones de altura diferentes y un asiento reclinable en 3 posiciones, lo que le permite adaptarse perfectamente a tu mesa de comedor o a la comodidad de tu beb\u00e9. Gracias a su bandeja extra\u00edble de doble capa y a la funda del asiento de cuero sint\u00e9tico f\u00e1cil de limpiar, mantener la higiene durante la hora de la comida es muy sencillo. Equipada con un arn\u00e9s de seguridad de 5 puntos y un dise\u00f1o plegable compacto, la <b data-path-to-node=\"1\" data-index-in-node=\"119\">Prego Lucca<\/b> es una opci\u00f3n de alquiler elegante y pr\u00e1ctica que garantiza una experiencia de alimentaci\u00f3n segura y c\u00f3moda desde la primera infancia hasta los 15 kg.   <\/p>\n","protected":false},"excerpt":{"rendered":"<p>Alquila la trona <b data-path-to-node=\"1\" data-index-in-node=\"9\">Prego Lucca<\/b> para disfrutar de una soluci\u00f3n vers\u00e1til y ergon\u00f3mica que crece con tu hijo.<\/p>\n","protected":false},"featured_media":4015,"comment_status":"closed","ping_status":"closed","template":"","meta":[],"product_brand":[],"product_cat":[375],"product_tag":[],"class_list":{"0":"post-5914","1":"product","2":"type-product","3":"status-publish","4":"has-post-thumbnail","6":"product_cat-trona","8":"first","9":"instock","10":"shipping-taxable","11":"product-type-simple"},"_links":{"self":[{"href":"https:\/\/istanbulstroller.com\/es\/wp-json\/wp\/v2\/product\/5914","targetHints":{"allow":["GET"]}}],"collection":[{"href":"https:\/\/istanbulstroller.com\/es\/wp-json\/wp\/v2\/product"}],"about":[{"href":"https:\/\/istanbulstroller.com\/es\/wp-json\/wp\/v2\/types\/product"}],"replies":[{"embeddable":true,"href":"https:\/\/istanbulstroller.com\/es\/wp-json\/wp\/v2\/comments?post=5914"}],"version-history":[{"count":0,"href":"https:\/\/istanbulstroller.com\/es\/wp-json\/wp\/v2\/product\/5914\/revisions"}],"wp:featuredmedia":[{"embeddable":true,"href":"https:\/\/istanbulstroller.com\/es\/wp-json\/wp\/v2\/media\/4015"}],"wp:attachment":[{"href":"https:\/\/istanbulstroller.com\/es\/wp-json\/wp\/v2\/media?parent=5914"}],"wp:term":[{"taxonomy":"product_brand","embeddable":true,"href":"https:\/\/istanbulstroller.com\/es\/wp-json\/wp\/v2\/product_brand?post=5914"},{"taxonomy":"product_cat","embeddable":true,"href":"https:\/\/istanbulstroller.com\/es\/wp-json\/wp\/v2\/product_cat?post=5914"},{"taxonomy":"product_tag","embeddable":true,"href":"https:\/\/istanbulstroller.com\/es\/wp-json\/wp\/v2\/product_tag?post=5914"}],"curies":[{"name":"wp","href":"https:\/\/api.w.org\/{rel}","templated":true}]}}