{"id":5943,"date":"2026-03-31T16:22:39","date_gmt":"2026-03-31T16:22:39","guid":{"rendered":"https:\/\/istanbulstroller.com\/product\/cochecito-familiar-rider-wagon-de-malion\/"},"modified":"2026-03-31T16:22:39","modified_gmt":"2026-03-31T16:22:39","slug":"cochecito-familiar-rider-wagon-de-malion","status":"publish","type":"product","link":"https:\/\/istanbulstroller.com\/es\/producto\/cochecito-familiar-rider-wagon-de-malion\/","title":{"rendered":"Cochecito familiar Rider Wagon de Malion"},"content":{"rendered":"<h2 data-path-to-node=\"0\">Malion Family Rider: una camioneta familiar vers\u00e1til<\/h2>\n<p data-path-to-node=\"1\">Alquila el <b data-path-to-node=\"1\" data-index-in-node=\"9\">Malion Family Rider<\/b>, un carrito tipo carrito de la compra de gran capacidad dise\u00f1ado para combinar la practicidad con la diversi\u00f3n familiar sin esfuerzo. Con una robusta capacidad de carga de <b data-path-to-node=\"1\" data-index-in-node=\"46\">100 kg<\/b>, este carrito es perfecto para transportar a dos ni\u00f1os junto con todo el equipo imprescindible para un d\u00eda en el parque, la playa o un festival. Con un espacioso interior de 80 x 46 cm y un mecanismo de plegado r\u00e1pido, ofrece el equilibrio perfecto entre una amplia superficie de carga y un almacenamiento compacto. Las varillas de carbono del toldo y el sistema de frenado central trasero garantizan que tus aventuras sean elegantes y seguras en cualquier camino que elijas.   <\/p>\n","protected":false},"excerpt":{"rendered":"<p>Alquila el <b data-path-to-node=\"1\" data-index-in-node=\"9\">Malion Family Rider<\/b>, un cochecito tipo carrito de gran capacidad dise\u00f1ado para combinar la practicidad con la diversi\u00f3n familiar sin esfuerzo.<\/p>\n","protected":false},"featured_media":3977,"comment_status":"closed","ping_status":"closed","template":"","meta":[],"product_brand":[],"product_cat":[385],"product_tag":[],"class_list":{"0":"post-5943","1":"product","2":"type-product","3":"status-publish","4":"has-post-thumbnail","6":"product_cat-carrito-para-ninos","8":"first","9":"instock","10":"shipping-taxable","11":"product-type-simple"},"_links":{"self":[{"href":"https:\/\/istanbulstroller.com\/es\/wp-json\/wp\/v2\/product\/5943","targetHints":{"allow":["GET"]}}],"collection":[{"href":"https:\/\/istanbulstroller.com\/es\/wp-json\/wp\/v2\/product"}],"about":[{"href":"https:\/\/istanbulstroller.com\/es\/wp-json\/wp\/v2\/types\/product"}],"replies":[{"embeddable":true,"href":"https:\/\/istanbulstroller.com\/es\/wp-json\/wp\/v2\/comments?post=5943"}],"version-history":[{"count":0,"href":"https:\/\/istanbulstroller.com\/es\/wp-json\/wp\/v2\/product\/5943\/revisions"}],"wp:featuredmedia":[{"embeddable":true,"href":"https:\/\/istanbulstroller.com\/es\/wp-json\/wp\/v2\/media\/3977"}],"wp:attachment":[{"href":"https:\/\/istanbulstroller.com\/es\/wp-json\/wp\/v2\/media?parent=5943"}],"wp:term":[{"taxonomy":"product_brand","embeddable":true,"href":"https:\/\/istanbulstroller.com\/es\/wp-json\/wp\/v2\/product_brand?post=5943"},{"taxonomy":"product_cat","embeddable":true,"href":"https:\/\/istanbulstroller.com\/es\/wp-json\/wp\/v2\/product_cat?post=5943"},{"taxonomy":"product_tag","embeddable":true,"href":"https:\/\/istanbulstroller.com\/es\/wp-json\/wp\/v2\/product_tag?post=5943"}],"curies":[{"name":"wp","href":"https:\/\/api.w.org\/{rel}","templated":true}]}}