{"id":5958,"date":"2026-03-31T13:44:25","date_gmt":"2026-03-31T13:44:25","guid":{"rendered":"https:\/\/istanbulstroller.com\/product\/cochecito-veer-gear-cruiser-wagon\/"},"modified":"2026-03-31T13:44:25","modified_gmt":"2026-03-31T13:44:25","slug":"cochecito-veer-gear-cruiser-wagon","status":"publish","type":"product","link":"https:\/\/istanbulstroller.com\/es\/producto\/cochecito-veer-gear-cruiser-wagon\/","title":{"rendered":"Cochecito Veer Gear Cruiser Wagon"},"content":{"rendered":"<h2 data-path-to-node=\"0\">Cochecito Veer Cruiser Wagon: la aventura todoterreno definitiva<\/h2>\n<p data-path-to-node=\"1\">Alquila el <b data-path-to-node=\"1\" data-index-in-node=\"9\">Veer Cruiser,<\/b> el primer \u00abcrossover todoterreno\u00bb del mundo que combina la funcionalidad de un cochecito de alta gama con la diversi\u00f3n y la resistencia de una carretilla. Fabricado con un chasis de aluminio de grado militar y neum\u00e1ticos grandes con tacos, se desenvuelve con facilidad en arena, nieve, barro y grava, al tiempo que ofrece una maniobrabilidad fluida en las aceras de la ciudad. Este vers\u00e1til carrito tipo carrito de mano cuenta con dos asientos contorneados con arneses de 3 puntos, una bandeja extra\u00edble para aperitivos y portavasos integrados, lo que lo convierte en la opci\u00f3n de alquiler perfecta para familias amantes del aire libre con uno o dos ni\u00f1os. Tanto si decides empujarlo como un cochecito como si lo tiras como un carrito de mano, el <b data-path-to-node=\"1\" data-index-in-node=\"110\">Veer Cruiser<\/b> garantiza que cada salida familiar sea una aventura inolvidable.   <\/p>\n","protected":false},"excerpt":{"rendered":"<p>Alquila el <b data-path-to-node=\"1\" data-index-in-node=\"9\">Veer Cruiser<\/b>, el primer \u00abcrossover todoterreno\u00bb del mundo que combina la funcionalidad de un <b data-path-to-node=\"1\" data-index-in-node=\"110\">cochecito<\/b> de alta gama con la diversi\u00f3n y la resistencia de una carretilla.<\/p>\n","protected":false},"featured_media":3956,"comment_status":"closed","ping_status":"closed","template":"","meta":[],"product_brand":[],"product_cat":[385],"product_tag":[],"class_list":{"0":"post-5958","1":"product","2":"type-product","3":"status-publish","4":"has-post-thumbnail","6":"product_cat-carrito-para-ninos","8":"first","9":"instock","10":"shipping-taxable","11":"purchasable","12":"product-type-simple"},"_links":{"self":[{"href":"https:\/\/istanbulstroller.com\/es\/wp-json\/wp\/v2\/product\/5958","targetHints":{"allow":["GET"]}}],"collection":[{"href":"https:\/\/istanbulstroller.com\/es\/wp-json\/wp\/v2\/product"}],"about":[{"href":"https:\/\/istanbulstroller.com\/es\/wp-json\/wp\/v2\/types\/product"}],"replies":[{"embeddable":true,"href":"https:\/\/istanbulstroller.com\/es\/wp-json\/wp\/v2\/comments?post=5958"}],"version-history":[{"count":0,"href":"https:\/\/istanbulstroller.com\/es\/wp-json\/wp\/v2\/product\/5958\/revisions"}],"wp:featuredmedia":[{"embeddable":true,"href":"https:\/\/istanbulstroller.com\/es\/wp-json\/wp\/v2\/media\/3956"}],"wp:attachment":[{"href":"https:\/\/istanbulstroller.com\/es\/wp-json\/wp\/v2\/media?parent=5958"}],"wp:term":[{"taxonomy":"product_brand","embeddable":true,"href":"https:\/\/istanbulstroller.com\/es\/wp-json\/wp\/v2\/product_brand?post=5958"},{"taxonomy":"product_cat","embeddable":true,"href":"https:\/\/istanbulstroller.com\/es\/wp-json\/wp\/v2\/product_cat?post=5958"},{"taxonomy":"product_tag","embeddable":true,"href":"https:\/\/istanbulstroller.com\/es\/wp-json\/wp\/v2\/product_tag?post=5958"}],"curies":[{"name":"wp","href":"https:\/\/api.w.org\/{rel}","templated":true}]}}