{"id":5967,"date":"2026-03-24T16:25:52","date_gmt":"2026-03-24T16:25:52","guid":{"rendered":"https:\/\/istanbulstroller.com\/product\/cuna-para-madre-y-bebe-bagi-sleepod\/"},"modified":"2026-03-24T16:25:52","modified_gmt":"2026-03-24T16:25:52","slug":"cuna-para-madre-y-bebe-bagi-sleepod","status":"publish","type":"product","link":"https:\/\/istanbulstroller.com\/es\/producto\/cuna-para-madre-y-bebe-bagi-sleepod\/","title":{"rendered":"Cuna para madre y beb\u00e9 Bagi Sleepod"},"content":{"rendered":"<h2 data-path-to-node=\"0\">Cuna 4 en 1 Bagi Sleepod: moderna y vers\u00e1til<\/h2>\n<p data-path-to-node=\"1\">Alquila la cuna <b data-path-to-node=\"1\" data-index-in-node=\"9\">Bagi Sleepod<\/b>, una elegante cuna 4 en 1 dise\u00f1ada para crecer con tu hijo desde el nacimiento hasta los 3 a\u00f1os. Este vers\u00e1til sistema funciona como cuna de cabecera con 6 niveles de altura, cuna independiente, mecedora relajante y, finalmente, parque de juegos seguro para ni\u00f1os peque\u00f1os. Con laterales de malla transpirable, una posici\u00f3n inclinada antirreflujo y un mosquitero integrado con dosel, garantiza un entorno seguro y c\u00f3modo en cualquier \u00e9poca del a\u00f1o. Con sus ruedas bloqueables para facilitar el desplazamiento de una habitaci\u00f3n a otra y una superficie de descanso compacta de <b data-path-to-node=\"1\" data-index-in-node=\"40\">81 x 48 cm<\/b>, esta cuna es la soluci\u00f3n de alquiler todo en uno definitiva para los padres modernos.   <\/p>\n","protected":false},"excerpt":{"rendered":"<p>Alquila la cuna <b data-path-to-node=\"1\" data-index-in-node=\"9\">Bagi Sleepod<\/b>, una elegante cuna <b data-path-to-node=\"1\" data-index-in-node=\"40\">4 en 1 dise\u00f1ada<\/b> para acompa\u00f1ar el crecimiento de tu hijo desde el nacimiento hasta los 3 a\u00f1os.<\/p>\n","protected":false},"featured_media":5974,"comment_status":"closed","ping_status":"closed","template":"","meta":[],"product_brand":[],"product_cat":[389],"product_tag":[],"class_list":{"0":"post-5967","1":"product","2":"type-product","3":"status-publish","4":"has-post-thumbnail","6":"product_cat-cuna","8":"first","9":"instock","10":"shipping-taxable","11":"product-type-simple"},"_links":{"self":[{"href":"https:\/\/istanbulstroller.com\/es\/wp-json\/wp\/v2\/product\/5967","targetHints":{"allow":["GET"]}}],"collection":[{"href":"https:\/\/istanbulstroller.com\/es\/wp-json\/wp\/v2\/product"}],"about":[{"href":"https:\/\/istanbulstroller.com\/es\/wp-json\/wp\/v2\/types\/product"}],"replies":[{"embeddable":true,"href":"https:\/\/istanbulstroller.com\/es\/wp-json\/wp\/v2\/comments?post=5967"}],"version-history":[{"count":0,"href":"https:\/\/istanbulstroller.com\/es\/wp-json\/wp\/v2\/product\/5967\/revisions"}],"wp:featuredmedia":[{"embeddable":true,"href":"https:\/\/istanbulstroller.com\/es\/wp-json\/wp\/v2\/media\/5974"}],"wp:attachment":[{"href":"https:\/\/istanbulstroller.com\/es\/wp-json\/wp\/v2\/media?parent=5967"}],"wp:term":[{"taxonomy":"product_brand","embeddable":true,"href":"https:\/\/istanbulstroller.com\/es\/wp-json\/wp\/v2\/product_brand?post=5967"},{"taxonomy":"product_cat","embeddable":true,"href":"https:\/\/istanbulstroller.com\/es\/wp-json\/wp\/v2\/product_cat?post=5967"},{"taxonomy":"product_tag","embeddable":true,"href":"https:\/\/istanbulstroller.com\/es\/wp-json\/wp\/v2\/product_tag?post=5967"}],"curies":[{"name":"wp","href":"https:\/\/api.w.org\/{rel}","templated":true}]}}