{"id":5976,"date":"2026-03-24T16:08:37","date_gmt":"2026-03-24T16:08:37","guid":{"rendered":"https:\/\/istanbulstroller.com\/product\/cuna-para-bebe-kanz-love\/"},"modified":"2026-03-24T16:08:37","modified_gmt":"2026-03-24T16:08:37","slug":"cuna-para-bebe-kanz-love","status":"publish","type":"product","link":"https:\/\/istanbulstroller.com\/es\/producto\/cuna-para-bebe-kanz-love\/","title":{"rendered":"Cuna para beb\u00e9 Kanz Love"},"content":{"rendered":"<h2 data-path-to-node=\"0\">Cuna para beb\u00e9s Kanz Love: vers\u00e1til y port\u00e1til<\/h2>\n<p data-path-to-node=\"1\">Alquila la cuna <b data-path-to-node=\"1\" data-index-in-node=\"9\">Kanz Love Baby<\/b> para disfrutar de un espacio pr\u00e1ctico y seguro donde tu peque\u00f1o pueda dormir o jugar. Esta <b data-path-to-node=\"1\" data-index-in-node=\"121\">cuna multifuncional<\/b> tambi\u00e9n sirve como parque infantil e incorpora un modo de suave balanceo para ayudar a que tu beb\u00e9 se duerma.  Con un chasis resistente y ligero de 8 kg y una amplia capacidad de carga de 20 kg, est\u00e1 dise\u00f1ada para un uso prolongado desde la primera infancia. Su mecanismo de plegado sencillo y sus dimensiones de 70 x 110 cm convierten a esta cuna en una opci\u00f3n ideal de alquiler para familias que necesitan una soluci\u00f3n c\u00f3moda y port\u00e1til, tanto para el hogar como para viajar. <\/p>\n","protected":false},"excerpt":{"rendered":"<p>Alquila la cuna <b data-path-to-node=\"1\" data-index-in-node=\"9\">Kanz Love Baby<\/b> para disfrutar de un espacio pr\u00e1ctico y seguro donde tu peque\u00f1o pueda dormir o jugar. Esta <b data-path-to-node=\"1\" data-index-in-node=\"121\">cuna multifuncional<\/b> tambi\u00e9n sirve como parque infantil e incorpora un modo de suave balanceo para ayudar a que tu beb\u00e9 se duerma. <\/p>\n","protected":false},"featured_media":5982,"comment_status":"closed","ping_status":"closed","template":"","meta":[],"product_brand":[],"product_cat":[389],"product_tag":[],"class_list":{"0":"post-5976","1":"product","2":"type-product","3":"status-publish","4":"has-post-thumbnail","6":"product_cat-cuna","8":"first","9":"instock","10":"shipping-taxable","11":"product-type-simple"},"_links":{"self":[{"href":"https:\/\/istanbulstroller.com\/es\/wp-json\/wp\/v2\/product\/5976","targetHints":{"allow":["GET"]}}],"collection":[{"href":"https:\/\/istanbulstroller.com\/es\/wp-json\/wp\/v2\/product"}],"about":[{"href":"https:\/\/istanbulstroller.com\/es\/wp-json\/wp\/v2\/types\/product"}],"replies":[{"embeddable":true,"href":"https:\/\/istanbulstroller.com\/es\/wp-json\/wp\/v2\/comments?post=5976"}],"version-history":[{"count":0,"href":"https:\/\/istanbulstroller.com\/es\/wp-json\/wp\/v2\/product\/5976\/revisions"}],"wp:featuredmedia":[{"embeddable":true,"href":"https:\/\/istanbulstroller.com\/es\/wp-json\/wp\/v2\/media\/5982"}],"wp:attachment":[{"href":"https:\/\/istanbulstroller.com\/es\/wp-json\/wp\/v2\/media?parent=5976"}],"wp:term":[{"taxonomy":"product_brand","embeddable":true,"href":"https:\/\/istanbulstroller.com\/es\/wp-json\/wp\/v2\/product_brand?post=5976"},{"taxonomy":"product_cat","embeddable":true,"href":"https:\/\/istanbulstroller.com\/es\/wp-json\/wp\/v2\/product_cat?post=5976"},{"taxonomy":"product_tag","embeddable":true,"href":"https:\/\/istanbulstroller.com\/es\/wp-json\/wp\/v2\/product_tag?post=5976"}],"curies":[{"name":"wp","href":"https:\/\/api.w.org\/{rel}","templated":true}]}}