{"id":5983,"date":"2026-03-24T13:46:41","date_gmt":"2026-03-24T13:46:41","guid":{"rendered":"https:\/\/istanbulstroller.com\/product\/columpio-electrico-portatil-para-bebes-kraft-sway\/"},"modified":"2026-03-24T13:46:41","modified_gmt":"2026-03-24T13:46:41","slug":"columpio-electrico-portatil-para-bebes-kraft-sway","status":"publish","type":"product","link":"https:\/\/istanbulstroller.com\/es\/producto\/columpio-electrico-portatil-para-bebes-kraft-sway\/","title":{"rendered":"Columpio el\u00e9ctrico port\u00e1til para beb\u00e9s Kraft Sway"},"content":{"rendered":"<h2 data-path-to-node=\"0\">Kraft Sway &#8211; Columpio el\u00e9ctrico port\u00e1til para beb\u00e9s<\/h2>\n<p data-path-to-node=\"1\">Alquila el columpio el\u00e9ctrico para beb\u00e9s <b data-path-to-node=\"1\" data-index-in-node=\"9\">Kraft Sway<\/b> y disfruta de una experiencia relajante de alta tecnolog\u00eda que imita el movimiento natural de balanceo de una madre. Apto desde el nacimiento hasta los 10 kg, este innovador columpio para beb\u00e9s cuenta con un asiento reversible que se puede transformar en un capazo port\u00e1til, lo que ofrece una gran versatilidad a largo plazo. Con 5 modos de balanceo \u00fanicos, 3 ajustes de velocidad y 12 melod\u00edas relajantes, puedes personalizar f\u00e1cilmente el entorno a trav\u00e9s de la elegante pantalla t\u00e1ctil digital. Su dise\u00f1o ligero, de <b data-path-to-node=\"1\" data-index-in-node=\"172\">8,2 kg<\/b>, y su montaje sin herramientas la convierten en una opci\u00f3n de alquiler ideal para padres que buscan comodidad, seguridad y comodidad moderna en un solo paquete port\u00e1til.   <\/p>\n","protected":false},"excerpt":{"rendered":"<p>Alquila el columpio el\u00e9ctrico para beb\u00e9s <b data-path-to-node=\"1\" data-index-in-node=\"9\">Kraft Sway<\/b> y disfruta de una experiencia relajante de \u00faltima generaci\u00f3n que imita el movimiento natural de balanceo de una madre.<\/p>\n","protected":false},"featured_media":5984,"comment_status":"open","ping_status":"closed","template":"","meta":[],"product_brand":[],"product_cat":[396,395],"product_tag":[],"class_list":{"0":"post-5983","1":"product","2":"type-product","3":"status-publish","4":"has-post-thumbnail","6":"product_cat-columpio-para-bebes","7":"product_cat-hamaca-para-bebes","9":"first","10":"instock","11":"shipping-taxable","12":"product-type-simple"},"_links":{"self":[{"href":"https:\/\/istanbulstroller.com\/es\/wp-json\/wp\/v2\/product\/5983","targetHints":{"allow":["GET"]}}],"collection":[{"href":"https:\/\/istanbulstroller.com\/es\/wp-json\/wp\/v2\/product"}],"about":[{"href":"https:\/\/istanbulstroller.com\/es\/wp-json\/wp\/v2\/types\/product"}],"replies":[{"embeddable":true,"href":"https:\/\/istanbulstroller.com\/es\/wp-json\/wp\/v2\/comments?post=5983"}],"version-history":[{"count":0,"href":"https:\/\/istanbulstroller.com\/es\/wp-json\/wp\/v2\/product\/5983\/revisions"}],"wp:featuredmedia":[{"embeddable":true,"href":"https:\/\/istanbulstroller.com\/es\/wp-json\/wp\/v2\/media\/5984"}],"wp:attachment":[{"href":"https:\/\/istanbulstroller.com\/es\/wp-json\/wp\/v2\/media?parent=5983"}],"wp:term":[{"taxonomy":"product_brand","embeddable":true,"href":"https:\/\/istanbulstroller.com\/es\/wp-json\/wp\/v2\/product_brand?post=5983"},{"taxonomy":"product_cat","embeddable":true,"href":"https:\/\/istanbulstroller.com\/es\/wp-json\/wp\/v2\/product_cat?post=5983"},{"taxonomy":"product_tag","embeddable":true,"href":"https:\/\/istanbulstroller.com\/es\/wp-json\/wp\/v2\/product_tag?post=5983"}],"curies":[{"name":"wp","href":"https:\/\/api.w.org\/{rel}","templated":true}]}}