{"id":5990,"date":"2026-03-24T13:31:25","date_gmt":"2026-03-24T13:31:25","guid":{"rendered":"https:\/\/istanbulstroller.com\/product\/silla-de-bebe-chicco-rhythmn-sound\/"},"modified":"2026-03-24T13:31:25","modified_gmt":"2026-03-24T13:31:25","slug":"silla-de-bebe-chicco-rhythmn-sound","status":"publish","type":"product","link":"https:\/\/istanbulstroller.com\/es\/producto\/silla-de-bebe-chicco-rhythmn-sound\/","title":{"rendered":"Silla de beb\u00e9 Chicco RhythmN Sound"},"content":{"rendered":"<h2 data-path-to-node=\"0\">Chicco Rhythm&#8217;N&#8217;Sound: relajante movimiento de lado a lado<\/h2>\n<p data-path-to-node=\"1\">Alquila la hamaca <b data-path-to-node=\"1\" data-index-in-node=\"9\">Chicco Rhythm&#8217;N<\/b>&#8216; Sound, una moderna y elegante hamaca para beb\u00e9s dise\u00f1ada para calmar a tu peque\u00f1o con un suave movimiento oscilante de lado a lado. Apto desde el nacimiento hasta los 9 kg, este innovador asiento cuenta con dos posiciones de reclinaci\u00f3n y una selecci\u00f3n de sonidos de la naturaleza y suaves melod\u00edas para mantener a tu beb\u00e9 relajado y entretenido. Su dise\u00f1o compacto y plegable lo hace incre\u00edblemente f\u00e1cil de guardar o transportar, mientras que el arn\u00e9s de seguridad de 5 puntos garantiza la m\u00e1xima seguridad. Alimentada por USB o pilas, esta hamaca para beb\u00e9s es una opci\u00f3n de alquiler vers\u00e1til y elegante para los padres que buscan proporcionar a su beb\u00e9 un lugar tranquilo para descansar.   <\/p>\n","protected":false},"excerpt":{"rendered":"<p>Alquila la hamaca <b data-path-to-node=\"1\" data-index-in-node=\"9\">Chicco Rhythm&#8217;N&#8217; Sound<\/b>, una moderna y elegante hamaca para beb\u00e9s dise\u00f1ada para calmar a tu peque\u00f1o con un suave movimiento de balanceo de lado a lado.<\/p>\n","protected":false},"featured_media":5993,"comment_status":"open","ping_status":"closed","template":"","meta":[],"product_brand":[],"product_cat":[396,395],"product_tag":[],"class_list":{"0":"post-5990","1":"product","2":"type-product","3":"status-publish","4":"has-post-thumbnail","6":"product_cat-columpio-para-bebes","7":"product_cat-hamaca-para-bebes","9":"first","10":"instock","11":"shipping-taxable","12":"product-type-simple"},"_links":{"self":[{"href":"https:\/\/istanbulstroller.com\/es\/wp-json\/wp\/v2\/product\/5990","targetHints":{"allow":["GET"]}}],"collection":[{"href":"https:\/\/istanbulstroller.com\/es\/wp-json\/wp\/v2\/product"}],"about":[{"href":"https:\/\/istanbulstroller.com\/es\/wp-json\/wp\/v2\/types\/product"}],"replies":[{"embeddable":true,"href":"https:\/\/istanbulstroller.com\/es\/wp-json\/wp\/v2\/comments?post=5990"}],"version-history":[{"count":0,"href":"https:\/\/istanbulstroller.com\/es\/wp-json\/wp\/v2\/product\/5990\/revisions"}],"wp:featuredmedia":[{"embeddable":true,"href":"https:\/\/istanbulstroller.com\/es\/wp-json\/wp\/v2\/media\/5993"}],"wp:attachment":[{"href":"https:\/\/istanbulstroller.com\/es\/wp-json\/wp\/v2\/media?parent=5990"}],"wp:term":[{"taxonomy":"product_brand","embeddable":true,"href":"https:\/\/istanbulstroller.com\/es\/wp-json\/wp\/v2\/product_brand?post=5990"},{"taxonomy":"product_cat","embeddable":true,"href":"https:\/\/istanbulstroller.com\/es\/wp-json\/wp\/v2\/product_cat?post=5990"},{"taxonomy":"product_tag","embeddable":true,"href":"https:\/\/istanbulstroller.com\/es\/wp-json\/wp\/v2\/product_tag?post=5990"}],"curies":[{"name":"wp","href":"https:\/\/api.w.org\/{rel}","templated":true}]}}