{"id":5998,"date":"2026-03-24T13:21:15","date_gmt":"2026-03-24T13:21:15","guid":{"rendered":"https:\/\/istanbulstroller.com\/product\/mochila-portabebes-chicco-easyfit-kangaroo\/"},"modified":"2026-03-24T13:21:15","modified_gmt":"2026-03-24T13:21:15","slug":"mochila-portabebes-chicco-easyfit-kangaroo","status":"publish","type":"product","link":"https:\/\/istanbulstroller.com\/es\/producto\/mochila-portabebes-chicco-easyfit-kangaroo\/","title":{"rendered":"Mochila portabeb\u00e9s Chicco Easyfit Kangaroo"},"content":{"rendered":"<h2 data-path-to-node=\"0\">Chicco Easyfit: transporte sencillo e intuitivo<\/h2>\n<p data-path-to-node=\"1\">Alquila el <b data-path-to-node=\"1\" data-index-in-node=\"9\">Chicco Easyfit<\/b>, un portabeb\u00e9s ligero y f\u00e1cil de llevar, dise\u00f1ado para reci\u00e9n nacidos de hasta 9 kg. Este portabeb\u00e9s, muy f\u00e1cil de usar, garantiza la posici\u00f3n ergon\u00f3mica correcta en \u00abM\u00bb para el desarrollo saludable de las caderas y la columna vertebral de tu beb\u00e9, proporcion\u00e1ndole un entorno seguro y acogedor desde el primer d\u00eda. Su tejido suave y transpirable evita el exceso de calor, mientras que el sistema de correas y hebillas ajustables permite un ajuste perfecto a cualquier tipo de complexi\u00f3n. Con la posibilidad de cambiar entre la posici\u00f3n mirando hacia los padres y la posici\u00f3n mirando hacia fuera, este portabeb\u00e9s es una opci\u00f3n de alquiler pr\u00e1ctica, compacta y c\u00f3moda para viajes cortos y recados diarios.   <\/p>\n","protected":false},"excerpt":{"rendered":"<p>Alquila el <b data-path-to-node=\"1\" data-index-in-node=\"9\">Chicco Easyfit<\/b>, un portabeb\u00e9s ligero y f\u00e1cil de llevar, dise\u00f1ado para reci\u00e9n nacidos de hasta <b data-path-to-node=\"1\" data-index-in-node=\"56\">9 kg<\/b>.<\/p>\n","protected":false},"featured_media":6004,"comment_status":"closed","ping_status":"closed","template":"","meta":[],"product_brand":[],"product_cat":[398,397],"product_tag":[],"class_list":{"0":"post-5998","1":"product","2":"type-product","3":"status-publish","4":"has-post-thumbnail","6":"product_cat-canguro-bebe","7":"product_cat-mochila-portabebes","9":"first","10":"instock","11":"shipping-taxable","12":"product-type-simple"},"_links":{"self":[{"href":"https:\/\/istanbulstroller.com\/es\/wp-json\/wp\/v2\/product\/5998","targetHints":{"allow":["GET"]}}],"collection":[{"href":"https:\/\/istanbulstroller.com\/es\/wp-json\/wp\/v2\/product"}],"about":[{"href":"https:\/\/istanbulstroller.com\/es\/wp-json\/wp\/v2\/types\/product"}],"replies":[{"embeddable":true,"href":"https:\/\/istanbulstroller.com\/es\/wp-json\/wp\/v2\/comments?post=5998"}],"version-history":[{"count":0,"href":"https:\/\/istanbulstroller.com\/es\/wp-json\/wp\/v2\/product\/5998\/revisions"}],"wp:featuredmedia":[{"embeddable":true,"href":"https:\/\/istanbulstroller.com\/es\/wp-json\/wp\/v2\/media\/6004"}],"wp:attachment":[{"href":"https:\/\/istanbulstroller.com\/es\/wp-json\/wp\/v2\/media?parent=5998"}],"wp:term":[{"taxonomy":"product_brand","embeddable":true,"href":"https:\/\/istanbulstroller.com\/es\/wp-json\/wp\/v2\/product_brand?post=5998"},{"taxonomy":"product_cat","embeddable":true,"href":"https:\/\/istanbulstroller.com\/es\/wp-json\/wp\/v2\/product_cat?post=5998"},{"taxonomy":"product_tag","embeddable":true,"href":"https:\/\/istanbulstroller.com\/es\/wp-json\/wp\/v2\/product_tag?post=5998"}],"curies":[{"name":"wp","href":"https:\/\/api.w.org\/{rel}","templated":true}]}}