{"id":6005,"date":"2026-03-24T12:43:31","date_gmt":"2026-03-24T12:43:31","guid":{"rendered":"https:\/\/istanbulstroller.com\/product\/mochila-portabebes-babybjorn-move-kangaroo\/"},"modified":"2026-03-24T12:43:31","modified_gmt":"2026-03-24T12:43:31","slug":"mochila-portabebes-babybjorn-move-kangaroo","status":"publish","type":"product","link":"https:\/\/istanbulstroller.com\/es\/producto\/mochila-portabebes-babybjorn-move-kangaroo\/","title":{"rendered":"Mochila portabeb\u00e9s BabyBj\u00f6rn Move Kangaroo"},"content":{"rendered":"<h2 data-path-to-node=\"0\">BabyBj\u00f6rn Move: soporte ergon\u00f3mico desde el primer d\u00eda<\/h2>\n<p data-path-to-node=\"1\">Alquila el <b data-path-to-node=\"1\" data-index-in-node=\"9\">BabyBj\u00f6rn Move<\/b>, un portabeb\u00e9s homologado por el Instituto Internacional de Displasia de Cadera y dise\u00f1ado para proporcionar un soporte \u00f3ptimo para la cabeza, la espalda y las caderas de tu reci\u00e9n nacido. Fabricado con malla 3D transpirable, mantiene frescos tanto a ti como a tu beb\u00e9, al tiempo que garantiza la protecci\u00f3n de la \u00abcurva en C\u00bb natural de su columna vertebral. Este vers\u00e1til portabeb\u00e9s ofrece cuatro posiciones de transporte diferentes a medida que tu hijo crece, desde el reci\u00e9n nacido mirando hacia dentro hasta el ni\u00f1o peque\u00f1o a la espalda, con un peso de <b data-path-to-node=\"1\" data-index-in-node=\"75\">hasta 15 kg<\/b>. Con sus tirantes acolchados, su cintur\u00f3n de presi\u00f3n y sus hebillas silenciosas y f\u00e1ciles de usar, es la opci\u00f3n de alquiler perfecta para los padres que buscan la m\u00e1xima comodidad y la seguridad de la ingenier\u00eda sueca para largos paseos o viajes.   <\/p>\n","protected":false},"excerpt":{"rendered":"<p>Alquila el<b data-path-to-node=\"1\" data-index-in-node=\"9\"> BabyBj\u00f6rn Move<\/b>, un portabeb\u00e9s homologado por el Instituto Internacional de Displasia de Cadera y dise\u00f1ado para ofrecer un soporte \u00f3ptimo para la cabeza, la espalda y las caderas de tu reci\u00e9n nacido.<\/p>\n","protected":false},"featured_media":6010,"comment_status":"closed","ping_status":"closed","template":"","meta":[],"product_brand":[],"product_cat":[398,397],"product_tag":[],"class_list":{"0":"post-6005","1":"product","2":"type-product","3":"status-publish","4":"has-post-thumbnail","6":"product_cat-canguro-bebe","7":"product_cat-mochila-portabebes","9":"first","10":"instock","11":"shipping-taxable","12":"product-type-simple"},"_links":{"self":[{"href":"https:\/\/istanbulstroller.com\/es\/wp-json\/wp\/v2\/product\/6005","targetHints":{"allow":["GET"]}}],"collection":[{"href":"https:\/\/istanbulstroller.com\/es\/wp-json\/wp\/v2\/product"}],"about":[{"href":"https:\/\/istanbulstroller.com\/es\/wp-json\/wp\/v2\/types\/product"}],"replies":[{"embeddable":true,"href":"https:\/\/istanbulstroller.com\/es\/wp-json\/wp\/v2\/comments?post=6005"}],"version-history":[{"count":0,"href":"https:\/\/istanbulstroller.com\/es\/wp-json\/wp\/v2\/product\/6005\/revisions"}],"wp:featuredmedia":[{"embeddable":true,"href":"https:\/\/istanbulstroller.com\/es\/wp-json\/wp\/v2\/media\/6010"}],"wp:attachment":[{"href":"https:\/\/istanbulstroller.com\/es\/wp-json\/wp\/v2\/media?parent=6005"}],"wp:term":[{"taxonomy":"product_brand","embeddable":true,"href":"https:\/\/istanbulstroller.com\/es\/wp-json\/wp\/v2\/product_brand?post=6005"},{"taxonomy":"product_cat","embeddable":true,"href":"https:\/\/istanbulstroller.com\/es\/wp-json\/wp\/v2\/product_cat?post=6005"},{"taxonomy":"product_tag","embeddable":true,"href":"https:\/\/istanbulstroller.com\/es\/wp-json\/wp\/v2\/product_tag?post=6005"}],"curies":[{"name":"wp","href":"https:\/\/api.w.org\/{rel}","templated":true}]}}