{"id":6666,"date":"2026-03-24T10:05:38","date_gmt":"2026-03-24T10:05:38","guid":{"rendered":"https:\/\/istanbulstroller.com\/product\/cochecito-cybex-eezy-s-twist\/"},"modified":"2026-03-24T10:05:38","modified_gmt":"2026-03-24T10:05:38","slug":"cochecito-cybex-eezy-s-twist","status":"publish","type":"product","link":"https:\/\/istanbulstroller.com\/es\/producto\/cochecito-cybex-eezy-s-twist\/","title":{"rendered":"Cochecito Cybex Eezy S Twist"},"content":{"rendered":"<h2 data-path-to-node=\"0\">Cybex Eezy S Twist: lujo con rotaci\u00f3n de 360\u00b0<\/h2>\n<p data-path-to-node=\"1\">Alquila el <b data-path-to-node=\"1\" data-index-in-node=\"9\">Cybex Eezy S Twist<\/b> y disfruta de una experiencia de viaje revolucionaria gracias a su exclusivo asiento giratorio de 360\u00b0 que te permite cambiar la orientaci\u00f3n de tu beb\u00e9 con una sola mano. Este cochecito de alta gama, con dimensiones aptas para el avi\u00f3n, es adecuado desde el nacimiento hasta los 22 kg y ofrece tres posiciones de reclinaci\u00f3n, incluido un modo totalmente horizontal para que tu beb\u00e9 duerma c\u00f3modamente.  Dise\u00f1ado para moverse con agilidad por la ciudad y viajar en avi\u00f3n, cuenta con un sistema de suspensi\u00f3n independiente en las cuatro ruedas y un sistema de plegado compacto con una sola mano que permite que se mantenga en pie por s\u00ed solo. Con su capota XXL y sus tejidos transpirables, este cochecito es la mejor opci\u00f3n de alquiler para los padres que buscan lujo, seguridad y una maniobrabilidad sin esfuerzo, todo ello en un dise\u00f1o ligero. <\/p>\n","protected":false},"excerpt":{"rendered":"<p>Alquila el <b data-path-to-node=\"1\" data-index-in-node=\"9\">Cybex Eezy S Twist<\/b> y disfruta de una experiencia de viaje revolucionaria gracias a su exclusivo asiento giratorio de 360\u00b0 que te permite cambiar la orientaci\u00f3n de tu beb\u00e9 con una sola mano. Este cochecito de alta gama, con dimensiones aptas para el avi\u00f3n, es adecuado desde el nacimiento hasta los 22 kg y ofrece tres posiciones de reclinaci\u00f3n, incluido un modo totalmente horizontal para que tu beb\u00e9 duerma c\u00f3modamente. <\/p>\n","protected":false},"featured_media":6673,"comment_status":"closed","ping_status":"closed","template":"","meta":[],"product_brand":[],"product_cat":[427],"product_tag":[],"class_list":{"0":"post-6666","1":"product","2":"type-product","3":"status-publish","4":"has-post-thumbnail","6":"product_cat-cochecito-de-viaje","8":"first","9":"instock","10":"featured","11":"shipping-taxable","12":"product-type-simple"},"_links":{"self":[{"href":"https:\/\/istanbulstroller.com\/es\/wp-json\/wp\/v2\/product\/6666","targetHints":{"allow":["GET"]}}],"collection":[{"href":"https:\/\/istanbulstroller.com\/es\/wp-json\/wp\/v2\/product"}],"about":[{"href":"https:\/\/istanbulstroller.com\/es\/wp-json\/wp\/v2\/types\/product"}],"replies":[{"embeddable":true,"href":"https:\/\/istanbulstroller.com\/es\/wp-json\/wp\/v2\/comments?post=6666"}],"version-history":[{"count":0,"href":"https:\/\/istanbulstroller.com\/es\/wp-json\/wp\/v2\/product\/6666\/revisions"}],"wp:featuredmedia":[{"embeddable":true,"href":"https:\/\/istanbulstroller.com\/es\/wp-json\/wp\/v2\/media\/6673"}],"wp:attachment":[{"href":"https:\/\/istanbulstroller.com\/es\/wp-json\/wp\/v2\/media?parent=6666"}],"wp:term":[{"taxonomy":"product_brand","embeddable":true,"href":"https:\/\/istanbulstroller.com\/es\/wp-json\/wp\/v2\/product_brand?post=6666"},{"taxonomy":"product_cat","embeddable":true,"href":"https:\/\/istanbulstroller.com\/es\/wp-json\/wp\/v2\/product_cat?post=6666"},{"taxonomy":"product_tag","embeddable":true,"href":"https:\/\/istanbulstroller.com\/es\/wp-json\/wp\/v2\/product_tag?post=6666"}],"curies":[{"name":"wp","href":"https:\/\/api.w.org\/{rel}","templated":true}]}}