{"id":6676,"date":"2026-03-24T09:34:16","date_gmt":"2026-03-24T09:34:16","guid":{"rendered":"https:\/\/istanbulstroller.com\/product\/cochecito-plegable-xiaomi-mitu\/"},"modified":"2026-03-24T09:34:16","modified_gmt":"2026-03-24T09:34:16","slug":"cochecito-plegable-xiaomi-mitu","status":"publish","type":"product","link":"https:\/\/istanbulstroller.com\/es\/producto\/cochecito-plegable-xiaomi-mitu\/","title":{"rendered":"Cochecito plegable Xiaomi Mitu"},"content":{"rendered":"<h2 data-path-to-node=\"0\">Cochecito plegable Xiaomi Mitu: minimalista y suave<\/h2>\n<p data-path-to-node=\"1\">Alquila el <b data-path-to-node=\"1\" data-index-in-node=\"9\">cochecito plegable Xiaomi Mitu<\/b> para disfrutar de una experiencia de viaje minimalista y de alta tecnolog\u00eda, dise\u00f1ada para padres urbanos. Este cochecito ultraligero cuenta con un chasis de aleaci\u00f3n de aluminio de alta resistencia y un dise\u00f1o de articulaci\u00f3n mec\u00e1nica que permite plegarlo sin esfuerzo y de forma compacta.  Equipado con ruedas de espuma de poliuretano no t\u00f3xica de 15 cm y un sistema de amortiguaci\u00f3n independiente en las cuatro ruedas, reduce considerablemente las vibraciones del suelo para ofrecer un desplazamiento estable y suave. Con su opci\u00f3n de asiento reversible, protecci\u00f3n solar de grado profesional con factor de protecci\u00f3n UPF 50+ y tejidos transpirables y lavables, este cochecito es la opci\u00f3n de alquiler perfecta para ni\u00f1os de hasta 15 kg que buscan comodidad y seguridad modernas. <\/p>\n","protected":false},"excerpt":{"rendered":"<p>Alquila el <b data-path-to-node=\"1\" data-index-in-node=\"9\">cochecito plegable Xiaomi Mitu<\/b> para disfrutar de una experiencia de viaje minimalista y de alta tecnolog\u00eda, dise\u00f1ada para padres urbanos. Este cochecito ultraligero cuenta con un chasis de aleaci\u00f3n de aluminio de alta resistencia y un dise\u00f1o de articulaci\u00f3n mec\u00e1nica que permite plegarlo sin esfuerzo y de forma compacta. <\/p>\n","protected":false},"featured_media":6681,"comment_status":"closed","ping_status":"closed","template":"","meta":[],"product_brand":[],"product_cat":[427],"product_tag":[],"class_list":{"0":"post-6676","1":"product","2":"type-product","3":"status-publish","4":"has-post-thumbnail","6":"product_cat-cochecito-de-viaje","8":"first","9":"instock","10":"featured","11":"shipping-taxable","12":"product-type-simple"},"_links":{"self":[{"href":"https:\/\/istanbulstroller.com\/es\/wp-json\/wp\/v2\/product\/6676","targetHints":{"allow":["GET"]}}],"collection":[{"href":"https:\/\/istanbulstroller.com\/es\/wp-json\/wp\/v2\/product"}],"about":[{"href":"https:\/\/istanbulstroller.com\/es\/wp-json\/wp\/v2\/types\/product"}],"replies":[{"embeddable":true,"href":"https:\/\/istanbulstroller.com\/es\/wp-json\/wp\/v2\/comments?post=6676"}],"version-history":[{"count":0,"href":"https:\/\/istanbulstroller.com\/es\/wp-json\/wp\/v2\/product\/6676\/revisions"}],"wp:featuredmedia":[{"embeddable":true,"href":"https:\/\/istanbulstroller.com\/es\/wp-json\/wp\/v2\/media\/6681"}],"wp:attachment":[{"href":"https:\/\/istanbulstroller.com\/es\/wp-json\/wp\/v2\/media?parent=6676"}],"wp:term":[{"taxonomy":"product_brand","embeddable":true,"href":"https:\/\/istanbulstroller.com\/es\/wp-json\/wp\/v2\/product_brand?post=6676"},{"taxonomy":"product_cat","embeddable":true,"href":"https:\/\/istanbulstroller.com\/es\/wp-json\/wp\/v2\/product_cat?post=6676"},{"taxonomy":"product_tag","embeddable":true,"href":"https:\/\/istanbulstroller.com\/es\/wp-json\/wp\/v2\/product_tag?post=6676"}],"curies":[{"name":"wp","href":"https:\/\/api.w.org\/{rel}","templated":true}]}}