{"id":6682,"date":"2026-03-23T15:38:49","date_gmt":"2026-03-23T15:38:49","guid":{"rendered":"https:\/\/istanbulstroller.com\/product\/cochecito-kanz-v-go-2-travel-system\/"},"modified":"2026-03-23T15:38:49","modified_gmt":"2026-03-23T15:38:49","slug":"cochecito-kanz-v-go-2-travel-system","status":"publish","type":"product","link":"https:\/\/istanbulstroller.com\/es\/producto\/cochecito-kanz-v-go-2-travel-system\/","title":{"rendered":"Cochecito Kanz V-GO 2 Travel System"},"content":{"rendered":"<h2 data-path-to-node=\"0\">Sistema de viaje Kanz V-GO 2: elegante y funcional<\/h2>\n<p data-path-to-node=\"1\">Alquila el sistema de viaje <b data-path-to-node=\"1\" data-index-in-node=\"9\">Kanz V-GO 2<\/b>, una soluci\u00f3n vers\u00e1til y resistente dise\u00f1ada pensando tanto en la seguridad como en la comodidad. Esta silla de paseo de alta calidad cuenta con un chasis de aluminio ligero y unidades reversibles que permiten que tu beb\u00e9 vaya mirando hacia ti o hacia el exterior.  Gracias a su mecanismo de plegado compacto con una sola mano y a sus ruedas delanteras con rodamientos de bolas, que garantizan una maniobrabilidad superior, desplazarse por calles concurridas resulta muy sencillo. Cuenta con la certificaci\u00f3n de las normas de seguridad m\u00e1s recientes, EN 1888-2018 e I-Size ECE\/R129, e incluye un asiento reclinable en varias posiciones con un modo totalmente horizontal de 180\u00b0, lo que garantiza un viaje c\u00f3modo desde el nacimiento hasta los 4 a\u00f1os (22 kg). <\/p>\n","protected":false},"excerpt":{"rendered":"<p>Alquila el sistema de viaje <b data-path-to-node=\"1\" data-index-in-node=\"9\">Kanz V-GO 2<\/b>, una soluci\u00f3n vers\u00e1til y resistente dise\u00f1ada pensando tanto en la seguridad como en la comodidad. Esta silla de paseo de alta calidad cuenta con un chasis de aluminio ligero y unidades reversibles que permiten que tu beb\u00e9 vaya mirando hacia ti o hacia el exterior. <\/p>\n","protected":false},"featured_media":6691,"comment_status":"closed","ping_status":"closed","template":"","meta":[],"product_brand":[],"product_cat":[427],"product_tag":[],"class_list":{"0":"post-6682","1":"product","2":"type-product","3":"status-publish","4":"has-post-thumbnail","6":"product_cat-cochecito-de-viaje","8":"first","9":"instock","10":"featured","11":"shipping-taxable","12":"product-type-simple"},"_links":{"self":[{"href":"https:\/\/istanbulstroller.com\/es\/wp-json\/wp\/v2\/product\/6682","targetHints":{"allow":["GET"]}}],"collection":[{"href":"https:\/\/istanbulstroller.com\/es\/wp-json\/wp\/v2\/product"}],"about":[{"href":"https:\/\/istanbulstroller.com\/es\/wp-json\/wp\/v2\/types\/product"}],"replies":[{"embeddable":true,"href":"https:\/\/istanbulstroller.com\/es\/wp-json\/wp\/v2\/comments?post=6682"}],"version-history":[{"count":0,"href":"https:\/\/istanbulstroller.com\/es\/wp-json\/wp\/v2\/product\/6682\/revisions"}],"wp:featuredmedia":[{"embeddable":true,"href":"https:\/\/istanbulstroller.com\/es\/wp-json\/wp\/v2\/media\/6691"}],"wp:attachment":[{"href":"https:\/\/istanbulstroller.com\/es\/wp-json\/wp\/v2\/media?parent=6682"}],"wp:term":[{"taxonomy":"product_brand","embeddable":true,"href":"https:\/\/istanbulstroller.com\/es\/wp-json\/wp\/v2\/product_brand?post=6682"},{"taxonomy":"product_cat","embeddable":true,"href":"https:\/\/istanbulstroller.com\/es\/wp-json\/wp\/v2\/product_cat?post=6682"},{"taxonomy":"product_tag","embeddable":true,"href":"https:\/\/istanbulstroller.com\/es\/wp-json\/wp\/v2\/product_tag?post=6682"}],"curies":[{"name":"wp","href":"https:\/\/api.w.org\/{rel}","templated":true}]}}