{"id":6695,"date":"2026-03-23T14:47:27","date_gmt":"2026-03-23T14:47:27","guid":{"rendered":"https:\/\/istanbulstroller.com\/product\/cochecito-joie-tourist\/"},"modified":"2026-03-23T14:47:27","modified_gmt":"2026-03-23T14:47:27","slug":"cochecito-joie-tourist","status":"publish","type":"product","link":"https:\/\/istanbulstroller.com\/es\/producto\/cochecito-joie-tourist\/","title":{"rendered":"Cochecito Joie Tourist"},"content":{"rendered":"<h2 data-path-to-node=\"0\">Joie Tourist: ultraligera y compacta<\/h2>\n<p data-path-to-node=\"1\">Alquila el <b data-path-to-node=\"1\" data-index-in-node=\"9\">Joie Tourist<\/b>, un cochecito extraordinariamente ligero que pesa solo 5,92 kg, dise\u00f1ado para que viajar con tu beb\u00e9 sea muy sencillo. Este vers\u00e1til cochecito cuenta con un asiento que se reclina hasta quedar completamente plano, apto desde el nacimiento hasta los 15 kg, e incluye adaptadores para acoplar f\u00e1cilmente una silla de coche para beb\u00e9s Joie. Su ingenioso mecanismo de plegado autom\u00e1tico permite que se pliegue hasta convertirse en un paquete compacto y que se mantiene en pie por s\u00ed solo, perfecto para maleteros de coches peque\u00f1os o para el transporte p\u00fablico. Con suspensi\u00f3n en las cuatro ruedas y un manillar regulable en altura, este cochecito garantiza una experiencia suave y c\u00f3moda tanto para los padres como para el ni\u00f1o en cada salida.   <\/p>\n","protected":false},"excerpt":{"rendered":"<p>Alquila el <b data-path-to-node=\"1\" data-index-in-node=\"9\">Joie Tourist<\/b>, un cochecito extraordinariamente ligero que pesa solo <b data-path-to-node=\"1\" data-index-in-node=\"42\">5,92 kg<\/b>, dise\u00f1ado para que viajar con tu beb\u00e9 sea muy f\u00e1cil.<\/p>\n","protected":false},"featured_media":6701,"comment_status":"closed","ping_status":"closed","template":"","meta":[],"product_brand":[],"product_cat":[427],"product_tag":[],"class_list":{"0":"post-6695","1":"product","2":"type-product","3":"status-publish","4":"has-post-thumbnail","6":"product_cat-cochecito-de-viaje","8":"first","9":"instock","10":"shipping-taxable","11":"product-type-simple"},"_links":{"self":[{"href":"https:\/\/istanbulstroller.com\/es\/wp-json\/wp\/v2\/product\/6695","targetHints":{"allow":["GET"]}}],"collection":[{"href":"https:\/\/istanbulstroller.com\/es\/wp-json\/wp\/v2\/product"}],"about":[{"href":"https:\/\/istanbulstroller.com\/es\/wp-json\/wp\/v2\/types\/product"}],"replies":[{"embeddable":true,"href":"https:\/\/istanbulstroller.com\/es\/wp-json\/wp\/v2\/comments?post=6695"}],"version-history":[{"count":0,"href":"https:\/\/istanbulstroller.com\/es\/wp-json\/wp\/v2\/product\/6695\/revisions"}],"wp:featuredmedia":[{"embeddable":true,"href":"https:\/\/istanbulstroller.com\/es\/wp-json\/wp\/v2\/media\/6701"}],"wp:attachment":[{"href":"https:\/\/istanbulstroller.com\/es\/wp-json\/wp\/v2\/media?parent=6695"}],"wp:term":[{"taxonomy":"product_brand","embeddable":true,"href":"https:\/\/istanbulstroller.com\/es\/wp-json\/wp\/v2\/product_brand?post=6695"},{"taxonomy":"product_cat","embeddable":true,"href":"https:\/\/istanbulstroller.com\/es\/wp-json\/wp\/v2\/product_cat?post=6695"},{"taxonomy":"product_tag","embeddable":true,"href":"https:\/\/istanbulstroller.com\/es\/wp-json\/wp\/v2\/product_tag?post=6695"}],"curies":[{"name":"wp","href":"https:\/\/api.w.org\/{rel}","templated":true}]}}