{"id":6702,"date":"2026-03-23T13:24:27","date_gmt":"2026-03-23T13:24:27","guid":{"rendered":"https:\/\/istanbulstroller.com\/product\/mochila-portabebes-kraft-air-cool-kangaroo\/"},"modified":"2026-03-23T13:24:27","modified_gmt":"2026-03-23T13:24:27","slug":"mochila-portabebes-kraft-air-cool-kangaroo","status":"publish","type":"product","link":"https:\/\/istanbulstroller.com\/es\/producto\/mochila-portabebes-kraft-air-cool-kangaroo\/","title":{"rendered":"Mochila portabeb\u00e9s Kraft Air Cool Kangaroo"},"content":{"rendered":"<h2 data-path-to-node=\"0\">Kraft Air Cool &#8211; Mochila portabeb\u00e9s ergon\u00f3mica<\/h2>\n<p data-path-to-node=\"1\">Alquila la mochila portabeb\u00e9s <b data-path-to-node=\"1\" data-index-in-node=\"9\">Kraft Air Cool<\/b> para disfrutar de una experiencia de transporte transpirable y con buen soporte, dise\u00f1ada para beb\u00e9s a partir de los 4 meses y hasta los 15 kg. Esta mochila portabeb\u00e9s ergon\u00f3mica cuenta con un tejido de malla especial para maximizar la circulaci\u00f3n del aire y reducir la sudoraci\u00f3n, mientras que las correas acolchadas para los hombros y el cintur\u00f3n ajustable garantizan una distribuci\u00f3n equilibrada del peso para mayor comodidad de los padres. Favorece la posici\u00f3n saludable en \u00abM\u00bb para el desarrollo de las caderas e incluye un reposacabezas acolchado para proteger el cuello y la cabeza de tu beb\u00e9. Con su dise\u00f1o ampliable y sus dos posiciones de asiento, este portabeb\u00e9s es la opci\u00f3n de alquiler perfecta para familias activas que buscan seguridad y flexibilidad cuando salen de casa.   <\/p>\n","protected":false},"excerpt":{"rendered":"<p>Alquila la mochila portabeb\u00e9s <b data-path-to-node=\"1\" data-index-in-node=\"9\">Kraft Air Cool<\/b> para disfrutar de una experiencia de transporte transpirable y con buen soporte, dise\u00f1ada para beb\u00e9s a partir de los 4 meses y hasta los 15 kg.<\/p>\n","protected":false},"featured_media":6706,"comment_status":"closed","ping_status":"closed","template":"","meta":[],"product_brand":[],"product_cat":[398,397],"product_tag":[],"class_list":{"0":"post-6702","1":"product","2":"type-product","3":"status-publish","4":"has-post-thumbnail","6":"product_cat-canguro-bebe","7":"product_cat-mochila-portabebes","9":"first","10":"instock","11":"shipping-taxable","12":"product-type-simple"},"_links":{"self":[{"href":"https:\/\/istanbulstroller.com\/es\/wp-json\/wp\/v2\/product\/6702","targetHints":{"allow":["GET"]}}],"collection":[{"href":"https:\/\/istanbulstroller.com\/es\/wp-json\/wp\/v2\/product"}],"about":[{"href":"https:\/\/istanbulstroller.com\/es\/wp-json\/wp\/v2\/types\/product"}],"replies":[{"embeddable":true,"href":"https:\/\/istanbulstroller.com\/es\/wp-json\/wp\/v2\/comments?post=6702"}],"version-history":[{"count":0,"href":"https:\/\/istanbulstroller.com\/es\/wp-json\/wp\/v2\/product\/6702\/revisions"}],"wp:featuredmedia":[{"embeddable":true,"href":"https:\/\/istanbulstroller.com\/es\/wp-json\/wp\/v2\/media\/6706"}],"wp:attachment":[{"href":"https:\/\/istanbulstroller.com\/es\/wp-json\/wp\/v2\/media?parent=6702"}],"wp:term":[{"taxonomy":"product_brand","embeddable":true,"href":"https:\/\/istanbulstroller.com\/es\/wp-json\/wp\/v2\/product_brand?post=6702"},{"taxonomy":"product_cat","embeddable":true,"href":"https:\/\/istanbulstroller.com\/es\/wp-json\/wp\/v2\/product_cat?post=6702"},{"taxonomy":"product_tag","embeddable":true,"href":"https:\/\/istanbulstroller.com\/es\/wp-json\/wp\/v2\/product_tag?post=6702"}],"curies":[{"name":"wp","href":"https:\/\/api.w.org\/{rel}","templated":true}]}}